{"id":463053,"date":"2025-05-31T22:55:58","date_gmt":"2025-05-31T20:55:58","guid":{"rendered":"https:\/\/lucacastelli.com\/prodotto\/motomix-eco-5l\/"},"modified":"2025-07-20T23:57:46","modified_gmt":"2025-07-20T21:57:46","slug":"motomix-eco-5l","status":"publish","type":"product","link":"https:\/\/lucacastelli.com\/fr\/produit\/motomix-eco-5l\/","title":{"rendered":"STIHL MotoMix Eco, 5 L"},"content":{"rendered":"<p>Carburant sp\u00e9cial (pr\u00e9m\u00e9lang\u00e9, 1:50) pour tous les moteurs 2 temps STIHL. Moteurs avec une part de 10 % de mati\u00e8res premi\u00e8res issues de sources r\u00e9g\u00e9n\u00e9ratives. \u00c0 l\u2019instar du m\u00e9lange de carburant STIHL MotoMix, il garantit une puissance optimale, les meilleures propri\u00e9t\u00e9s de d\u00e9marrage \u00e0 froid, une acc\u00e9l\u00e9ration maximale sur toute la plage de r\u00e9gime et un comportement de conduite parfait des outils \u00e0 moteur \u00e0 combustion interne, mais permet d\u2019\u00e9conomiser 8 % de CO2 en moins que le STIHL MotoMix classique. Avec STIHL excellente lubrification du moteur et une propret\u00e9 maximale, enti\u00e8rement synth\u00e9tique et biod\u00e9gradable pour des performances et une durabilit\u00e9 optimales. Il ne contient pas d\u2019\u00e9thanol, pratiquement pas d\u2019ol\u00e9fines et d\u2019aromatiques. Dur\u00e9e de conservation \u00e9lev\u00e9e jusqu\u2019\u00e0 5 ans. La cartouche MotoMix ECO est compos\u00e9e d\u2019au moins 50 % de mat\u00e9riaux recycl\u00e9s.<br \/>\n886661726059      <\/p>\n<p>Part des mati\u00e8res premi\u00e8res renouvelables 10<\/p>\n","protected":false},"excerpt":{"rendered":"<p>MotoMix Eco, 5L<\/p>\n","protected":false},"featured_media":423635,"template":"","meta":{"_seopress_robots_primary_cat":"","_seopress_titles_title":"","_seopress_titles_desc":"","_seopress_robots_index":""},"product_brand":[3555],"product_cat":[1435,1441],"product_tag":[3267],"class_list":{"0":"post-463053","1":"product","2":"type-product","3":"status-publish","4":"has-post-thumbnail","6":"product_brand-stihl-fr","7":"product_cat-carburants-et-huiles","8":"product_cat-carburants","9":"product_tag-import-stihl-fr","10":"sws-gruppo-macchinari-fr","11":"sws-conto-ricavi-merci-rivendita-carburante-stihl-fr","12":"sws-gruppo-iva-iva81-fr","14":"first","15":"onbackorder","16":"purchasable","17":"product-type-simple"},"_links":{"self":[{"href":"https:\/\/lucacastelli.com\/fr\/wp-json\/wp\/v2\/product\/463053","targetHints":{"allow":["GET"]}}],"collection":[{"href":"https:\/\/lucacastelli.com\/fr\/wp-json\/wp\/v2\/product"}],"about":[{"href":"https:\/\/lucacastelli.com\/fr\/wp-json\/wp\/v2\/types\/product"}],"wp:featuredmedia":[{"embeddable":true,"href":"https:\/\/lucacastelli.com\/fr\/wp-json\/wp\/v2\/media\/423635"}],"wp:attachment":[{"href":"https:\/\/lucacastelli.com\/fr\/wp-json\/wp\/v2\/media?parent=463053"}],"wp:term":[{"taxonomy":"product_brand","embeddable":true,"href":"https:\/\/lucacastelli.com\/fr\/wp-json\/wp\/v2\/product_brand?post=463053"},{"taxonomy":"product_cat","embeddable":true,"href":"https:\/\/lucacastelli.com\/fr\/wp-json\/wp\/v2\/product_cat?post=463053"},{"taxonomy":"product_tag","embeddable":true,"href":"https:\/\/lucacastelli.com\/fr\/wp-json\/wp\/v2\/product_tag?post=463053"}],"curies":[{"name":"wp","href":"https:\/\/api.w.org\/{rel}","templated":true}]}}