{"id":463045,"date":"2025-05-31T21:55:05","date_gmt":"2025-05-31T19:55:05","guid":{"rendered":"https:\/\/lucacastelli.com\/prodotto\/varioclean-eco-500-ml\/"},"modified":"2025-07-20T23:56:22","modified_gmt":"2025-07-20T21:56:22","slug":"varioclean-eco-500-ml","status":"publish","type":"product","link":"https:\/\/lucacastelli.com\/fr\/produit\/varioclean-eco-500-ml\/","title":{"rendered":"STIHL VarioClean Eco 500 ml"},"content":{"rendered":"<p>Nettoyant sp\u00e9cial polyvalent et compatible avec les mat\u00e9riaux, compos\u00e9 \u00e0 92&nbsp;% d\u2019ingr\u00e9dients d\u2019origine naturelle. Pour dissoudre et nettoyer les salissures de surface, par exemple caus\u00e9es par l\u2019huile, la graisse, la r\u00e9sine, les r\u00e9sidus v\u00e9g\u00e9taux et les taches d\u2019herbe sur les outils et les appareils de coupe STIHL, ainsi que pour nettoyer les filtres \u00e0 air des tron\u00e7onneuses et des aspirateurs secs et humides (filtres HD2, filaires, PA, PET et PTFE). Odeur agr\u00e9able. Les flacons pulv\u00e9risateurs sont fabriqu\u00e9s \u00e0 partir d\u2019au moins 50 % de mat\u00e9riaux recycl\u00e9s.<br \/>\n795711708108   <\/p>\n","protected":false},"excerpt":{"rendered":"<p>Nettoyant sp\u00e9cial polyvalent et compatible avec les mat\u00e9riaux, compos\u00e9 \u00e0 92&nbsp;% d\u2019ingr\u00e9dients d\u2019origine naturelle. Pour dissoudre et nettoyer les salissures<\/p>\n","protected":false},"featured_media":424490,"template":"","meta":{"_seopress_robots_primary_cat":"","_seopress_titles_title":"","_seopress_titles_desc":"","_seopress_robots_index":""},"product_brand":[3555],"product_cat":[1435,1447],"product_tag":[3267],"class_list":{"0":"post-463045","1":"product","2":"type-product","3":"status-publish","4":"has-post-thumbnail","6":"product_brand-stihl-fr","7":"product_cat-carburants-et-huiles","8":"product_cat-lubrifiants","9":"product_tag-import-stihl-fr","10":"sws-gruppo-macchinari","11":"sws-conto-ricavi-merci-rivendita-carburante-stihl","12":"sws-gruppo-iva-iva81","14":"first","15":"onbackorder","16":"purchasable","17":"product-type-simple"},"_links":{"self":[{"href":"https:\/\/lucacastelli.com\/fr\/wp-json\/wp\/v2\/product\/463045","targetHints":{"allow":["GET"]}}],"collection":[{"href":"https:\/\/lucacastelli.com\/fr\/wp-json\/wp\/v2\/product"}],"about":[{"href":"https:\/\/lucacastelli.com\/fr\/wp-json\/wp\/v2\/types\/product"}],"wp:featuredmedia":[{"embeddable":true,"href":"https:\/\/lucacastelli.com\/fr\/wp-json\/wp\/v2\/media\/424490"}],"wp:attachment":[{"href":"https:\/\/lucacastelli.com\/fr\/wp-json\/wp\/v2\/media?parent=463045"}],"wp:term":[{"taxonomy":"product_brand","embeddable":true,"href":"https:\/\/lucacastelli.com\/fr\/wp-json\/wp\/v2\/product_brand?post=463045"},{"taxonomy":"product_cat","embeddable":true,"href":"https:\/\/lucacastelli.com\/fr\/wp-json\/wp\/v2\/product_cat?post=463045"},{"taxonomy":"product_tag","embeddable":true,"href":"https:\/\/lucacastelli.com\/fr\/wp-json\/wp\/v2\/product_tag?post=463045"}],"curies":[{"name":"wp","href":"https:\/\/api.w.org\/{rel}","templated":true}]}}