{"id":463040,"date":"2022-06-18T20:25:39","date_gmt":"2022-06-18T18:25:39","guid":{"rendered":"https:\/\/lucacastelli.com\/?post_type=product&#038;p=463040"},"modified":"2025-07-20T23:22:33","modified_gmt":"2025-07-20T21:22:33","slug":"hunersdorff-eco-reservoir-combi","status":"publish","type":"product","link":"https:\/\/lucacastelli.com\/fr\/produit\/hunersdorff-eco-reservoir-combi\/","title":{"rendered":"H\u00dcNERSDORFF Eco r\u00e9servoir combi"},"content":{"rendered":"<p>R\u00e9servoir combin\u00e9 Eco Fabriqu\u00e9 en poly\u00e9thyl\u00e8ne. Pour 5 litres de m\u00e9lange de carburant et 3 litres d\u2019huile de cha\u00eene. Comprend un bec verseur. Avec homologation actuelle selon le GGVS. Couleur naturelle-transparente. Poids 840 g.     <\/p>\n","protected":false},"excerpt":{"rendered":"<p>R\u00e9servoir combin\u00e9 Eco Fabriqu\u00e9 en poly\u00e9thyl\u00e8ne. Pour 5 litres de m\u00e9lange de carburant et 3 litres d\u2019huile de cha\u00eene. Comprend<\/p>\n","protected":false},"featured_media":37703,"template":"","meta":{"_seopress_robots_primary_cat":"","_seopress_titles_title":"","_seopress_titles_desc":"","_seopress_robots_index":""},"product_brand":[4689],"product_cat":[1435,1438],"product_tag":[],"class_list":{"0":"post-463040","1":"product","2":"type-product","3":"status-publish","4":"has-post-thumbnail","6":"product_brand-hunersdorff-fr","7":"product_cat-carburants-et-huiles","8":"product_cat-accessoires-et-consommables","9":"sws-gruppo-macchinari-fr","10":"sws-conto-ricavi-merci-rivendita-macchinari-fr","11":"sws-gruppo-iva-iva81-fr","13":"first","14":"instock","15":"shipping-taxable","16":"purchasable","17":"product-type-simple"},"_links":{"self":[{"href":"https:\/\/lucacastelli.com\/fr\/wp-json\/wp\/v2\/product\/463040","targetHints":{"allow":["GET"]}}],"collection":[{"href":"https:\/\/lucacastelli.com\/fr\/wp-json\/wp\/v2\/product"}],"about":[{"href":"https:\/\/lucacastelli.com\/fr\/wp-json\/wp\/v2\/types\/product"}],"wp:featuredmedia":[{"embeddable":true,"href":"https:\/\/lucacastelli.com\/fr\/wp-json\/wp\/v2\/media\/37703"}],"wp:attachment":[{"href":"https:\/\/lucacastelli.com\/fr\/wp-json\/wp\/v2\/media?parent=463040"}],"wp:term":[{"taxonomy":"product_brand","embeddable":true,"href":"https:\/\/lucacastelli.com\/fr\/wp-json\/wp\/v2\/product_brand?post=463040"},{"taxonomy":"product_cat","embeddable":true,"href":"https:\/\/lucacastelli.com\/fr\/wp-json\/wp\/v2\/product_cat?post=463040"},{"taxonomy":"product_tag","embeddable":true,"href":"https:\/\/lucacastelli.com\/fr\/wp-json\/wp\/v2\/product_tag?post=463040"}],"curies":[{"name":"wp","href":"https:\/\/api.w.org\/{rel}","templated":true}]}}