{"id":463017,"date":"2025-06-01T04:06:11","date_gmt":"2025-06-01T02:06:11","guid":{"rendered":"https:\/\/lucacastelli.com\/prodotto\/care-clean-imow-mower-plus-kit-pack-avantage\/"},"modified":"2025-06-28T03:47:41","modified_gmt":"2025-06-28T01:47:41","slug":"care-clean-imow-mower-plus-kit-pack-avantage","status":"publish","type":"product","link":"https:\/\/lucacastelli.com\/fr\/produit\/care-clean-imow-mower-plus-kit-pack-avantage\/","title":{"rendered":"STIHL Care Clean iMOW\u00ae Mower Plus Kit Pack Avantage"},"content":{"rendered":"<p>Ampli de soins&nbsp;; Clean Kit est id\u00e9al pour les propri\u00e9taires de robots tondeuses \u00e0 gazon iMOW\u00ae ou de tondeuses \u00e0 gazon STIHL pour un nettoyage simple et efficace. L\u2019entretien r\u00e9gulier du bo\u00eetier iMOW\u00ae, de la tondeuse et de la station d\u2019accueil garantit la long\u00e9vit\u00e9 et les performances de cet \u00e9quipement. <\/p>\n<p>L\u2019ampli du kit d\u2019entretien STIHL &nbsp;; Clean contient tous les composants n\u00e9cessaires au nettoyage et \u00e0 l\u2019entretien :<\/p>\n<p>&#8211; 500 ml STIHL Multiclean<br \/>\n&#8211; Brosse de nettoyage avec grattoir<br \/>\n&#8211; 2 x chiffon en microfibre<br \/>\n&#8211; un sac de transport<br \/>\n886661651153<\/p>\n","protected":false},"excerpt":{"rendered":"<p>Care Clean iMOW\u00ae Mower Plus Kit Pack Avantage<\/p>\n","protected":false},"featured_media":440737,"template":"","meta":{"_seopress_robots_primary_cat":"","_seopress_titles_title":"","_seopress_titles_desc":"","_seopress_robots_index":""},"product_brand":[3555],"product_cat":[1435,1447],"product_tag":[3267],"class_list":{"0":"post-463017","1":"product","2":"type-product","3":"status-publish","4":"has-post-thumbnail","6":"product_brand-stihl-fr","7":"product_cat-carburants-et-huiles","8":"product_cat-lubrifiants","9":"product_tag-import-stihl-fr","10":"sws-gruppo-macchinari-fr","11":"sws-conto-ricavi-merci-rivendita-carburante-stihl-fr","12":"sws-gruppo-iva-iva81-fr","14":"first","15":"onbackorder","16":"purchasable","17":"product-type-simple"},"_links":{"self":[{"href":"https:\/\/lucacastelli.com\/fr\/wp-json\/wp\/v2\/product\/463017","targetHints":{"allow":["GET"]}}],"collection":[{"href":"https:\/\/lucacastelli.com\/fr\/wp-json\/wp\/v2\/product"}],"about":[{"href":"https:\/\/lucacastelli.com\/fr\/wp-json\/wp\/v2\/types\/product"}],"wp:featuredmedia":[{"embeddable":true,"href":"https:\/\/lucacastelli.com\/fr\/wp-json\/wp\/v2\/media\/440737"}],"wp:attachment":[{"href":"https:\/\/lucacastelli.com\/fr\/wp-json\/wp\/v2\/media?parent=463017"}],"wp:term":[{"taxonomy":"product_brand","embeddable":true,"href":"https:\/\/lucacastelli.com\/fr\/wp-json\/wp\/v2\/product_brand?post=463017"},{"taxonomy":"product_cat","embeddable":true,"href":"https:\/\/lucacastelli.com\/fr\/wp-json\/wp\/v2\/product_cat?post=463017"},{"taxonomy":"product_tag","embeddable":true,"href":"https:\/\/lucacastelli.com\/fr\/wp-json\/wp\/v2\/product_tag?post=463017"}],"curies":[{"name":"wp","href":"https:\/\/api.w.org\/{rel}","templated":true}]}}