{"id":463008,"date":"2025-06-01T04:05:13","date_gmt":"2025-06-01T02:05:13","guid":{"rendered":"https:\/\/lucacastelli.com\/prodotto\/multihuile-bio-150-ml\/"},"modified":"2026-03-02T00:07:14","modified_gmt":"2026-03-01T23:07:14","slug":"multihuile-bio-150-ml","status":"publish","type":"product","link":"https:\/\/lucacastelli.com\/fr\/produit\/multihuile-bio-150-ml\/","title":{"rendered":"STIHL Multihuile Bio 150 ml"},"content":{"rendered":"<p>Huile polyvalente pour une vari\u00e9t\u00e9 de fonctions. Peut \u00eatre utilis\u00e9 comme lubrifiant<br \/>\n (par exemple sur GTA 26), d\u00e9tergent, anti-corrosion, antirouille et<br \/>\nhuile p\u00e9n\u00e9trante. Ne convient pas comme huile de cha\u00eene de tron\u00e7onneuse.<br \/>\nCette huile respectueuse de l\u2019environnement est fabriqu\u00e9e \u00e0 partir de 90 % de mati\u00e8res premi\u00e8res renouvelables et est biod\u00e9gradable \u00e0 90 %. Base naturelle, non r\u00e9sinifiante.<br \/>\n886661562015   <\/p>\n","protected":false},"excerpt":{"rendered":"<p>Multihuile Bio 150 ml<\/p>\n","protected":false},"featured_media":440703,"template":"","meta":{"_seopress_robots_primary_cat":"","_seopress_titles_title":"","_seopress_titles_desc":"","_seopress_robots_index":""},"product_brand":[3366],"product_cat":[259,260],"product_tag":[3265],"class_list":{"0":"post-463008","1":"product","2":"type-product","3":"status-publish","4":"has-post-thumbnail","6":"product_brand-stihl","7":"product_cat-carburanti-e-olii","8":"product_cat-lubrificanti","9":"product_tag-import-stihl","10":"sws-gruppo-macchinari-fr","11":"sws-conto-ricavi-merci-rivendita-macchinari-fr","12":"sws-gruppo-iva-iva81-fr","14":"first","15":"onbackorder","16":"purchasable","17":"product-type-simple"},"_links":{"self":[{"href":"https:\/\/lucacastelli.com\/fr\/wp-json\/wp\/v2\/product\/463008","targetHints":{"allow":["GET"]}}],"collection":[{"href":"https:\/\/lucacastelli.com\/fr\/wp-json\/wp\/v2\/product"}],"about":[{"href":"https:\/\/lucacastelli.com\/fr\/wp-json\/wp\/v2\/types\/product"}],"wp:featuredmedia":[{"embeddable":true,"href":"https:\/\/lucacastelli.com\/fr\/wp-json\/wp\/v2\/media\/440703"}],"wp:attachment":[{"href":"https:\/\/lucacastelli.com\/fr\/wp-json\/wp\/v2\/media?parent=463008"}],"wp:term":[{"taxonomy":"product_brand","embeddable":true,"href":"https:\/\/lucacastelli.com\/fr\/wp-json\/wp\/v2\/product_brand?post=463008"},{"taxonomy":"product_cat","embeddable":true,"href":"https:\/\/lucacastelli.com\/fr\/wp-json\/wp\/v2\/product_cat?post=463008"},{"taxonomy":"product_tag","embeddable":true,"href":"https:\/\/lucacastelli.com\/fr\/wp-json\/wp\/v2\/product_tag?post=463008"}],"curies":[{"name":"wp","href":"https:\/\/api.w.org\/{rel}","templated":true}]}}