{"id":463003,"date":"2025-06-01T04:04:42","date_gmt":"2025-06-01T02:04:42","guid":{"rendered":"https:\/\/lucacastelli.com\/prodotto\/varioclean-500-ml\/"},"modified":"2025-06-28T18:07:23","modified_gmt":"2025-06-28T16:07:23","slug":"varioclean-500-ml","status":"publish","type":"product","link":"https:\/\/lucacastelli.com\/fr\/produit\/varioclean-500-ml\/","title":{"rendered":"STIHL Varioclean 500 ml"},"content":{"rendered":"<p>D\u00e9tergent universel en bombe a\u00e9rosol. Pour dissoudre les r\u00e9sidus d\u2019huile organique et pour nettoyer les appareils.<br \/>\n886661685998 <\/p>\n","protected":false},"excerpt":{"rendered":"<p>Varioclean 500 ml<\/p>\n","protected":false},"featured_media":453564,"template":"","meta":{"_seopress_robots_primary_cat":"","_seopress_titles_title":"","_seopress_titles_desc":"","_seopress_robots_index":""},"product_brand":[3555],"product_cat":[1435,1447],"product_tag":[3267],"class_list":{"0":"post-463003","1":"product","2":"type-product","3":"status-publish","4":"has-post-thumbnail","6":"product_brand-stihl-fr","7":"product_cat-carburants-et-huiles","8":"product_cat-lubrifiants","9":"product_tag-import-stihl-fr","10":"sws-gruppo-macchinari-fr","11":"sws-conto-ricavi-merci-rivendita-macchinari-fr","12":"sws-gruppo-iva-iva81-fr","14":"first","15":"onbackorder","16":"purchasable","17":"product-type-simple"},"_links":{"self":[{"href":"https:\/\/lucacastelli.com\/fr\/wp-json\/wp\/v2\/product\/463003","targetHints":{"allow":["GET"]}}],"collection":[{"href":"https:\/\/lucacastelli.com\/fr\/wp-json\/wp\/v2\/product"}],"about":[{"href":"https:\/\/lucacastelli.com\/fr\/wp-json\/wp\/v2\/types\/product"}],"wp:featuredmedia":[{"embeddable":true,"href":"https:\/\/lucacastelli.com\/fr\/wp-json\/wp\/v2\/media\/453564"}],"wp:attachment":[{"href":"https:\/\/lucacastelli.com\/fr\/wp-json\/wp\/v2\/media?parent=463003"}],"wp:term":[{"taxonomy":"product_brand","embeddable":true,"href":"https:\/\/lucacastelli.com\/fr\/wp-json\/wp\/v2\/product_brand?post=463003"},{"taxonomy":"product_cat","embeddable":true,"href":"https:\/\/lucacastelli.com\/fr\/wp-json\/wp\/v2\/product_cat?post=463003"},{"taxonomy":"product_tag","embeddable":true,"href":"https:\/\/lucacastelli.com\/fr\/wp-json\/wp\/v2\/product_tag?post=463003"}],"curies":[{"name":"wp","href":"https:\/\/api.w.org\/{rel}","templated":true}]}}