{"id":462998,"date":"2025-06-01T04:04:52","date_gmt":"2025-06-01T02:04:52","guid":{"rendered":"https:\/\/lucacastelli.com\/prodotto\/multiclean-500-ml\/"},"modified":"2025-06-01T04:04:52","modified_gmt":"2025-06-01T02:04:52","slug":"multiclean-500-ml","status":"publish","type":"product","link":"https:\/\/lucacastelli.com\/fr\/produit\/multiclean-500-ml\/","title":{"rendered":"Multiclean 500 ml"},"content":{"rendered":"<p>Nettoyant universel pour le plastique, le m\u00e9tal, le caoutchouc et les surfaces peintes. Enl\u00e8ve en profondeur et en douceur m\u00eame les salissures les plus<br \/>\ntenaces. Excellente tol\u00e9rance sur les mat\u00e9riaux.<br \/>\n886661594290  <\/p>\n","protected":false},"excerpt":{"rendered":"<p>Multiclean 500 ml<\/p>\n","protected":false},"featured_media":428798,"template":"","meta":{"_seopress_robots_primary_cat":"","_seopress_titles_title":"","_seopress_titles_desc":"","_seopress_robots_index":""},"product_brand":[3555],"product_cat":[1435,1447],"product_tag":[3267],"class_list":{"0":"post-462998","1":"product","2":"type-product","3":"status-publish","4":"has-post-thumbnail","6":"product_brand-stihl-fr","7":"product_cat-carburants-et-huiles","8":"product_cat-lubrifiants","9":"product_tag-import-stihl-fr","10":"sws-gruppo-macchinari-fr","11":"sws-conto-ricavi-merci-rivendita-carburante-stihl-fr","12":"sws-gruppo-iva-iva81-fr","14":"first","15":"onbackorder","16":"purchasable","17":"product-type-simple"},"_links":{"self":[{"href":"https:\/\/lucacastelli.com\/fr\/wp-json\/wp\/v2\/product\/462998","targetHints":{"allow":["GET"]}}],"collection":[{"href":"https:\/\/lucacastelli.com\/fr\/wp-json\/wp\/v2\/product"}],"about":[{"href":"https:\/\/lucacastelli.com\/fr\/wp-json\/wp\/v2\/types\/product"}],"wp:featuredmedia":[{"embeddable":true,"href":"https:\/\/lucacastelli.com\/fr\/wp-json\/wp\/v2\/media\/428798"}],"wp:attachment":[{"href":"https:\/\/lucacastelli.com\/fr\/wp-json\/wp\/v2\/media?parent=462998"}],"wp:term":[{"taxonomy":"product_brand","embeddable":true,"href":"https:\/\/lucacastelli.com\/fr\/wp-json\/wp\/v2\/product_brand?post=462998"},{"taxonomy":"product_cat","embeddable":true,"href":"https:\/\/lucacastelli.com\/fr\/wp-json\/wp\/v2\/product_cat?post=462998"},{"taxonomy":"product_tag","embeddable":true,"href":"https:\/\/lucacastelli.com\/fr\/wp-json\/wp\/v2\/product_tag?post=462998"}],"curies":[{"name":"wp","href":"https:\/\/api.w.org\/{rel}","templated":true}]}}