{"id":462995,"date":"2025-06-01T04:02:16","date_gmt":"2025-06-01T02:02:16","guid":{"rendered":"https:\/\/lucacastelli.com\/prodotto\/huile-de-chaine-bioplus-3-l\/"},"modified":"2026-02-13T15:59:48","modified_gmt":"2026-02-13T14:59:48","slug":"huile-de-chaine-bioplus-3-l","status":"publish","type":"product","link":"https:\/\/lucacastelli.com\/fr\/produit\/huile-de-chaine-bioplus-3-l\/","title":{"rendered":"STIHL Huile pour cha\u00eene BioPlus, 3 l"},"content":{"rendered":"<p>Particuli\u00e8rement respectueuse de l&#8217;environnement mais avec d&#8217;excellentes propri\u00e9t\u00e9s de lubrification et d&#8217;adh\u00e9rence. L&#8217;huile BioPlus de STIHL se biod\u00e9grade compl\u00e8tement en peu de temps, car elle est produite \u00e0 partir de substances v\u00e9g\u00e9tales. C&#8217;est pourquoi elle a re\u00e7u le label Ange Bleu, un gage de respect de l&#8217;environnement.<br \/>\n795711127992  <\/p>\n","protected":false},"excerpt":{"rendered":"<p>Huile de cha\u00eene BioPlus, 3 l<\/p>\n","protected":false},"featured_media":440621,"template":"","meta":{"_seopress_robots_primary_cat":"","_seopress_titles_title":"","_seopress_titles_desc":"","_seopress_robots_index":""},"product_brand":[3555],"product_cat":[1435,1447],"product_tag":[3267],"class_list":{"0":"post-462995","1":"product","2":"type-product","3":"status-publish","4":"has-post-thumbnail","6":"product_brand-stihl-fr","7":"product_cat-carburants-et-huiles","8":"product_cat-lubrifiants","9":"product_tag-import-stihl-fr","10":"sws-gruppo-macchinari-fr","11":"sws-conto-ricavi-merci-rivendita-carburante-stihl-fr","12":"sws-gruppo-iva-iva81-fr","14":"first","15":"onbackorder","16":"purchasable","17":"product-type-simple"},"_links":{"self":[{"href":"https:\/\/lucacastelli.com\/fr\/wp-json\/wp\/v2\/product\/462995","targetHints":{"allow":["GET"]}}],"collection":[{"href":"https:\/\/lucacastelli.com\/fr\/wp-json\/wp\/v2\/product"}],"about":[{"href":"https:\/\/lucacastelli.com\/fr\/wp-json\/wp\/v2\/types\/product"}],"wp:featuredmedia":[{"embeddable":true,"href":"https:\/\/lucacastelli.com\/fr\/wp-json\/wp\/v2\/media\/440621"}],"wp:attachment":[{"href":"https:\/\/lucacastelli.com\/fr\/wp-json\/wp\/v2\/media?parent=462995"}],"wp:term":[{"taxonomy":"product_brand","embeddable":true,"href":"https:\/\/lucacastelli.com\/fr\/wp-json\/wp\/v2\/product_brand?post=462995"},{"taxonomy":"product_cat","embeddable":true,"href":"https:\/\/lucacastelli.com\/fr\/wp-json\/wp\/v2\/product_cat?post=462995"},{"taxonomy":"product_tag","embeddable":true,"href":"https:\/\/lucacastelli.com\/fr\/wp-json\/wp\/v2\/product_tag?post=462995"}],"curies":[{"name":"wp","href":"https:\/\/api.w.org\/{rel}","templated":true}]}}