{"id":462986,"date":"2025-06-01T04:01:30","date_gmt":"2025-06-01T02:01:30","guid":{"rendered":"https:\/\/lucacastelli.com\/prodotto\/huile-de-chaine-5-l\/"},"modified":"2026-03-09T00:37:07","modified_gmt":"2026-03-08T23:37:07","slug":"huile-de-chaine-5-l","status":"publish","type":"product","link":"https:\/\/lucacastelli.com\/fr\/produit\/huile-de-chaine-5-l\/","title":{"rendered":"STIHL Huile de cha\u00eene, 5 l"},"content":{"rendered":"<p>Ce lubrifiant semi-synth\u00e9tique haute performance se compose d\u2019huiles de premi\u00e8re pression de haute qualit\u00e9 qui emp\u00eachent la r\u00e9sinification \u00e0 long terme.<br \/>\n795711120863<\/p>\n","protected":false},"excerpt":{"rendered":"<p>Huile de cha\u00eene, 5 l<\/p>\n","protected":false},"featured_media":440603,"template":"","meta":{"_seopress_robots_primary_cat":"none","_seopress_titles_title":"","_seopress_titles_desc":"","_seopress_robots_index":""},"product_brand":[3555],"product_cat":[1435,1447],"product_tag":[3267],"class_list":{"0":"post-462986","1":"product","2":"type-product","3":"status-publish","4":"has-post-thumbnail","6":"product_brand-stihl-fr","7":"product_cat-carburants-et-huiles","8":"product_cat-lubrifiants","9":"product_tag-import-stihl-fr","10":"sws-gruppo-macchinari-fr","11":"sws-conto-ricavi-merci-rivendita-carburante-stihl-fr","12":"sws-gruppo-iva-iva81-fr","14":"first","15":"onbackorder","16":"purchasable","17":"product-type-simple"},"_links":{"self":[{"href":"https:\/\/lucacastelli.com\/fr\/wp-json\/wp\/v2\/product\/462986","targetHints":{"allow":["GET"]}}],"collection":[{"href":"https:\/\/lucacastelli.com\/fr\/wp-json\/wp\/v2\/product"}],"about":[{"href":"https:\/\/lucacastelli.com\/fr\/wp-json\/wp\/v2\/types\/product"}],"wp:featuredmedia":[{"embeddable":true,"href":"https:\/\/lucacastelli.com\/fr\/wp-json\/wp\/v2\/media\/440603"}],"wp:attachment":[{"href":"https:\/\/lucacastelli.com\/fr\/wp-json\/wp\/v2\/media?parent=462986"}],"wp:term":[{"taxonomy":"product_brand","embeddable":true,"href":"https:\/\/lucacastelli.com\/fr\/wp-json\/wp\/v2\/product_brand?post=462986"},{"taxonomy":"product_cat","embeddable":true,"href":"https:\/\/lucacastelli.com\/fr\/wp-json\/wp\/v2\/product_cat?post=462986"},{"taxonomy":"product_tag","embeddable":true,"href":"https:\/\/lucacastelli.com\/fr\/wp-json\/wp\/v2\/product_tag?post=462986"}],"curies":[{"name":"wp","href":"https:\/\/api.w.org\/{rel}","templated":true}]}}