{"id":462980,"date":"2025-06-01T04:01:28","date_gmt":"2025-06-01T02:01:28","guid":{"rendered":"https:\/\/lucacastelli.com\/prodotto\/huile-de-chaine-1-l\/"},"modified":"2026-04-05T16:36:36","modified_gmt":"2026-04-05T14:36:36","slug":"huile-de-chaine-1-l","status":"publish","type":"product","link":"https:\/\/lucacastelli.com\/fr\/produit\/huile-de-chaine-1-l\/","title":{"rendered":"Huile de cha\u00eene, 1 l"},"content":{"rendered":"<p>Ce lubrifiant haute performance, partiellement synth\u00e9tique, se compose d\u2019huiles de premi\u00e8re affinage de haute qualit\u00e9 qui neutralisent la r\u00e9sinification sur une longue p\u00e9riode.<br \/>\n795711121341<\/p>\n","protected":false},"excerpt":{"rendered":"<p>Huile de cha\u00eene, 1 l<\/p>\n","protected":false},"featured_media":428685,"template":"","meta":{"_seopress_robots_primary_cat":"","_seopress_titles_title":"","_seopress_titles_desc":"","_seopress_robots_index":""},"product_brand":[3555],"product_cat":[1435,1447],"product_tag":[3267],"class_list":{"0":"post-462980","1":"product","2":"type-product","3":"status-publish","4":"has-post-thumbnail","6":"product_brand-stihl-fr","7":"product_cat-carburants-et-huiles","8":"product_cat-lubrifiants","9":"product_tag-import-stihl-fr","10":"sws-gruppo-macchinari-fr","11":"sws-conto-ricavi-merci-rivendita-carburante-stihl-fr","12":"sws-gruppo-iva-iva81-fr","14":"first","15":"onbackorder","16":"purchasable","17":"product-type-simple"},"_links":{"self":[{"href":"https:\/\/lucacastelli.com\/fr\/wp-json\/wp\/v2\/product\/462980","targetHints":{"allow":["GET"]}}],"collection":[{"href":"https:\/\/lucacastelli.com\/fr\/wp-json\/wp\/v2\/product"}],"about":[{"href":"https:\/\/lucacastelli.com\/fr\/wp-json\/wp\/v2\/types\/product"}],"wp:featuredmedia":[{"embeddable":true,"href":"https:\/\/lucacastelli.com\/fr\/wp-json\/wp\/v2\/media\/428685"}],"wp:attachment":[{"href":"https:\/\/lucacastelli.com\/fr\/wp-json\/wp\/v2\/media?parent=462980"}],"wp:term":[{"taxonomy":"product_brand","embeddable":true,"href":"https:\/\/lucacastelli.com\/fr\/wp-json\/wp\/v2\/product_brand?post=462980"},{"taxonomy":"product_cat","embeddable":true,"href":"https:\/\/lucacastelli.com\/fr\/wp-json\/wp\/v2\/product_cat?post=462980"},{"taxonomy":"product_tag","embeddable":true,"href":"https:\/\/lucacastelli.com\/fr\/wp-json\/wp\/v2\/product_tag?post=462980"}],"curies":[{"name":"wp","href":"https:\/\/api.w.org\/{rel}","templated":true}]}}