{"id":462979,"date":"2025-06-01T03:59:55","date_gmt":"2025-06-01T01:59:55","guid":{"rendered":"https:\/\/lucacastelli.com\/prodotto\/10-w-30-55-l\/"},"modified":"2025-06-28T18:05:43","modified_gmt":"2025-06-28T16:05:43","slug":"10-w-30-55-l","status":"publish","type":"product","link":"https:\/\/lucacastelli.com\/fr\/produit\/10-w-30-55-l\/","title":{"rendered":"STIHL 10 W-30, 55 l"},"content":{"rendered":"<p>Huile moteur de haute qualit\u00e9 pour une vari\u00e9t\u00e9 de cas, sp\u00e9cialement d\u00e9velopp\u00e9e pour les exigences des moteurs 4 temps. Excellentes propri\u00e9t\u00e9s de lubrification et de combustion, peut \u00eatre utilis\u00e9 toute l\u2019ann\u00e9e jusqu\u2019\u00e0 -30 \u00b0C.<br \/>\n886661847020 <\/p>\n<p>Proportion du m\u00e9lange &#8220;-<\/p>\n","protected":false},"excerpt":{"rendered":"<p>10 W-30, 55 l<\/p>\n","protected":false},"featured_media":453544,"template":"","meta":{"_seopress_robots_primary_cat":"","_seopress_titles_title":"","_seopress_titles_desc":"","_seopress_robots_index":""},"product_brand":[3555],"product_cat":[1435,1447],"product_tag":[3267],"class_list":{"0":"post-462979","1":"product","2":"type-product","3":"status-publish","4":"has-post-thumbnail","6":"product_brand-stihl-fr","7":"product_cat-carburants-et-huiles","8":"product_cat-lubrifiants","9":"product_tag-import-stihl-fr","10":"sws-gruppo-macchinari-fr","11":"sws-conto-ricavi-merci-rivendita-macchinari-fr","12":"sws-gruppo-iva-iva81-fr","14":"first","15":"onbackorder","16":"purchasable","17":"product-type-simple"},"_links":{"self":[{"href":"https:\/\/lucacastelli.com\/fr\/wp-json\/wp\/v2\/product\/462979","targetHints":{"allow":["GET"]}}],"collection":[{"href":"https:\/\/lucacastelli.com\/fr\/wp-json\/wp\/v2\/product"}],"about":[{"href":"https:\/\/lucacastelli.com\/fr\/wp-json\/wp\/v2\/types\/product"}],"wp:featuredmedia":[{"embeddable":true,"href":"https:\/\/lucacastelli.com\/fr\/wp-json\/wp\/v2\/media\/453544"}],"wp:attachment":[{"href":"https:\/\/lucacastelli.com\/fr\/wp-json\/wp\/v2\/media?parent=462979"}],"wp:term":[{"taxonomy":"product_brand","embeddable":true,"href":"https:\/\/lucacastelli.com\/fr\/wp-json\/wp\/v2\/product_brand?post=462979"},{"taxonomy":"product_cat","embeddable":true,"href":"https:\/\/lucacastelli.com\/fr\/wp-json\/wp\/v2\/product_cat?post=462979"},{"taxonomy":"product_tag","embeddable":true,"href":"https:\/\/lucacastelli.com\/fr\/wp-json\/wp\/v2\/product_tag?post=462979"}],"curies":[{"name":"wp","href":"https:\/\/api.w.org\/{rel}","templated":true}]}}