{"id":462972,"date":"2025-06-01T03:59:47","date_gmt":"2025-06-01T01:59:47","guid":{"rendered":"https:\/\/lucacastelli.com\/prodotto\/10-w-30-06-l\/"},"modified":"2025-06-01T03:59:47","modified_gmt":"2025-06-01T01:59:47","slug":"10-w-30-06-l","status":"publish","type":"product","link":"https:\/\/lucacastelli.com\/fr\/produit\/10-w-30-06-l\/","title":{"rendered":"10 W-30, 0,6 L"},"content":{"rendered":"<p>Huile moteur de haute qualit\u00e9 pour une vari\u00e9t\u00e9 de cas, sp\u00e9cialement d\u00e9velopp\u00e9e pour les exigences des moteurs 4 temps. Excellentes propri\u00e9t\u00e9s de lubrification et de combustion, peut \u00eatre utilis\u00e9 toute l\u2019ann\u00e9e jusqu\u2019\u00e0 -30 \u00b0C.<br \/>\n886661846726 <\/p>\n<p>Proportion du m\u00e9lange &#8211;<\/p>\n","protected":false},"excerpt":{"rendered":"<p>10 W-30, 0,6 L<\/p>\n","protected":false},"featured_media":453707,"template":"","meta":{"_seopress_robots_primary_cat":"","_seopress_titles_title":"","_seopress_titles_desc":"","_seopress_robots_index":""},"product_brand":[3555],"product_cat":[1435,1447],"product_tag":[3267],"class_list":{"0":"post-462972","1":"product","2":"type-product","3":"status-publish","4":"has-post-thumbnail","6":"product_brand-stihl-fr","7":"product_cat-carburants-et-huiles","8":"product_cat-lubrifiants","9":"product_tag-import-stihl-fr","10":"sws-gruppo-macchinari-fr","11":"sws-conto-ricavi-merci-rivendita-carburante-stihl-fr","12":"sws-gruppo-iva-iva81-fr","14":"first","15":"onbackorder","16":"purchasable","17":"product-type-simple"},"_links":{"self":[{"href":"https:\/\/lucacastelli.com\/fr\/wp-json\/wp\/v2\/product\/462972","targetHints":{"allow":["GET"]}}],"collection":[{"href":"https:\/\/lucacastelli.com\/fr\/wp-json\/wp\/v2\/product"}],"about":[{"href":"https:\/\/lucacastelli.com\/fr\/wp-json\/wp\/v2\/types\/product"}],"wp:featuredmedia":[{"embeddable":true,"href":"https:\/\/lucacastelli.com\/fr\/wp-json\/wp\/v2\/media\/453707"}],"wp:attachment":[{"href":"https:\/\/lucacastelli.com\/fr\/wp-json\/wp\/v2\/media?parent=462972"}],"wp:term":[{"taxonomy":"product_brand","embeddable":true,"href":"https:\/\/lucacastelli.com\/fr\/wp-json\/wp\/v2\/product_brand?post=462972"},{"taxonomy":"product_cat","embeddable":true,"href":"https:\/\/lucacastelli.com\/fr\/wp-json\/wp\/v2\/product_cat?post=462972"},{"taxonomy":"product_tag","embeddable":true,"href":"https:\/\/lucacastelli.com\/fr\/wp-json\/wp\/v2\/product_tag?post=462972"}],"curies":[{"name":"wp","href":"https:\/\/api.w.org\/{rel}","templated":true}]}}