{"id":462954,"date":"2025-06-01T02:34:29","date_gmt":"2025-06-01T00:34:29","guid":{"rendered":"https:\/\/lucacastelli.com\/prodotto\/bidons-dessence-20-l-transparents\/"},"modified":"2025-06-01T02:34:29","modified_gmt":"2025-06-01T00:34:29","slug":"bidons-dessence-20-l-transparents","status":"publish","type":"product","link":"https:\/\/lucacastelli.com\/fr\/produit\/bidons-dessence-20-l-transparents\/","title":{"rendered":"Bidons d\u2019essence, 20 l, transparents"},"content":{"rendered":"<p>pDisponible en bidons de 3 \u00e0 20 l. Avec homologation UN.\/p<br \/>\n795711115029<\/p>\n<p>Capacit\u00e9 de carburant 20l<br \/>\nCapacit\u00e9 d\u2019huile adh\u00e9sive pour cha\u00eene de scie Capacit\u00e9 d\u2019huile adh\u00e9sive pour cha\u00eene de scie<\/p>\n<p>Longueur de l\u2019appareil Longueur de l\u2019appareil<br \/>\nLargeur de l\u2019appareil 178<br \/>\nHauteur de l\u2019appareil 435<\/p>\n","protected":false},"excerpt":{"rendered":"<p>Bidons d\u2019essence, 20 l, transparents<\/p>\n","protected":false},"featured_media":437911,"template":"","meta":{"_seopress_robots_primary_cat":"","_seopress_titles_title":"","_seopress_titles_desc":"","_seopress_robots_index":""},"product_brand":[3555],"product_cat":[1435,1447],"product_tag":[3267],"class_list":{"0":"post-462954","1":"product","2":"type-product","3":"status-publish","4":"has-post-thumbnail","6":"product_brand-stihl-fr","7":"product_cat-carburants-et-huiles","8":"product_cat-lubrifiants","9":"product_tag-import-stihl-fr","10":"sws-gruppo-macchinari-fr","11":"sws-conto-ricavi-merci-rivendita-carburante-stihl-fr","12":"sws-gruppo-iva-iva81-fr","14":"first","15":"onbackorder","16":"purchasable","17":"product-type-simple"},"_links":{"self":[{"href":"https:\/\/lucacastelli.com\/fr\/wp-json\/wp\/v2\/product\/462954","targetHints":{"allow":["GET"]}}],"collection":[{"href":"https:\/\/lucacastelli.com\/fr\/wp-json\/wp\/v2\/product"}],"about":[{"href":"https:\/\/lucacastelli.com\/fr\/wp-json\/wp\/v2\/types\/product"}],"wp:featuredmedia":[{"embeddable":true,"href":"https:\/\/lucacastelli.com\/fr\/wp-json\/wp\/v2\/media\/437911"}],"wp:attachment":[{"href":"https:\/\/lucacastelli.com\/fr\/wp-json\/wp\/v2\/media?parent=462954"}],"wp:term":[{"taxonomy":"product_brand","embeddable":true,"href":"https:\/\/lucacastelli.com\/fr\/wp-json\/wp\/v2\/product_brand?post=462954"},{"taxonomy":"product_cat","embeddable":true,"href":"https:\/\/lucacastelli.com\/fr\/wp-json\/wp\/v2\/product_cat?post=462954"},{"taxonomy":"product_tag","embeddable":true,"href":"https:\/\/lucacastelli.com\/fr\/wp-json\/wp\/v2\/product_tag?post=462954"}],"curies":[{"name":"wp","href":"https:\/\/api.w.org\/{rel}","templated":true}]}}