{"id":462940,"date":"2025-06-13T03:55:55","date_gmt":"2025-06-13T01:55:55","guid":{"rendered":"https:\/\/lucacastelli.com\/prodotto\/meuleuse-dangle-12\/"},"modified":"2025-06-29T07:46:59","modified_gmt":"2025-06-29T05:46:59","slug":"meuleuse-dangle-12","status":"publish","type":"product","link":"https:\/\/lucacastelli.com\/fr\/produit\/meuleuse-dangle-12\/","title":{"rendered":"MILWAUKEE Meuleuse d\u2019angle"},"content":{"rendered":"<p>Meuleuse d&#8217;angle haute performance avec disque de 125 mm offrant une puissance maximale pour les applications d&#8217;\u00e9bavurage et de coupe, garantissant une gamme de 145 coupes sur des tuyaux bidimensionnels avec une seule charge de batterie.&lt;Br&gt;  Syst\u00e8me RAPIDSTOP\u2122 capable de freiner le disque en moins de 2,5 secondes, pour une plus grande s\u00e9curit\u00e9.&lt;Br&gt;  Syst\u00e8me HIGH OUTPUT\u2122, augmente les performances et l\u2019autonomie de la technologie M18 FUEL\u2122&lt;Br&gt;  Interrupteur \u00e0 palette non verrouillable et protection contre le red\u00e9marrage accidentel&lt;Br&gt;  Poign\u00e9e lat\u00e9rale anti-vibration AVS&lt;Br&gt;  Bride FIXTEC\u2122 pour un changement de disque sans outil&lt;Br&gt;  Grilles anti-poussi\u00e8re amovibles pour prot\u00e9ger le moteur de la poussi\u00e8re abrasive&lt;Br&gt;  Coque \u00e0 d\u00e9gagement rapide : capacit\u00e9 de coupe maximale et r\u00e9glage rapide&lt;Br&gt;  Fonctionne avec toutes les batteries MILWAUKEE\u00ae M18\u2122<\/p>\n<p>BARCODE : 4058546287061<\/p>\n<p>Caract\u00e9ristiques techniques<br \/>\n125<\/p>\n<p>Fourni sans batteries, fourni sans chargeur, mallette HeavyDuty, capot \u00e0 d\u00e9gagement rapide, poign\u00e9e lat\u00e9rale anti-vibration AVS, bride et contre-bride FIXTEC\u2122, grilles anti-poussi\u00e8re.<\/p>\n","protected":false},"excerpt":{"rendered":"<p>Meuleuse d&#8217;angle haute performance avec disque de 125 mm offrant une puissance maximale pour les applications d&#8217;\u00e9bavurage et de coupe,<\/p>\n","protected":false},"featured_media":454805,"template":"","meta":{"_seopress_robots_primary_cat":"","_seopress_titles_title":"","_seopress_titles_desc":"","_seopress_robots_index":""},"product_brand":[3656],"product_cat":[169,1454,1541],"product_tag":[3272],"class_list":{"0":"post-462940","1":"product","2":"type-product","3":"status-publish","4":"has-post-thumbnail","6":"product_brand-milwaukee-de","7":"product_cat-maschinen","8":"product_cat-andere-gerate","9":"product_cat-zerkleinerungsmaschinen","10":"product_tag-import-milwau-de","11":"sws-gruppo-macchinari-fr","12":"sws-conto-ricavi-merci-rivendita-macchinari-fr","13":"sws-gruppo-iva-iva81-fr","15":"first","16":"onbackorder","17":"purchasable","18":"product-type-simple"},"_links":{"self":[{"href":"https:\/\/lucacastelli.com\/fr\/wp-json\/wp\/v2\/product\/462940","targetHints":{"allow":["GET"]}}],"collection":[{"href":"https:\/\/lucacastelli.com\/fr\/wp-json\/wp\/v2\/product"}],"about":[{"href":"https:\/\/lucacastelli.com\/fr\/wp-json\/wp\/v2\/types\/product"}],"wp:featuredmedia":[{"embeddable":true,"href":"https:\/\/lucacastelli.com\/fr\/wp-json\/wp\/v2\/media\/454805"}],"wp:attachment":[{"href":"https:\/\/lucacastelli.com\/fr\/wp-json\/wp\/v2\/media?parent=462940"}],"wp:term":[{"taxonomy":"product_brand","embeddable":true,"href":"https:\/\/lucacastelli.com\/fr\/wp-json\/wp\/v2\/product_brand?post=462940"},{"taxonomy":"product_cat","embeddable":true,"href":"https:\/\/lucacastelli.com\/fr\/wp-json\/wp\/v2\/product_cat?post=462940"},{"taxonomy":"product_tag","embeddable":true,"href":"https:\/\/lucacastelli.com\/fr\/wp-json\/wp\/v2\/product_tag?post=462940"}],"curies":[{"name":"wp","href":"https:\/\/api.w.org\/{rel}","templated":true}]}}