{"id":462935,"date":"2025-06-12T05:03:26","date_gmt":"2025-06-12T03:03:26","guid":{"rendered":"https:\/\/lucacastelli.com\/prodotto\/meuleuse-dangle-11\/"},"modified":"2025-06-29T07:46:52","modified_gmt":"2025-06-29T05:46:52","slug":"meuleuse-dangle-11","status":"publish","type":"product","link":"https:\/\/lucacastelli.com\/fr\/produit\/meuleuse-dangle-11\/","title":{"rendered":"MILWAUKEE Meuleuse d\u2019angle"},"content":{"rendered":"<p>Meuleuse d\u2019angle capable de fournir une puissance de 2 200 W&lt;Br&gt;  Le syst\u00e8me de suivi et de s\u00e9curit\u00e9 ONE-KEY\u2122 offre un service de suivi et de gestion des stocks bas\u00e9 sur le cloud gratuitement, tout en ayant des capacit\u00e9s de blocage \u00e0 distance&lt;Br&gt;  Syst\u00e8me RAPIDSTOP\u2122 capable de freiner le disque en moins de 3 secondes, pour plus de s\u00e9curit\u00e9&lt;Br&gt;  Interrupteur \u00e0 palette non verrouillable et protection contre le red\u00e9marrage accidentel&lt;Br&gt;  Poign\u00e9e lat\u00e9rale anti-vibration AVS&lt;Br&gt;  Bride FIXTEC\u2122 pour un changement de disque sans outil&lt;Br&gt;  Coque \u00e0 d\u00e9gagement rapide : capacit\u00e9 de coupe maximale et r\u00e9glage rapide&lt;Br&gt;  Grilles anti-poussi\u00e8re amovibles pour prot\u00e9ger le moteur de la poussi\u00e8re abrasive&lt;Br&gt;  Syst\u00e8me HIGH OUTPUT\u2122, augmente les performances et l\u2019autonomie de la technologie M18 FUEL\u2122&lt;Br&gt;  Fonctionne avec toutes les batteries MILWAUKEE\u00ae M18\u2122<\/p>\n<p>BARCODE : 4058546360658<\/p>\n<p>Caract\u00e9ristiques techniques<br \/>\n230<\/p>\n<p>2 x batterie M18 HB12, chargeur M12-18 FC, mallette de transport, capuchon de meulage et clip de coupe \u00e0 d\u00e9gagement rapide, poign\u00e9e lat\u00e9rale anti-vibration AVS, bride et contre-bride, cl\u00e9 \u00e0 fourche, grilles anti-poussi\u00e8re.<\/p>\n","protected":false},"excerpt":{"rendered":"<p>Meuleuse d\u2019angle capable de fournir une puissance de 2 200 W&lt;Br&gt; Le syst\u00e8me de suivi et de s\u00e9curit\u00e9 ONE-KEY\u2122 offre<\/p>\n","protected":false},"featured_media":454644,"template":"","meta":{"_seopress_robots_primary_cat":"none","_seopress_titles_title":"","_seopress_titles_desc":"","_seopress_robots_index":""},"product_brand":[3658],"product_cat":[1453,167,1540],"product_tag":[3273],"class_list":{"0":"post-462935","1":"product","2":"type-product","3":"status-publish","4":"has-post-thumbnail","6":"product_brand-milwaukee-fr","7":"product_cat-autres-appareils","8":"product_cat-machines","9":"product_cat-meuleuses","10":"product_tag-import-milwau-fr","11":"sws-gruppo-macchinari-fr","12":"sws-conto-ricavi-merci-rivendita-macchinari-fr","13":"sws-gruppo-iva-iva81-fr","15":"first","16":"onbackorder","17":"sale","18":"purchasable","19":"product-type-simple"},"_links":{"self":[{"href":"https:\/\/lucacastelli.com\/fr\/wp-json\/wp\/v2\/product\/462935","targetHints":{"allow":["GET"]}}],"collection":[{"href":"https:\/\/lucacastelli.com\/fr\/wp-json\/wp\/v2\/product"}],"about":[{"href":"https:\/\/lucacastelli.com\/fr\/wp-json\/wp\/v2\/types\/product"}],"wp:featuredmedia":[{"embeddable":true,"href":"https:\/\/lucacastelli.com\/fr\/wp-json\/wp\/v2\/media\/454644"}],"wp:attachment":[{"href":"https:\/\/lucacastelli.com\/fr\/wp-json\/wp\/v2\/media?parent=462935"}],"wp:term":[{"taxonomy":"product_brand","embeddable":true,"href":"https:\/\/lucacastelli.com\/fr\/wp-json\/wp\/v2\/product_brand?post=462935"},{"taxonomy":"product_cat","embeddable":true,"href":"https:\/\/lucacastelli.com\/fr\/wp-json\/wp\/v2\/product_cat?post=462935"},{"taxonomy":"product_tag","embeddable":true,"href":"https:\/\/lucacastelli.com\/fr\/wp-json\/wp\/v2\/product_tag?post=462935"}],"curies":[{"name":"wp","href":"https:\/\/api.w.org\/{rel}","templated":true}]}}