{"id":462931,"date":"2025-06-12T04:04:14","date_gmt":"2025-06-12T02:04:14","guid":{"rendered":"https:\/\/lucacastelli.com\/prodotto\/cle-a-chocs-33\/"},"modified":"2026-04-16T02:14:45","modified_gmt":"2026-04-16T00:14:45","slug":"cle-a-chocs-33","status":"publish","type":"product","link":"https:\/\/lucacastelli.com\/fr\/produit\/cle-a-chocs-33\/","title":{"rendered":"Boulonneuse \u00e0 chocs MILWAUKEE"},"content":{"rendered":"<p>Visseuse \u00e0 chocs haute puissance avec emmanchement 7\/16 hexagonal, compatible avec notre gamme d&#8217;accessoires 7\/16 hexagonal pour les applications les plus exigeantes sur bois&lt;br&gt;  Capable de d\u00e9livrer jusqu&#8217;\u00e0 1017 Nm de couple, pour les applications les plus difficiles&lt;br&gt;  Poign\u00e9e allong\u00e9e, pour une maniabilit\u00e9 maximale&lt;br&gt;  Mandrin QUIK-LOK\u2122, pour un changement rapide des embouts&lt;br&gt;  Anneau int\u00e9gr\u00e9 pour dragonne antichute&lt;br&gt;  La technologie FUEL\u2122 red\u00e9finit les outils \u00e9lectroportatifs sans fil. Le moteur brushless, l&#8217;\u00e9lectronique REDLINK PLUS\u2122 et le pack batterie REDLITHIUM\u2122 offrent des performances et une durabilit\u00e9 sup\u00e9rieures&lt;br&gt; Le syst\u00e8me ONE-KEY\u2122 Tracking &amp; Security offre gratuitement un service de tra\u00e7abilit\u00e9 et de gestion d&#8217;inventaire bas\u00e9 sur le cloud, disposant \u00e9galement de fonctionnalit\u00e9s de verrouillage \u00e0 distance&lt;br&gt; Fonctionne avec toutes les batteries M18\u2122 MILWAUKEE\u00ae <\/p>\n<p>CODE-BARRES : 4058546369460<\/p>\n<p>Donn\u00e9es techniques<br \/>\n3.3 (M18 B5)<\/p>\n<p>Fourni sans batteries, fourni sans chargeur, mallette HeavyDuty<\/p>\n","protected":false},"excerpt":{"rendered":"<p>Visseuse \u00e0 chocs haute puissance avec emmanchement 7\/16 hexagonal, compatible avec notre gamme d&#8217;accessoires 7\/16 hexagonal pour les applications les<\/p>\n","protected":false},"featured_media":454161,"template":"","meta":{"_seopress_robots_primary_cat":"","_seopress_titles_title":"","_seopress_titles_desc":"","_seopress_robots_index":""},"product_brand":[3407],"product_cat":[29,514,549],"product_tag":[3270],"class_list":{"0":"post-462931","1":"product","2":"type-product","3":"status-publish","4":"has-post-thumbnail","6":"product_brand-milwaukee","7":"product_cat-macchinari","8":"product_cat-altri-dispositivi","9":"product_cat-trapani-e-avvitatori","10":"product_tag-import-milwau","11":"sws-gruppo-macchinari-fr","12":"sws-conto-ricavi-merci-rivendita-macchinari-fr","13":"sws-gruppo-iva-iva81-fr","15":"first","16":"onbackorder","17":"sale","18":"purchasable","19":"product-type-simple"},"_links":{"self":[{"href":"https:\/\/lucacastelli.com\/fr\/wp-json\/wp\/v2\/product\/462931","targetHints":{"allow":["GET"]}}],"collection":[{"href":"https:\/\/lucacastelli.com\/fr\/wp-json\/wp\/v2\/product"}],"about":[{"href":"https:\/\/lucacastelli.com\/fr\/wp-json\/wp\/v2\/types\/product"}],"wp:featuredmedia":[{"embeddable":true,"href":"https:\/\/lucacastelli.com\/fr\/wp-json\/wp\/v2\/media\/454161"}],"wp:attachment":[{"href":"https:\/\/lucacastelli.com\/fr\/wp-json\/wp\/v2\/media?parent=462931"}],"wp:term":[{"taxonomy":"product_brand","embeddable":true,"href":"https:\/\/lucacastelli.com\/fr\/wp-json\/wp\/v2\/product_brand?post=462931"},{"taxonomy":"product_cat","embeddable":true,"href":"https:\/\/lucacastelli.com\/fr\/wp-json\/wp\/v2\/product_cat?post=462931"},{"taxonomy":"product_tag","embeddable":true,"href":"https:\/\/lucacastelli.com\/fr\/wp-json\/wp\/v2\/product_tag?post=462931"}],"curies":[{"name":"wp","href":"https:\/\/api.w.org\/{rel}","templated":true}]}}