{"id":462928,"date":"2025-06-12T04:08:32","date_gmt":"2025-06-12T02:08:32","guid":{"rendered":"https:\/\/lucacastelli.com\/prodotto\/cle-a-chocs-32\/"},"modified":"2025-06-29T07:49:46","modified_gmt":"2025-06-29T05:49:46","slug":"cle-a-chocs-32","status":"publish","type":"product","link":"https:\/\/lucacastelli.com\/fr\/produit\/cle-a-chocs-32\/","title":{"rendered":"Cl\u00e9 \u00e0 chocs MILWAUKEE"},"content":{"rendered":"<p>La cl\u00e9 \u00e0 chocs M18 FUEL\u2122 combine un couple de 1356 Nm avec des dimensions r\u00e9duites (213 mm de longueur) pour faciliter l&#8217;acc\u00e8s aux espaces \u00e9troits&lt;Br&gt;  Syst\u00e8me avec 4 modes DRIVE CONTROL permettant de choisir entre quatre r\u00e9glages de vitesse et de couple diff\u00e9rents pour une flexibilit\u00e9 maximale dans les diff\u00e9rentes applications.&lt;Br&gt;  Quatri\u00e8me mode pour un couple maximal et un contr\u00f4le in\u00e9gal\u00e9 lors de l&#8217;extraction des boulons&lt;Br&gt;  Raccord carr\u00e9 1\/2 avec bague de frottement&lt;Br&gt;  Nouvelle LED int\u00e9gr\u00e9e : plus de 40 % plus lumineuse que le mod\u00e8le pr\u00e9c\u00e9dent&lt;Br&gt;  Les brosses Milwaukee POWERSTATE\u2122 offrent une plus grande efficacit\u00e9, une dur\u00e9e de vie plus longue et une puissance sup\u00e9rieure.&lt;Br&gt;  Le syst\u00e8me intelligent REDLINK PLUS\u2122 offre une protection num\u00e9rique avanc\u00e9e contre les surcharges pour les outils et les batteries, et am\u00e9liore consid\u00e9rablement les performances de l\u2019outil sous charge&lt;Br&gt;  La batterie REDLITHIUM\u2122 offre une construction de batterie sup\u00e9rieure, une \u00e9lectronique et des performances constantes pour offrir plus d\u2019autonomie et plus de travail pendant la dur\u00e9e de vie de la batterie&lt;Br&gt;  La poign\u00e9e en caoutchouc r\u00e9siste \u00e0 un usage intensif et offre un confort maximal.&lt;Br&gt;  Fonctionne avec toutes les batteries Milwaukee M18\u2122  <\/p>\n<p>BARCODE : 4058546028671<\/p>\n<p>Caract\u00e9ristiques techniques<br \/>\n3.3 (M18 B5)<\/p>\n<p>Livr\u00e9 sans piles, livr\u00e9 sans chargeur, valise HeavyDuty<\/p>\n","protected":false},"excerpt":{"rendered":"<p>La cl\u00e9 \u00e0 chocs M18 FUEL\u2122 combine un couple de 1356 Nm avec des dimensions r\u00e9duites (213 mm de longueur)<\/p>\n","protected":false},"featured_media":454198,"template":"","meta":{"_seopress_robots_primary_cat":"","_seopress_titles_title":"","_seopress_titles_desc":"","_seopress_robots_index":""},"product_brand":[3407],"product_cat":[29,514,549],"product_tag":[3270],"class_list":{"0":"post-462928","1":"product","2":"type-product","3":"status-publish","4":"has-post-thumbnail","6":"product_brand-milwaukee","7":"product_cat-macchinari","8":"product_cat-altri-dispositivi","9":"product_cat-trapani-e-avvitatori","10":"product_tag-import-milwau","11":"sws-gruppo-macchinari-fr","12":"sws-conto-ricavi-merci-rivendita-macchinari-fr","13":"sws-gruppo-iva-iva81-fr","15":"first","16":"onbackorder","17":"sale","18":"purchasable","19":"product-type-simple"},"_links":{"self":[{"href":"https:\/\/lucacastelli.com\/fr\/wp-json\/wp\/v2\/product\/462928","targetHints":{"allow":["GET"]}}],"collection":[{"href":"https:\/\/lucacastelli.com\/fr\/wp-json\/wp\/v2\/product"}],"about":[{"href":"https:\/\/lucacastelli.com\/fr\/wp-json\/wp\/v2\/types\/product"}],"wp:featuredmedia":[{"embeddable":true,"href":"https:\/\/lucacastelli.com\/fr\/wp-json\/wp\/v2\/media\/454198"}],"wp:attachment":[{"href":"https:\/\/lucacastelli.com\/fr\/wp-json\/wp\/v2\/media?parent=462928"}],"wp:term":[{"taxonomy":"product_brand","embeddable":true,"href":"https:\/\/lucacastelli.com\/fr\/wp-json\/wp\/v2\/product_brand?post=462928"},{"taxonomy":"product_cat","embeddable":true,"href":"https:\/\/lucacastelli.com\/fr\/wp-json\/wp\/v2\/product_cat?post=462928"},{"taxonomy":"product_tag","embeddable":true,"href":"https:\/\/lucacastelli.com\/fr\/wp-json\/wp\/v2\/product_tag?post=462928"}],"curies":[{"name":"wp","href":"https:\/\/api.w.org\/{rel}","templated":true}]}}