{"id":462920,"date":"2025-06-12T03:58:08","date_gmt":"2025-06-12T01:58:08","guid":{"rendered":"https:\/\/lucacastelli.com\/prodotto\/cle-a-chocs-29\/"},"modified":"2025-06-29T07:50:08","modified_gmt":"2025-06-29T05:50:08","slug":"cle-a-chocs-29","status":"publish","type":"product","link":"https:\/\/lucacastelli.com\/fr\/produit\/cle-a-chocs-29\/","title":{"rendered":"Cl\u00e9 \u00e0 chocs MILWAUKEE"},"content":{"rendered":"<p>Cl\u00e9 \u00e0 chocs M18 FUEL\u2122 \u00e0 couple \u00e9lev\u00e9 (1017 Nm) avec tige 1\/2 utile de 75 mm de long et technologie ONE-KEY\u2122.  &lt;Br&gt;  Syst\u00e8me avec 4 modes DRIVE CONTROL permettant quatre r\u00e9glages diff\u00e9rents de vitesse et de couple pour une flexibilit\u00e9 maximale dans les diff\u00e9rentes applications.&lt;Br&gt;  Queue longue de 75 mm pour l&#8217;acc\u00e8s et l&#8217;adaptation aux applications dans les espaces restreints, avec un couple de d\u00e9vissage de 1500 Nm&lt;Br&gt;  Capteur de comptage de course int\u00e9gr\u00e9, pour les applications r\u00e9p\u00e9t\u00e9es, garantissant que les m\u00eames r\u00e9glages de couple sont r\u00e9p\u00e9t\u00e9s&lt;Br&gt;  Le syst\u00e8me de suivi et de s\u00e9curit\u00e9 ONE-KEY\u2122 offre un service gratuit de suivi et de gestion des stocks bas\u00e9 sur le cloud, tout en disposant de capacit\u00e9s de verrouillage \u00e0 distance et de personnalisation des performances des outils&lt;Br&gt;  La technologie FUEL\u2122 red\u00e9finit les outils \u00e9lectriques sans fil. Le moteur sans balais, l\u2019\u00e9lectronique REDLINK PLUS\u2122 et la batterie REDLITHIUM\u2122 offrent une performance et une durabilit\u00e9 sup\u00e9rieures&lt;Br&gt;  Fonctionne avec toutes les batteries MILWAUKEE\u00ae M18\u2122&lt;Br&gt;  Garantit un couple de serrage jusqu \u00ab \u00e0 1017 Nm et un couple de desserrage jusqu \u00bb \u00e0 1500 Nm&lt;Br&gt;  Personnalisation ONE-KEY\u2122 : possibilit\u00e9 de r\u00e9gler la vitesse de l&#8217;outil et la plage de couple souhait\u00e9e (1 \u00e0 10).<\/p>\n<p>BARCODE : 4058546345969<\/p>\n<p>Caract\u00e9ristiques techniques<br \/>\n18<\/p>\n<p>Livr\u00e9 sans piles, livr\u00e9 sans chargeur, valise HeavyDuty<\/p>\n","protected":false},"excerpt":{"rendered":"<p>Cl\u00e9 \u00e0 chocs M18 FUEL\u2122 \u00e0 couple \u00e9lev\u00e9 (1017 Nm) avec tige 1\/2 utile de 75 mm de long et<\/p>\n","protected":false},"featured_media":454103,"template":"","meta":{"_seopress_robots_primary_cat":"","_seopress_titles_title":"","_seopress_titles_desc":"","_seopress_robots_index":""},"product_brand":[3658],"product_cat":[1453,167,1552],"product_tag":[3273],"class_list":{"0":"post-462920","1":"product","2":"type-product","3":"status-publish","4":"has-post-thumbnail","6":"product_brand-milwaukee-fr","7":"product_cat-autres-appareils","8":"product_cat-machines","9":"product_cat-perceuses-et-tournevis","10":"product_tag-import-milwau-fr","11":"sws-gruppo-macchinari-fr","12":"sws-conto-ricavi-merci-rivendita-macchinari-fr","13":"sws-gruppo-iva-iva81-fr","15":"first","16":"onbackorder","17":"sale","18":"purchasable","19":"product-type-simple"},"_links":{"self":[{"href":"https:\/\/lucacastelli.com\/fr\/wp-json\/wp\/v2\/product\/462920","targetHints":{"allow":["GET"]}}],"collection":[{"href":"https:\/\/lucacastelli.com\/fr\/wp-json\/wp\/v2\/product"}],"about":[{"href":"https:\/\/lucacastelli.com\/fr\/wp-json\/wp\/v2\/types\/product"}],"wp:featuredmedia":[{"embeddable":true,"href":"https:\/\/lucacastelli.com\/fr\/wp-json\/wp\/v2\/media\/454103"}],"wp:attachment":[{"href":"https:\/\/lucacastelli.com\/fr\/wp-json\/wp\/v2\/media?parent=462920"}],"wp:term":[{"taxonomy":"product_brand","embeddable":true,"href":"https:\/\/lucacastelli.com\/fr\/wp-json\/wp\/v2\/product_brand?post=462920"},{"taxonomy":"product_cat","embeddable":true,"href":"https:\/\/lucacastelli.com\/fr\/wp-json\/wp\/v2\/product_cat?post=462920"},{"taxonomy":"product_tag","embeddable":true,"href":"https:\/\/lucacastelli.com\/fr\/wp-json\/wp\/v2\/product_tag?post=462920"}],"curies":[{"name":"wp","href":"https:\/\/api.w.org\/{rel}","templated":true}]}}