{"id":462917,"date":"2025-06-12T03:51:23","date_gmt":"2025-06-12T01:51:23","guid":{"rendered":"https:\/\/lucacastelli.com\/prodotto\/cle-a-chocs-28\/"},"modified":"2025-06-29T07:50:03","modified_gmt":"2025-06-29T05:50:03","slug":"cle-a-chocs-28","status":"publish","type":"product","link":"https:\/\/lucacastelli.com\/fr\/produit\/cle-a-chocs-28\/","title":{"rendered":"Cl\u00e9 \u00e0 chocs MILWAUKEE"},"content":{"rendered":"<p>Cl\u00e9 \u00e0 chocs M18 FUEL\u2122 avec technologie ONE-KEY\u2122 d\u00e9livrant un couple de 1627 Nm dans une taille compacte (seulement 213 mm de long).&lt;Br&gt;  Syst\u00e8me avec 4 modes DRIVE CONTROL permettant de choisir entre quatre r\u00e9glages de vitesse et de couple diff\u00e9rents pour une flexibilit\u00e9 maximale dans les diff\u00e9rentes applications.&lt;Br&gt;  Quatri\u00e8me mode pour un couple maximal et un contr\u00f4le in\u00e9gal\u00e9 lors de l&#8217;extraction des boulons&lt;Br&gt;  Capable de r\u00e9p\u00e9ter des applications avec une extr\u00eame pr\u00e9cision de couple&lt;Br&gt;  Le syst\u00e8me de suivi et de s\u00e9curit\u00e9 ONE-KEY\u2122 offre un service gratuit de suivi et de gestion des stocks bas\u00e9 sur le cloud, tout en disposant de capacit\u00e9s de verrouillage \u00e0 distance et de personnalisation des performances des outils&lt;Br&gt;  La technologie FUEL\u2122 red\u00e9finit les outils \u00e9lectriques sans fil. Le moteur sans balais, l\u2019\u00e9lectronique REDLINK PLUS\u2122 et la batterie REDLITHIUM\u2122 offrent des performances et une durabilit\u00e9 sup\u00e9rieures&lt;br Entra\u00eenement personnalis\u00e9 carr\u00e9 3&gt; \/4 avec anneau de friction&lt;br&gt; Fonctionne avec toutes les batteries MILWAUKEE\u00ae M18\u2122<\/p>\n<p>BARCODE : 4058546029029<\/p>\n<p>Caract\u00e9ristiques techniques<br \/>\n18<\/p>\n<p>2 x batterie M18 B5, chargeur M12-18 FC, mallette HeavyDuty<\/p>\n","protected":false},"excerpt":{"rendered":"<p>Cl\u00e9 \u00e0 chocs M18 FUEL\u2122 avec technologie ONE-KEY\u2122 d\u00e9livrant un couple de 1627 Nm dans une taille compacte (seulement 213<\/p>\n","protected":false},"featured_media":454041,"template":"","meta":{"_seopress_robots_primary_cat":"","_seopress_titles_title":"","_seopress_titles_desc":"","_seopress_robots_index":""},"product_brand":[3658],"product_cat":[1453,167,1552],"product_tag":[3273],"class_list":{"0":"post-462917","1":"product","2":"type-product","3":"status-publish","4":"has-post-thumbnail","6":"product_brand-milwaukee-fr","7":"product_cat-autres-appareils","8":"product_cat-machines","9":"product_cat-perceuses-et-tournevis","10":"product_tag-import-milwau-fr","11":"sws-gruppo-macchinari-fr","12":"sws-conto-ricavi-merci-rivendita-macchinari-fr","13":"sws-gruppo-iva-iva81-fr","15":"first","16":"onbackorder","17":"sale","18":"purchasable","19":"product-type-simple"},"_links":{"self":[{"href":"https:\/\/lucacastelli.com\/fr\/wp-json\/wp\/v2\/product\/462917","targetHints":{"allow":["GET"]}}],"collection":[{"href":"https:\/\/lucacastelli.com\/fr\/wp-json\/wp\/v2\/product"}],"about":[{"href":"https:\/\/lucacastelli.com\/fr\/wp-json\/wp\/v2\/types\/product"}],"wp:featuredmedia":[{"embeddable":true,"href":"https:\/\/lucacastelli.com\/fr\/wp-json\/wp\/v2\/media\/454041"}],"wp:attachment":[{"href":"https:\/\/lucacastelli.com\/fr\/wp-json\/wp\/v2\/media?parent=462917"}],"wp:term":[{"taxonomy":"product_brand","embeddable":true,"href":"https:\/\/lucacastelli.com\/fr\/wp-json\/wp\/v2\/product_brand?post=462917"},{"taxonomy":"product_cat","embeddable":true,"href":"https:\/\/lucacastelli.com\/fr\/wp-json\/wp\/v2\/product_cat?post=462917"},{"taxonomy":"product_tag","embeddable":true,"href":"https:\/\/lucacastelli.com\/fr\/wp-json\/wp\/v2\/product_tag?post=462917"}],"curies":[{"name":"wp","href":"https:\/\/api.w.org\/{rel}","templated":true}]}}