{"id":462911,"date":"2025-06-12T03:48:41","date_gmt":"2025-06-12T01:48:41","guid":{"rendered":"https:\/\/lucacastelli.com\/prodotto\/cle-a-chocs-27\/"},"modified":"2025-06-29T07:50:06","modified_gmt":"2025-06-29T05:50:06","slug":"cle-a-chocs-27","status":"publish","type":"product","link":"https:\/\/lucacastelli.com\/fr\/produit\/cle-a-chocs-27\/","title":{"rendered":"Cl\u00e9 \u00e0 chocs MILWAUKEE"},"content":{"rendered":"<p>La premi\u00e8re cl\u00e9 \u00e0 chocs M18 FUEL\u2122 ONE-KEY\u2122 \u00e0 couple \u00e9lev\u00e9 avec connexion 1-customs remplace les outils filaires, \u00e0 essence ou pneumatiques.&lt;Br&gt;  Syst\u00e8me avec 4 modes DRIVE CONTROL permettant de choisir entre quatre r\u00e9glages de vitesse et de couple diff\u00e9rents pour une flexibilit\u00e9 maximale dans les diff\u00e9rentes applications.&lt;Br&gt;  Capable de r\u00e9p\u00e9ter des applications avec une extr\u00eame pr\u00e9cision de couple&lt;Br&gt;  Personnalisation ONE-KEY\u2122 : possibilit\u00e9 de r\u00e9gler la vitesse de l&#8217;outil et la plage de couple souhait\u00e9e (1 \u00e0 10).&lt;Br&gt;  Gr\u00e2ce \u00e0 la technologie ONE-KEY\u2122, vous pouvez surveiller \u00e0 distance vos outils d&#8217;inventaire, savoir en permanence o\u00f9 ils se trouvent et emp\u00eacher toute alt\u00e9ration&lt;Br&gt;  Le syst\u00e8me de suivi et de s\u00e9curit\u00e9 ONE-KEY\u2122 offre un service gratuit de suivi et de gestion des stocks bas\u00e9 sur le cloud, tout en disposant de capacit\u00e9s de verrouillage \u00e0 distance et de personnalisation des performances des outils&lt;Br&gt;  Syst\u00e8me HIGH OUTPUT\u2122, augmente les performances et l\u2019autonomie de la technologie M18 FUEL\u2122&lt;Br&gt;  Fonctionne avec toutes les batteries MILWAUKEE\u00ae M18\u2122<\/p>\n<p>BARCODE : 4058546029050<\/p>\n<p>Caract\u00e9ristiques techniques<br \/>\n18<\/p>\n<p>2 x batterie M18 HB8, chargeur M12-18 FC, valise robuste, poign\u00e9e lat\u00e9rale, crochet m\u00e9tallique<\/p>\n","protected":false},"excerpt":{"rendered":"<p>La premi\u00e8re cl\u00e9 \u00e0 chocs M18 FUEL\u2122 ONE-KEY\u2122 \u00e0 couple \u00e9lev\u00e9 avec connexion 1-customs remplace les outils filaires, \u00e0 essence<\/p>\n","protected":false},"featured_media":453979,"template":"","meta":{"_seopress_robots_primary_cat":"","_seopress_titles_title":"","_seopress_titles_desc":"","_seopress_robots_index":""},"product_brand":[3658],"product_cat":[1453,167,1552],"product_tag":[3273],"class_list":{"0":"post-462911","1":"product","2":"type-product","3":"status-publish","4":"has-post-thumbnail","6":"product_brand-milwaukee-fr","7":"product_cat-autres-appareils","8":"product_cat-machines","9":"product_cat-perceuses-et-tournevis","10":"product_tag-import-milwau-fr","11":"sws-gruppo-macchinari-fr","12":"sws-conto-ricavi-merci-rivendita-macchinari-fr","13":"sws-gruppo-iva-iva81-fr","15":"first","16":"onbackorder","17":"sale","18":"purchasable","19":"product-type-simple"},"_links":{"self":[{"href":"https:\/\/lucacastelli.com\/fr\/wp-json\/wp\/v2\/product\/462911","targetHints":{"allow":["GET"]}}],"collection":[{"href":"https:\/\/lucacastelli.com\/fr\/wp-json\/wp\/v2\/product"}],"about":[{"href":"https:\/\/lucacastelli.com\/fr\/wp-json\/wp\/v2\/types\/product"}],"wp:featuredmedia":[{"embeddable":true,"href":"https:\/\/lucacastelli.com\/fr\/wp-json\/wp\/v2\/media\/453979"}],"wp:attachment":[{"href":"https:\/\/lucacastelli.com\/fr\/wp-json\/wp\/v2\/media?parent=462911"}],"wp:term":[{"taxonomy":"product_brand","embeddable":true,"href":"https:\/\/lucacastelli.com\/fr\/wp-json\/wp\/v2\/product_brand?post=462911"},{"taxonomy":"product_cat","embeddable":true,"href":"https:\/\/lucacastelli.com\/fr\/wp-json\/wp\/v2\/product_cat?post=462911"},{"taxonomy":"product_tag","embeddable":true,"href":"https:\/\/lucacastelli.com\/fr\/wp-json\/wp\/v2\/product_tag?post=462911"}],"curies":[{"name":"wp","href":"https:\/\/api.w.org\/{rel}","templated":true}]}}