{"id":462903,"date":"2025-06-12T03:38:14","date_gmt":"2025-06-12T01:38:14","guid":{"rendered":"https:\/\/lucacastelli.com\/prodotto\/cle-a-chocs-24\/"},"modified":"2025-06-29T07:50:37","modified_gmt":"2025-06-29T05:50:37","slug":"cle-a-chocs-24","status":"publish","type":"product","link":"https:\/\/lucacastelli.com\/fr\/produit\/cle-a-chocs-24\/","title":{"rendered":"Cl\u00e9 \u00e0 chocs MILWAUKEE"},"content":{"rendered":"<p>La cl\u00e9 \u00e0 chocs haute puissance M18 FUEL\u2122 d\u00e9livre un couple allant jusqu&#8217;\u00e0 2576 Nm.&lt;Br&gt;  Puissance de d\u00e9vissage jusqu&#8217;\u00e0 un couple de 2711 Nm, pour les applications de boulons M42&lt;Br&gt;  Syst\u00e8me avec 4 modes DRIVE CONTROL permettant quatre r\u00e9glages diff\u00e9rents de vitesse et de couple pour une flexibilit\u00e9 maximale dans les diff\u00e9rentes applications.&lt;Br&gt;  Capteur de comptage de coups int\u00e9gr\u00e9 pour les applications r\u00e9p\u00e9t\u00e9es&lt;Br&gt;  Le syst\u00e8me de suivi et de s\u00e9curit\u00e9 ONE-KEY\u2122 offre un service gratuit de suivi et de gestion des stocks bas\u00e9 sur le cloud, tout en disposant de capacit\u00e9s de verrouillage \u00e0 distance et de personnalisation des performances des outils&lt;Br&gt;  \u00c9clairage tri-LED pour \u00e9clairer la zone de travail&lt;Br&gt;  Syst\u00e8me HIGH OUTPUT\u2122, augmente les performances et l\u2019autonomie de la technologie M18 FUEL\u2122&lt;Br&gt;  Fonctionne avec toutes les batteries MILWAUKEE\u00ae M18\u2122&lt;Br&gt;  Personnalisation ONE-KEY\u2122 : possibilit\u00e9 de r\u00e9gler la vitesse de l&#8217;outil et la plage de couple souhait\u00e9e (1 \u00e0 10).<\/p>\n<p>BARCODE : 4058546324674<\/p>\n<p>Caract\u00e9ristiques techniques<br \/>\n18<\/p>\n<p>Fourni sans piles, fourni sans chargeur, sans mallette de transport, sans poign\u00e9e lat\u00e9rale<\/p>\n","protected":false},"excerpt":{"rendered":"<p>La cl\u00e9 \u00e0 chocs haute puissance M18 FUEL\u2122 d\u00e9livre un couple allant jusqu&#8217;\u00e0 2576 Nm.&lt;Br&gt; Puissance de d\u00e9vissage jusqu&#8217;\u00e0 un<\/p>\n","protected":false},"featured_media":453921,"template":"","meta":{"_seopress_robots_primary_cat":"","_seopress_titles_title":"","_seopress_titles_desc":"","_seopress_robots_index":""},"product_brand":[3407],"product_cat":[29,514,549],"product_tag":[3270],"class_list":{"0":"post-462903","1":"product","2":"type-product","3":"status-publish","4":"has-post-thumbnail","6":"product_brand-milwaukee","7":"product_cat-macchinari","8":"product_cat-altri-dispositivi","9":"product_cat-trapani-e-avvitatori","10":"product_tag-import-milwau","11":"sws-gruppo-macchinari-fr","12":"sws-conto-ricavi-merci-rivendita-macchinari-fr","13":"sws-gruppo-iva-iva81-fr","15":"first","16":"onbackorder","17":"sale","18":"purchasable","19":"product-type-simple"},"_links":{"self":[{"href":"https:\/\/lucacastelli.com\/fr\/wp-json\/wp\/v2\/product\/462903","targetHints":{"allow":["GET"]}}],"collection":[{"href":"https:\/\/lucacastelli.com\/fr\/wp-json\/wp\/v2\/product"}],"about":[{"href":"https:\/\/lucacastelli.com\/fr\/wp-json\/wp\/v2\/types\/product"}],"wp:featuredmedia":[{"embeddable":true,"href":"https:\/\/lucacastelli.com\/fr\/wp-json\/wp\/v2\/media\/453921"}],"wp:attachment":[{"href":"https:\/\/lucacastelli.com\/fr\/wp-json\/wp\/v2\/media?parent=462903"}],"wp:term":[{"taxonomy":"product_brand","embeddable":true,"href":"https:\/\/lucacastelli.com\/fr\/wp-json\/wp\/v2\/product_brand?post=462903"},{"taxonomy":"product_cat","embeddable":true,"href":"https:\/\/lucacastelli.com\/fr\/wp-json\/wp\/v2\/product_cat?post=462903"},{"taxonomy":"product_tag","embeddable":true,"href":"https:\/\/lucacastelli.com\/fr\/wp-json\/wp\/v2\/product_tag?post=462903"}],"curies":[{"name":"wp","href":"https:\/\/api.w.org\/{rel}","templated":true}]}}