{"id":462895,"date":"2025-06-12T03:25:58","date_gmt":"2025-06-12T01:25:58","guid":{"rendered":"https:\/\/lucacastelli.com\/prodotto\/tournevis-pour-plaques-de-platre\/"},"modified":"2025-06-29T07:51:01","modified_gmt":"2025-06-29T05:51:01","slug":"tournevis-pour-plaques-de-platre","status":"publish","type":"product","link":"https:\/\/lucacastelli.com\/fr\/produit\/tournevis-pour-plaques-de-platre\/","title":{"rendered":"MILWAUKEE Tournevis pour cloisons s\u00e8ches"},"content":{"rendered":"<p>Le moteur brushless POWERSTATE\u2122, construit par MILWAUKEE, \u00ae est capable de garantir une dur\u00e9e de vie 10 fois plus longue et jusqu\u2019\u00e0 60 % de puissance en plus&lt;Br&gt;  Le syst\u00e8me intelligent REDLINK PLUS\u2122 offre une protection num\u00e9rique avanc\u00e9e contre les surcharges pour les outils et les batteries, et am\u00e9liore consid\u00e9rablement les performances de l\u2019outil sous charge&lt;Br&gt;  La batterie REDLITHIUM\u2122 offre une construction de batterie sup\u00e9rieure, une \u00e9lectronique et des performances constantes pour offrir plus d\u2019autonomie et plus de travail pendant la dur\u00e9e de vie de la batterie&lt;Br&gt;  Technologie AUTO-START\u2122 : une fois activ\u00e9e, la visseuse pour cloisons s\u00e8ches est pr\u00eate pour le vissage en s\u00e9rie, mais ne se mettra en marche que lorsqu\u2019elle touchera le mat\u00e9riau lors de l\u2019application, vous permettant d\u2019obtenir une autonomie in\u00e9gal\u00e9e (n\u2019\u00e9tant pas en fonctionnement, et donc n\u2019utilisant pas d\u2019\u00e9nergie, dans le temps qui s\u2019\u00e9coule entre un vissage et le suivant)&lt;Br&gt;  Lib\u00e9ration rapide de l\u2019insert 1\/4 de la coulisse et du bec verseur&lt;Br&gt;  Le r\u00e9glage pr\u00e9cis de l\u2019extr\u00e9mit\u00e9 du bec peut \u00eatre ajust\u00e9 \u00e0 la profondeur de vissage souhait\u00e9e&lt;Br&gt;  Le contr\u00f4le individuel de chaque cellule individuelle optimise l\u2019autonomie et la dur\u00e9e de vie de la batterie&lt;Br&gt;  Indicateur d\u2019\u00e9tat de charge de la batterie&lt;Br&gt;  \u00c9quip\u00e9 de LED pour \u00e9clairer la zone de travail&lt;Br&gt;  Crochet en m\u00e9tal&lt;Br&gt;  Compatible avec toutes les batteries MILWAUKEE\u00ae M18\u2122<\/p>\n<p>BARCODE : 4002395289967<\/p>\n<p>Donn\u00e9es techniques<br \/>\n13<\/p>\n<p>Livr\u00e9 sans piles, livr\u00e9 sans chargeur, valise HeavyDuty<\/p>\n","protected":false},"excerpt":{"rendered":"<p>Le moteur brushless POWERSTATE\u2122, construit par MILWAUKEE, \u00ae est capable de garantir une dur\u00e9e de vie 10 fois plus longue<\/p>\n","protected":false},"featured_media":453826,"template":"","meta":{"_seopress_robots_primary_cat":"","_seopress_titles_title":"","_seopress_titles_desc":"","_seopress_robots_index":""},"product_brand":[3407],"product_cat":[29,514,549],"product_tag":[3270],"class_list":{"0":"post-462895","1":"product","2":"type-product","3":"status-publish","4":"has-post-thumbnail","6":"product_brand-milwaukee","7":"product_cat-macchinari","8":"product_cat-altri-dispositivi","9":"product_cat-trapani-e-avvitatori","10":"product_tag-import-milwau","11":"sws-gruppo-macchinari-fr","12":"sws-conto-ricavi-merci-rivendita-macchinari-fr","13":"sws-gruppo-iva-iva81-fr","15":"first","16":"onbackorder","17":"sale","18":"purchasable","19":"product-type-simple"},"_links":{"self":[{"href":"https:\/\/lucacastelli.com\/fr\/wp-json\/wp\/v2\/product\/462895","targetHints":{"allow":["GET"]}}],"collection":[{"href":"https:\/\/lucacastelli.com\/fr\/wp-json\/wp\/v2\/product"}],"about":[{"href":"https:\/\/lucacastelli.com\/fr\/wp-json\/wp\/v2\/types\/product"}],"wp:featuredmedia":[{"embeddable":true,"href":"https:\/\/lucacastelli.com\/fr\/wp-json\/wp\/v2\/media\/453826"}],"wp:attachment":[{"href":"https:\/\/lucacastelli.com\/fr\/wp-json\/wp\/v2\/media?parent=462895"}],"wp:term":[{"taxonomy":"product_brand","embeddable":true,"href":"https:\/\/lucacastelli.com\/fr\/wp-json\/wp\/v2\/product_brand?post=462895"},{"taxonomy":"product_cat","embeddable":true,"href":"https:\/\/lucacastelli.com\/fr\/wp-json\/wp\/v2\/product_cat?post=462895"},{"taxonomy":"product_tag","embeddable":true,"href":"https:\/\/lucacastelli.com\/fr\/wp-json\/wp\/v2\/product_tag?post=462895"}],"curies":[{"name":"wp","href":"https:\/\/api.w.org\/{rel}","templated":true}]}}