{"id":462890,"date":"2025-06-12T03:25:16","date_gmt":"2025-06-12T01:25:16","guid":{"rendered":"https:\/\/lucacastelli.com\/prodotto\/cle-a-chocs-20\/"},"modified":"2025-06-29T07:50:56","modified_gmt":"2025-06-29T05:50:56","slug":"cle-a-chocs-20","status":"publish","type":"product","link":"https:\/\/lucacastelli.com\/fr\/produit\/cle-a-chocs-20\/","title":{"rendered":"Cl\u00e9 \u00e0 chocs MILWAUKEE"},"content":{"rendered":"<p>Cl\u00e9 \u00e0 impulsion avec t\u00eate angulaire extr\u00eamement compacte, d&#8217;une longueur de seulement 307 mm, id\u00e9ale pour les espaces restreints&lt;Br&gt;  L&#8217;\u00e9lectronique REDLINK\u2122 prot\u00e8ge le moteur et la batterie contre les surcharges et am\u00e9liore les performances de l&#8217;outil.&lt;Br&gt;  Bo\u00eete de vitesses en m\u00e9tal pour une durabilit\u00e9 et un couple maximal&lt;Br&gt;  T\u00eate angulaire compacte, seulement 53 mm. Longueur de l&#8217;outil 355 mm&lt;Br&gt;  Commutateur pratique et large&lt;Br&gt;  Douille hexagonale 1\/4&#8243; avec changement d&#8217;insert rapide&lt;Br&gt;  2 vitesses pour une plus grande polyvalence&lt;Br&gt;  Surveillance constante de chaque cellule pour garantir un cycle de charge et de d\u00e9charge efficace&lt;Br&gt;  Indicateur d&#8217;\u00e9tat de charge de la batterie et lumi\u00e8re LED&lt;Br&gt;  La batterie REDLITHIUM\u2122 offre une construction de batterie sup\u00e9rieure, une \u00e9lectronique et des performances constantes pour offrir plus d\u2019autonomie et plus de travail pendant la dur\u00e9e de vie de la batterie&lt;Br&gt;  Fonctionne avec toutes les batteries Milwaukee M18\u2122 18V platform<\/p>\n<p>BARCODE : 4002395006663<\/p>\n<p>Caract\u00e9ristiques techniques<br \/>\n1\/4<\/p>\n<p>Livr\u00e9 sans piles, livr\u00e9 sans chargeur, livr\u00e9 sans kitbox ni sac<\/p>\n","protected":false},"excerpt":{"rendered":"<p>Cl\u00e9 \u00e0 impulsion avec t\u00eate angulaire extr\u00eamement compacte, d&#8217;une longueur de seulement 307 mm, id\u00e9ale pour les espaces restreints&lt;Br&gt; L&#8217;\u00e9lectronique<\/p>\n","protected":false},"featured_media":435909,"template":"","meta":{"_seopress_robots_primary_cat":"","_seopress_titles_title":"","_seopress_titles_desc":"","_seopress_robots_index":""},"product_brand":[3658],"product_cat":[1453,167,1552],"product_tag":[3273],"class_list":{"0":"post-462890","1":"product","2":"type-product","3":"status-publish","4":"has-post-thumbnail","6":"product_brand-milwaukee-fr","7":"product_cat-autres-appareils","8":"product_cat-machines","9":"product_cat-perceuses-et-tournevis","10":"product_tag-import-milwau-fr","11":"sws-gruppo-macchinari-fr","12":"sws-conto-ricavi-merci-rivendita-macchinari-fr","13":"sws-gruppo-iva-iva81-fr","15":"first","16":"onbackorder","17":"sale","18":"purchasable","19":"product-type-simple"},"_links":{"self":[{"href":"https:\/\/lucacastelli.com\/fr\/wp-json\/wp\/v2\/product\/462890","targetHints":{"allow":["GET"]}}],"collection":[{"href":"https:\/\/lucacastelli.com\/fr\/wp-json\/wp\/v2\/product"}],"about":[{"href":"https:\/\/lucacastelli.com\/fr\/wp-json\/wp\/v2\/types\/product"}],"wp:featuredmedia":[{"embeddable":true,"href":"https:\/\/lucacastelli.com\/fr\/wp-json\/wp\/v2\/media\/435909"}],"wp:attachment":[{"href":"https:\/\/lucacastelli.com\/fr\/wp-json\/wp\/v2\/media?parent=462890"}],"wp:term":[{"taxonomy":"product_brand","embeddable":true,"href":"https:\/\/lucacastelli.com\/fr\/wp-json\/wp\/v2\/product_brand?post=462890"},{"taxonomy":"product_cat","embeddable":true,"href":"https:\/\/lucacastelli.com\/fr\/wp-json\/wp\/v2\/product_cat?post=462890"},{"taxonomy":"product_tag","embeddable":true,"href":"https:\/\/lucacastelli.com\/fr\/wp-json\/wp\/v2\/product_tag?post=462890"}],"curies":[{"name":"wp","href":"https:\/\/api.w.org\/{rel}","templated":true}]}}