{"id":462881,"date":"2025-06-12T03:24:01","date_gmt":"2025-06-12T01:24:01","guid":{"rendered":"https:\/\/lucacastelli.com\/prodotto\/cle-a-chocs-18\/"},"modified":"2025-06-29T07:51:19","modified_gmt":"2025-06-29T05:51:19","slug":"cle-a-chocs-18","status":"publish","type":"product","link":"https:\/\/lucacastelli.com\/fr\/produit\/cle-a-chocs-18\/","title":{"rendered":"Cl\u00e9 \u00e0 chocs MILWAUKEE"},"content":{"rendered":"<p>Seulement 130 mm de long&lt;Br&gt;  La technologie du moteur sans balais permet d&#8217;obtenir un couple maximal de 180 Nm, 3 400 tr\/min et 4 200 impacts par minute.&lt;Br&gt;  Engrenages et bo\u00eete de vitesses en m\u00e9tal pour une durabilit\u00e9 et un couple maximal&lt;Br&gt;  L&#8217;\u00e9lectronique REDLINK\u2122 prot\u00e8ge l&#8217;outil et la batterie contre les surcharges, garantissant une dur\u00e9e de vie plus longue.&lt;Br&gt;  La batterie REDLITHIUM\u2122 offre une construction de batterie sup\u00e9rieure, une \u00e9lectronique et des performances constantes pour offrir plus d\u2019autonomie et plus de travail pendant la dur\u00e9e de vie de la batterie&lt;Br&gt;  Lumi\u00e8re LED extr\u00eamement lumineuse pour \u00e9clairer la zone de travail&lt;Br&gt;  Crochet de ceinture en m\u00e9tal&lt;Br&gt;  Fonctionne avec toutes les batteries Milwaukee M18\u2122  <\/p>\n<p>BARCODE : 4058546224790<\/p>\n<p>Donn\u00e9es techniques<br \/>\n1.7 (M18 B4)<\/p>\n<p>2 x batterie M18 B4, chargeur M12-18 C, mallette de transport<\/p>\n","protected":false},"excerpt":{"rendered":"<p>Seulement 130 mm de long&lt;Br&gt; La technologie du moteur sans balais permet d&#8217;obtenir un couple maximal de 180 Nm, 3<\/p>\n","protected":false},"featured_media":435830,"template":"","meta":{"_seopress_robots_primary_cat":"","_seopress_titles_title":"","_seopress_titles_desc":"","_seopress_robots_index":""},"product_brand":[3407],"product_cat":[29,514,549],"product_tag":[3270],"class_list":{"0":"post-462881","1":"product","2":"type-product","3":"status-publish","4":"has-post-thumbnail","6":"product_brand-milwaukee","7":"product_cat-macchinari","8":"product_cat-altri-dispositivi","9":"product_cat-trapani-e-avvitatori","10":"product_tag-import-milwau","11":"sws-gruppo-macchinari-fr","12":"sws-conto-ricavi-merci-rivendita-macchinari-fr","13":"sws-gruppo-iva-iva81-fr","15":"first","16":"onbackorder","17":"sale","18":"purchasable","19":"product-type-simple"},"_links":{"self":[{"href":"https:\/\/lucacastelli.com\/fr\/wp-json\/wp\/v2\/product\/462881","targetHints":{"allow":["GET"]}}],"collection":[{"href":"https:\/\/lucacastelli.com\/fr\/wp-json\/wp\/v2\/product"}],"about":[{"href":"https:\/\/lucacastelli.com\/fr\/wp-json\/wp\/v2\/types\/product"}],"wp:featuredmedia":[{"embeddable":true,"href":"https:\/\/lucacastelli.com\/fr\/wp-json\/wp\/v2\/media\/435830"}],"wp:attachment":[{"href":"https:\/\/lucacastelli.com\/fr\/wp-json\/wp\/v2\/media?parent=462881"}],"wp:term":[{"taxonomy":"product_brand","embeddable":true,"href":"https:\/\/lucacastelli.com\/fr\/wp-json\/wp\/v2\/product_brand?post=462881"},{"taxonomy":"product_cat","embeddable":true,"href":"https:\/\/lucacastelli.com\/fr\/wp-json\/wp\/v2\/product_cat?post=462881"},{"taxonomy":"product_tag","embeddable":true,"href":"https:\/\/lucacastelli.com\/fr\/wp-json\/wp\/v2\/product_tag?post=462881"}],"curies":[{"name":"wp","href":"https:\/\/api.w.org\/{rel}","templated":true}]}}