{"id":462880,"date":"2025-06-12T03:23:02","date_gmt":"2025-06-12T01:23:02","guid":{"rendered":"https:\/\/lucacastelli.com\/prodotto\/cle-a-chocs-17\/"},"modified":"2025-06-29T07:51:45","modified_gmt":"2025-06-29T05:51:45","slug":"cle-a-chocs-17","status":"publish","type":"product","link":"https:\/\/lucacastelli.com\/fr\/produit\/cle-a-chocs-17\/","title":{"rendered":"Cl\u00e9 \u00e0 chocs MILWAUKEE"},"content":{"rendered":"<p>La cl\u00e9 \u00e0 chocs M18 FUEL\u2122 SURGE\u2122 avec douille hexagonale 1\/4 est la solution la plus silencieuse du march\u00e9 pour le vissage&lt;Br&gt;  Le m\u00e9canisme hydraulique FLUID-DRIVE\u2122 r\u00e9duit l&#8217;impact m\u00e9tal sur m\u00e9tal \u00e0 l&#8217;int\u00e9rieur de l&#8217;outil, ce qui se traduit par des applications plus silencieuses, un fonctionnement plus souple et une dur\u00e9e de vie plus longue que les cl\u00e9s \u00e0 chocs standard.&lt;Br&gt;  Performances de d\u00e9marrage sur le bois \u00e9gales \u00e0 celles des cl\u00e9s \u00e0 chocs sans balais&lt;Br&gt;  Le moteur sans balais POWERSTATE\u2122 permet d&#8217;atteindre jusqu&#8217;\u00e0 3000 G\/MIN avec une puissance constante, pour un vissage plus rapide.&lt;Br&gt;  Le syst\u00e8me intelligent REDLINK PLUS\u2122 offre une protection num\u00e9rique avanc\u00e9e contre les surcharges pour les outils et les batteries, et am\u00e9liore consid\u00e9rablement les performances de l\u2019outil sous charge&lt;Br&gt;  L&#8217;\u00e9lectronique Milwaukee\u00ae DRIVE CONTROL permet de s\u00e9lectionner 4 r\u00e9glages de vitesse et de couple diff\u00e9rents, offrant ainsi une polyvalence maximale pour chaque application.&lt;Br&gt;  Le mode auto-per\u00e7age est con\u00e7u pour r\u00e9duire la vitesse lorsque la vis commence \u00e0 s&#8217;auto-fileter, \u00e9vitant ainsi qu&#8217;elle ne s&#8217;arrache ou ne se casse.&lt;Br&gt;  La batterie REDLITHIUM\u2122 offre une construction de batterie sup\u00e9rieure, une \u00e9lectronique et des performances constantes pour offrir plus d\u2019autonomie et plus de travail pendant la dur\u00e9e de vie de la batterie&lt;Br&gt;  Le contr\u00f4le individuel de chaque cellule individuelle optimise l\u2019autonomie et la dur\u00e9e de vie de la batterie&lt;Br&gt;  Douille hexagonale 1\/4dogan&lt;Br&gt;  Indicateur d&#8217;\u00e9tat de charge de la batterie et lumi\u00e8re LED&lt;Br&gt;  Compatible avec toutes les batteries MILWAUKEE\u00ae M18\u2122<\/p>\n<p>BARCODE : 4002395277636<\/p>\n<p>Donn\u00e9es techniques<br \/>\n1.7 (M18 B5)<\/p>\n<p>2 x batterie M18 B5, chargeur M12-18 FC, mallette HeavyDuty<\/p>\n","protected":false},"excerpt":{"rendered":"<p>La cl\u00e9 \u00e0 chocs M18 FUEL\u2122 SURGE\u2122 avec douille hexagonale 1\/4 est la solution la plus silencieuse du march\u00e9 pour<\/p>\n","protected":false},"featured_media":435760,"template":"","meta":{"_seopress_robots_primary_cat":"","_seopress_titles_title":"","_seopress_titles_desc":"","_seopress_robots_index":""},"product_brand":[3658],"product_cat":[1453,167,1552],"product_tag":[3273],"class_list":{"0":"post-462880","1":"product","2":"type-product","3":"status-publish","4":"has-post-thumbnail","6":"product_brand-milwaukee-fr","7":"product_cat-autres-appareils","8":"product_cat-machines","9":"product_cat-perceuses-et-tournevis","10":"product_tag-import-milwau-fr","11":"sws-gruppo-macchinari-fr","12":"sws-conto-ricavi-merci-rivendita-macchinari-fr","13":"sws-gruppo-iva-iva81-fr","15":"first","16":"onbackorder","17":"sale","18":"purchasable","19":"product-type-simple"},"_links":{"self":[{"href":"https:\/\/lucacastelli.com\/fr\/wp-json\/wp\/v2\/product\/462880","targetHints":{"allow":["GET"]}}],"collection":[{"href":"https:\/\/lucacastelli.com\/fr\/wp-json\/wp\/v2\/product"}],"about":[{"href":"https:\/\/lucacastelli.com\/fr\/wp-json\/wp\/v2\/types\/product"}],"wp:featuredmedia":[{"embeddable":true,"href":"https:\/\/lucacastelli.com\/fr\/wp-json\/wp\/v2\/media\/435760"}],"wp:attachment":[{"href":"https:\/\/lucacastelli.com\/fr\/wp-json\/wp\/v2\/media?parent=462880"}],"wp:term":[{"taxonomy":"product_brand","embeddable":true,"href":"https:\/\/lucacastelli.com\/fr\/wp-json\/wp\/v2\/product_brand?post=462880"},{"taxonomy":"product_cat","embeddable":true,"href":"https:\/\/lucacastelli.com\/fr\/wp-json\/wp\/v2\/product_cat?post=462880"},{"taxonomy":"product_tag","embeddable":true,"href":"https:\/\/lucacastelli.com\/fr\/wp-json\/wp\/v2\/product_tag?post=462880"}],"curies":[{"name":"wp","href":"https:\/\/api.w.org\/{rel}","templated":true}]}}