{"id":462875,"date":"2025-06-12T03:23:33","date_gmt":"2025-06-12T01:23:33","guid":{"rendered":"https:\/\/lucacastelli.com\/prodotto\/cle-a-chocs-16\/"},"modified":"2025-06-29T07:51:42","modified_gmt":"2025-06-29T05:51:42","slug":"cle-a-chocs-16","status":"publish","type":"product","link":"https:\/\/lucacastelli.com\/fr\/produit\/cle-a-chocs-16\/","title":{"rendered":"Cl\u00e9 \u00e0 chocs MILWAUKEE"},"content":{"rendered":"<p>Cl\u00e9 \u00e0 impulsion avec moteur sans balais extr\u00eamement compact, seulement 130 mm de long&lt;Br&gt;  La technologie du moteur sans balais permet d&#8217;obtenir un couple maximal de 180 Nm, \u00e0 3400 et 4200 tr\/min.&lt;Br&gt;  Le syst\u00e8me Milwaukee\u00ae DRIVE CONTROL permet de choisir entre trois r\u00e9glages de vitesse et de couple diff\u00e9rents pour maximiser la polyvalence.&lt;Br&gt;  Douille hexagonale 1\/4&#8243; avec changement d&#8217;insert d&#8217;une seule main&lt;Br&gt;  Bo\u00eete de vitesses et engrenages enti\u00e8rement m\u00e9talliques pour un couple maximal et une meilleure durabilit\u00e9&lt;Br&gt;  Lumi\u00e8re LED pour \u00e9clairer la zone de travail&lt;Br&gt;  L&#8217;\u00e9lectronique REDLINK\u2122 pour une meilleure protection contre les surcharges et une dur\u00e9e de vie plus longue de la batterie.&lt;Br&gt;  La batterie REDLITHIUM\u2122 offre une construction de batterie sup\u00e9rieure, une \u00e9lectronique et des performances constantes pour offrir plus d\u2019autonomie et plus de travail pendant la dur\u00e9e de vie de la batterie&lt;Br&gt;  Crochet de ceinture en m\u00e9tal&lt;Br&gt;  Fonctionne avec toutes les batteries Milwaukee M18\u2122  <\/p>\n<p>BARCODE : 4058546224646<\/p>\n<p>Caract\u00e9ristiques techniques<br \/>\n1\/4<\/p>\n<p>Livr\u00e9 sans piles, livr\u00e9 sans chargeur, valise HeavyDuty<\/p>\n","protected":false},"excerpt":{"rendered":"<p>Cl\u00e9 \u00e0 impulsion avec moteur sans balais extr\u00eamement compact, seulement 130 mm de long&lt;Br&gt; La technologie du moteur sans balais<\/p>\n","protected":false},"featured_media":435797,"template":"","meta":{"_seopress_robots_primary_cat":"","_seopress_titles_title":"","_seopress_titles_desc":"","_seopress_robots_index":""},"product_brand":[3407],"product_cat":[29,514,549],"product_tag":[3270],"class_list":{"0":"post-462875","1":"product","2":"type-product","3":"status-publish","4":"has-post-thumbnail","6":"product_brand-milwaukee","7":"product_cat-macchinari","8":"product_cat-altri-dispositivi","9":"product_cat-trapani-e-avvitatori","10":"product_tag-import-milwau","11":"sws-gruppo-macchinari-fr","12":"sws-conto-ricavi-merci-rivendita-macchinari-fr","13":"sws-gruppo-iva-iva81-fr","15":"first","16":"onbackorder","17":"sale","18":"purchasable","19":"product-type-simple"},"_links":{"self":[{"href":"https:\/\/lucacastelli.com\/fr\/wp-json\/wp\/v2\/product\/462875","targetHints":{"allow":["GET"]}}],"collection":[{"href":"https:\/\/lucacastelli.com\/fr\/wp-json\/wp\/v2\/product"}],"about":[{"href":"https:\/\/lucacastelli.com\/fr\/wp-json\/wp\/v2\/types\/product"}],"wp:featuredmedia":[{"embeddable":true,"href":"https:\/\/lucacastelli.com\/fr\/wp-json\/wp\/v2\/media\/435797"}],"wp:attachment":[{"href":"https:\/\/lucacastelli.com\/fr\/wp-json\/wp\/v2\/media?parent=462875"}],"wp:term":[{"taxonomy":"product_brand","embeddable":true,"href":"https:\/\/lucacastelli.com\/fr\/wp-json\/wp\/v2\/product_brand?post=462875"},{"taxonomy":"product_cat","embeddable":true,"href":"https:\/\/lucacastelli.com\/fr\/wp-json\/wp\/v2\/product_cat?post=462875"},{"taxonomy":"product_tag","embeddable":true,"href":"https:\/\/lucacastelli.com\/fr\/wp-json\/wp\/v2\/product_tag?post=462875"}],"curies":[{"name":"wp","href":"https:\/\/api.w.org\/{rel}","templated":true}]}}