{"id":462874,"date":"2025-06-12T03:22:27","date_gmt":"2025-06-12T01:22:27","guid":{"rendered":"https:\/\/lucacastelli.com\/prodotto\/cle-a-chocs-15\/"},"modified":"2025-06-29T07:51:41","modified_gmt":"2025-06-29T05:51:41","slug":"cle-a-chocs-15","status":"publish","type":"product","link":"https:\/\/lucacastelli.com\/fr\/produit\/cle-a-chocs-15\/","title":{"rendered":"Cl\u00e9 \u00e0 chocs MILWAUKEE"},"content":{"rendered":"<p>Couple de 226 Nm&lt;Br&gt;  Les inserts peuvent \u00eatre ins\u00e9r\u00e9s d&#8217;une seule main&lt;Br&gt;  Crochet de ceinture en m\u00e9tal&lt;Br&gt;  Le plus puissant&lt;Br&gt;  Fonction d&#8217;acc\u00e9l\u00e9ration contr\u00f4l\u00e9e (Ultimate Trigger Control)&lt;Br&gt;  Vitesse, puissance et contr\u00f4le sans compromis sur le site&lt;Br&gt;  Trois lampes LED \u00e0 l&#8217;avant \u00e9clairent parfaitement la zone de travail&lt;Br&gt;  Commande ZollDrive \u00e0 4 vitessesZoll&lt;Br&gt;  3900 tr\/min&lt;Br&gt;  Poids de 1,0 kg&lt;Br&gt;  Compatible avec toutes les batteries et tous les chargeurs M18\u2122.<\/p>\n<p>BARCODE : 4058546376598<\/p>\n<p>Donn\u00e9es techniques<br \/>\n1.0<\/p>\n<p>2 x batterie M18 B5, chargeur M12-18 FC, valise robuste, crochet de ceinture et support d&#8217;insert<\/p>\n","protected":false},"excerpt":{"rendered":"<p>Couple de 226 Nm&lt;Br&gt; Les inserts peuvent \u00eatre ins\u00e9r\u00e9s d&#8217;une seule main&lt;Br&gt; Crochet de ceinture en m\u00e9tal&lt;Br&gt; Le plus puissant&lt;Br&gt;<\/p>\n","protected":false},"featured_media":435723,"template":"","meta":{"_seopress_robots_primary_cat":"","_seopress_titles_title":"","_seopress_titles_desc":"","_seopress_robots_index":""},"product_brand":[3658],"product_cat":[1453,167,1552],"product_tag":[3273],"class_list":{"0":"post-462874","1":"product","2":"type-product","3":"status-publish","4":"has-post-thumbnail","6":"product_brand-milwaukee-fr","7":"product_cat-autres-appareils","8":"product_cat-machines","9":"product_cat-perceuses-et-tournevis","10":"product_tag-import-milwau-fr","11":"sws-gruppo-macchinari-fr","12":"sws-conto-ricavi-merci-rivendita-macchinari-fr","13":"sws-gruppo-iva-iva81-fr","15":"first","16":"onbackorder","17":"sale","18":"purchasable","19":"product-type-simple"},"_links":{"self":[{"href":"https:\/\/lucacastelli.com\/fr\/wp-json\/wp\/v2\/product\/462874","targetHints":{"allow":["GET"]}}],"collection":[{"href":"https:\/\/lucacastelli.com\/fr\/wp-json\/wp\/v2\/product"}],"about":[{"href":"https:\/\/lucacastelli.com\/fr\/wp-json\/wp\/v2\/types\/product"}],"wp:featuredmedia":[{"embeddable":true,"href":"https:\/\/lucacastelli.com\/fr\/wp-json\/wp\/v2\/media\/435723"}],"wp:attachment":[{"href":"https:\/\/lucacastelli.com\/fr\/wp-json\/wp\/v2\/media?parent=462874"}],"wp:term":[{"taxonomy":"product_brand","embeddable":true,"href":"https:\/\/lucacastelli.com\/fr\/wp-json\/wp\/v2\/product_brand?post=462874"},{"taxonomy":"product_cat","embeddable":true,"href":"https:\/\/lucacastelli.com\/fr\/wp-json\/wp\/v2\/product_cat?post=462874"},{"taxonomy":"product_tag","embeddable":true,"href":"https:\/\/lucacastelli.com\/fr\/wp-json\/wp\/v2\/product_tag?post=462874"}],"curies":[{"name":"wp","href":"https:\/\/api.w.org\/{rel}","templated":true}]}}