{"id":462860,"date":"2025-06-12T03:18:11","date_gmt":"2025-06-12T01:18:11","guid":{"rendered":"https:\/\/lucacastelli.com\/prodotto\/perceuse-avec-percussion-7\/"},"modified":"2025-06-29T07:52:29","modified_gmt":"2025-06-29T05:52:29","slug":"perceuse-avec-percussion-7","status":"publish","type":"product","link":"https:\/\/lucacastelli.com\/fr\/produit\/perceuse-avec-percussion-7\/","title":{"rendered":"MILWAUKEE Perceuse \u00e0 percussion"},"content":{"rendered":"<p>Le nouveau moteur puissant sans balais fournit un couple maximal sup\u00e9rieur de 40 % \u00e0 celui du mod\u00e8le pr\u00e9c\u00e9dent, soit jusqu&#8217;\u00e0 82 Nm.&lt;Br&gt;  Longueur totale de 180 mm seulement&lt;Br&gt;  Nouveau mandrin m\u00e9tallique de 13 mm pour une meilleure r\u00e9tention du porte-plaquette et une meilleure prise en main&lt;Br&gt;  L&#8217;\u00e9lectronique REDLINK\u2122 pour une meilleure protection contre les surcharges et une dur\u00e9e de vie plus longue de la batterie.&lt;Br&gt;  La batterie REDLITHIUM\u2122 offre une construction de batterie sup\u00e9rieure, une \u00e9lectronique et des performances constantes pour offrir plus d\u2019autonomie et plus de travail pendant la dur\u00e9e de vie de la batterie&lt;Br&gt;  Vitesse optimis\u00e9e pour les applications de per\u00e7age et de vissage (0-550 \/ 0-1800 tr\/min)&lt;Br&gt;  \u00c9tat de charge de la batterie et lumi\u00e8re LED pour \u00e9clairer la zone de travail&lt;Br&gt;  Fonctionne avec toutes les batteries Milwaukee M18\u2122  <\/p>\n<p>BARCODE : 4058546224615<\/p>\n<p>Donn\u00e9es techniques<br \/>\n13<\/p>\n<p>Livr\u00e9 sans piles, livr\u00e9 sans chargeur, valise HeavyDuty<\/p>\n","protected":false},"excerpt":{"rendered":"<p>Le nouveau moteur puissant sans balais fournit un couple maximal sup\u00e9rieur de 40 % \u00e0 celui du mod\u00e8le pr\u00e9c\u00e9dent, soit<\/p>\n","protected":false},"featured_media":435203,"template":"","meta":{"_seopress_robots_primary_cat":"","_seopress_titles_title":"","_seopress_titles_desc":"","_seopress_robots_index":""},"product_brand":[3658],"product_cat":[1453,167,1552],"product_tag":[3273],"class_list":{"0":"post-462860","1":"product","2":"type-product","3":"status-publish","4":"has-post-thumbnail","6":"product_brand-milwaukee-fr","7":"product_cat-autres-appareils","8":"product_cat-machines","9":"product_cat-perceuses-et-tournevis","10":"product_tag-import-milwau-fr","11":"sws-gruppo-macchinari-fr","12":"sws-conto-ricavi-merci-rivendita-macchinari-fr","13":"sws-gruppo-iva-iva81-fr","15":"first","16":"onbackorder","17":"sale","18":"purchasable","19":"product-type-simple"},"_links":{"self":[{"href":"https:\/\/lucacastelli.com\/fr\/wp-json\/wp\/v2\/product\/462860","targetHints":{"allow":["GET"]}}],"collection":[{"href":"https:\/\/lucacastelli.com\/fr\/wp-json\/wp\/v2\/product"}],"about":[{"href":"https:\/\/lucacastelli.com\/fr\/wp-json\/wp\/v2\/types\/product"}],"wp:featuredmedia":[{"embeddable":true,"href":"https:\/\/lucacastelli.com\/fr\/wp-json\/wp\/v2\/media\/435203"}],"wp:attachment":[{"href":"https:\/\/lucacastelli.com\/fr\/wp-json\/wp\/v2\/media?parent=462860"}],"wp:term":[{"taxonomy":"product_brand","embeddable":true,"href":"https:\/\/lucacastelli.com\/fr\/wp-json\/wp\/v2\/product_brand?post=462860"},{"taxonomy":"product_cat","embeddable":true,"href":"https:\/\/lucacastelli.com\/fr\/wp-json\/wp\/v2\/product_cat?post=462860"},{"taxonomy":"product_tag","embeddable":true,"href":"https:\/\/lucacastelli.com\/fr\/wp-json\/wp\/v2\/product_tag?post=462860"}],"curies":[{"name":"wp","href":"https:\/\/api.w.org\/{rel}","templated":true}]}}