{"id":462851,"date":"2025-06-13T04:19:02","date_gmt":"2025-06-13T02:19:02","guid":{"rendered":"https:\/\/lucacastelli.com\/prodotto\/meuleuse-dangle-9\/"},"modified":"2025-06-29T07:46:06","modified_gmt":"2025-06-29T05:46:06","slug":"meuleuse-dangle-9","status":"publish","type":"product","link":"https:\/\/lucacastelli.com\/fr\/produit\/meuleuse-dangle-9\/","title":{"rendered":"MILWAUKEE Meuleuse d\u2019angle"},"content":{"rendered":"<p>S\u00e9lecteur \u00e0 5 vitesses pour les applications sur l&#8217;acier inoxydable et l&#8217;aluminium ou pour enlever la rouille et la peinture, pour un contr\u00f4le maximal.&lt;Br&gt;  Capacit\u00e9 de performance de 1 200 W&lt;Br&gt;  Syst\u00e8me RAPIDSTOP\u2122 capable de freiner le disque en moins de 2 secondes, pour une plus grande s\u00e9curit\u00e9.&lt;Br&gt;  Interrupteur \u00e0 palette non verrouillable et protection contre le red\u00e9marrage accidentel&lt;Br&gt;  Poign\u00e9e lat\u00e9rale anti-vibration AVS&lt;Br&gt;  Syst\u00e8me FIXTEC\u2122 pour le remplacement des disques sans outil.&lt;Br&gt;  Poign\u00e9e ergonomique&lt;Br&gt;  Grilles anti-poussi\u00e8re amovibles pour prot\u00e9ger le moteur de la poussi\u00e8re abrasive&lt;Br&gt;  Coque \u00e0 d\u00e9gagement rapide : capacit\u00e9 de coupe maximale et r\u00e9glage rapide&lt;Br&gt;  La technologie FUEL\u2122 red\u00e9finit les outils \u00e9lectriques sans fil. Le moteur sans balais, l\u2019\u00e9lectronique REDLINK PLUS\u2122 et la batterie REDLITHIUM\u2122 offrent des performances et une durabilit\u00e9 sup\u00e9rieures&lt;br&gt; Fonctionne avec toutes les batteries MILWAUKEE\u00ae M18\u2122 <\/p>\n<p>BARCODE : 4058546346287<\/p>\n<p>Donn\u00e9es techniques<br \/>\nTotmannschalter<\/p>\n<p>Fourni sans batteries, fourni sans chargeur, mallette de transport HeavyDuty, capuchon d&#8217;\u00e9bavurage et clip de coupe \u00e0 d\u00e9gagement rapide, poign\u00e9e lat\u00e9rale anti-vibration AVS, bride et contre-bride, cl\u00e9 \u00e0 fourche, grilles de protection contre la poussi\u00e8re.<\/p>\n","protected":false},"excerpt":{"rendered":"<p>S\u00e9lecteur \u00e0 5 vitesses pour les applications sur l&#8217;acier inoxydable et l&#8217;aluminium ou pour enlever la rouille et la peinture,<\/p>\n","protected":false},"featured_media":455016,"template":"","meta":{"_seopress_robots_primary_cat":"","_seopress_titles_title":"","_seopress_titles_desc":"","_seopress_robots_index":""},"product_brand":[3407],"product_cat":[29,514,555],"product_tag":[3270],"class_list":{"0":"post-462851","1":"product","2":"type-product","3":"status-publish","4":"has-post-thumbnail","6":"product_brand-milwaukee","7":"product_cat-macchinari","8":"product_cat-altri-dispositivi","9":"product_cat-smerigliatrici","10":"product_tag-import-milwau","11":"sws-gruppo-macchinari-fr","12":"sws-conto-ricavi-merci-rivendita-macchinari-fr","13":"sws-gruppo-iva-iva81-fr","15":"first","16":"onbackorder","17":"purchasable","18":"product-type-simple"},"_links":{"self":[{"href":"https:\/\/lucacastelli.com\/fr\/wp-json\/wp\/v2\/product\/462851","targetHints":{"allow":["GET"]}}],"collection":[{"href":"https:\/\/lucacastelli.com\/fr\/wp-json\/wp\/v2\/product"}],"about":[{"href":"https:\/\/lucacastelli.com\/fr\/wp-json\/wp\/v2\/types\/product"}],"wp:featuredmedia":[{"embeddable":true,"href":"https:\/\/lucacastelli.com\/fr\/wp-json\/wp\/v2\/media\/455016"}],"wp:attachment":[{"href":"https:\/\/lucacastelli.com\/fr\/wp-json\/wp\/v2\/media?parent=462851"}],"wp:term":[{"taxonomy":"product_brand","embeddable":true,"href":"https:\/\/lucacastelli.com\/fr\/wp-json\/wp\/v2\/product_brand?post=462851"},{"taxonomy":"product_cat","embeddable":true,"href":"https:\/\/lucacastelli.com\/fr\/wp-json\/wp\/v2\/product_cat?post=462851"},{"taxonomy":"product_tag","embeddable":true,"href":"https:\/\/lucacastelli.com\/fr\/wp-json\/wp\/v2\/product_tag?post=462851"}],"curies":[{"name":"wp","href":"https:\/\/api.w.org\/{rel}","templated":true}]}}