{"id":462850,"date":"2025-06-13T05:17:17","date_gmt":"2025-06-13T03:17:17","guid":{"rendered":"https:\/\/lucacastelli.com\/prodotto\/cisaillement\/"},"modified":"2025-06-29T07:43:38","modified_gmt":"2025-06-29T05:43:38","slug":"cisaillement","status":"publish","type":"product","link":"https:\/\/lucacastelli.com\/fr\/produit\/cisaillement\/","title":{"rendered":"Cisaille MILWAUKEE"},"content":{"rendered":"<p>Coupes pr\u00e9cises avec une profondeur de coupe maximale de 2,0 mm dans l&#8217;acier&lt;Br&gt;  Rotation de la t\u00eate \u00e0 360\u00b0 avec 12 positions de verrouillage pour permettre l\u2019acc\u00e8s dans les espaces restreints&lt;Br&gt;  L&#8217;\u00e9lectronique intelligente REDLINK\u2122 prot\u00e8ge le moteur et la batterie contre les surcharges et am\u00e9liore les performances de l&#8217;outil.&lt;Br&gt;  Surveillance constante de chaque cellule pour garantir un cycle de charge et de d\u00e9charge efficace&lt;Br&gt;  Poign\u00e9e en ligne pour un meilleur contr\u00f4le&lt;Br&gt;  Interrupteur \u00e9lectronique pour un meilleur contr\u00f4le pendant la coupe&lt;Br&gt;  Clip de ceinture&lt;Br&gt;  La batterie REDLITHIUM\u2122 offre une construction de batterie sup\u00e9rieure, une \u00e9lectronique et des performances constantes pour offrir plus d\u2019autonomie et plus de travail pendant la dur\u00e9e de vie de la batterie&lt;Br&gt;  Fonctionne avec toutes les batteries Milwaukee M18\u2122 18V platform<\/p>\n<p>BARCODE : 4002395006748<\/p>\n<p>Caract\u00e9ristiques techniques<br \/>\n180<\/p>\n<p>Livr\u00e9 sans piles, livr\u00e9 sans chargeur, livr\u00e9 sans kitbox ni sac<\/p>\n","protected":false},"excerpt":{"rendered":"<p>Coupes pr\u00e9cises avec une profondeur de coupe maximale de 2,0 mm dans l&#8217;acier&lt;Br&gt; Rotation de la t\u00eate \u00e0 360\u00b0 avec<\/p>\n","protected":false},"featured_media":455571,"template":"","meta":{"_seopress_robots_primary_cat":"","_seopress_titles_title":"","_seopress_titles_desc":"","_seopress_robots_index":""},"product_brand":[3407],"product_cat":[29,514],"product_tag":[3270],"class_list":{"0":"post-462850","1":"product","2":"type-product","3":"status-publish","4":"has-post-thumbnail","6":"product_brand-milwaukee","7":"product_cat-macchinari","8":"product_cat-altri-dispositivi","9":"product_tag-import-milwau","10":"sws-gruppo-macchinari-fr","11":"sws-conto-ricavi-merci-rivendita-macchinari-fr","12":"sws-gruppo-iva-iva81-fr","14":"first","15":"onbackorder","16":"sale","17":"purchasable","18":"product-type-simple"},"_links":{"self":[{"href":"https:\/\/lucacastelli.com\/fr\/wp-json\/wp\/v2\/product\/462850","targetHints":{"allow":["GET"]}}],"collection":[{"href":"https:\/\/lucacastelli.com\/fr\/wp-json\/wp\/v2\/product"}],"about":[{"href":"https:\/\/lucacastelli.com\/fr\/wp-json\/wp\/v2\/types\/product"}],"wp:featuredmedia":[{"embeddable":true,"href":"https:\/\/lucacastelli.com\/fr\/wp-json\/wp\/v2\/media\/455571"}],"wp:attachment":[{"href":"https:\/\/lucacastelli.com\/fr\/wp-json\/wp\/v2\/media?parent=462850"}],"wp:term":[{"taxonomy":"product_brand","embeddable":true,"href":"https:\/\/lucacastelli.com\/fr\/wp-json\/wp\/v2\/product_brand?post=462850"},{"taxonomy":"product_cat","embeddable":true,"href":"https:\/\/lucacastelli.com\/fr\/wp-json\/wp\/v2\/product_cat?post=462850"},{"taxonomy":"product_tag","embeddable":true,"href":"https:\/\/lucacastelli.com\/fr\/wp-json\/wp\/v2\/product_tag?post=462850"}],"curies":[{"name":"wp","href":"https:\/\/api.w.org\/{rel}","templated":true}]}}