{"id":462826,"date":"2025-06-12T04:58:36","date_gmt":"2025-06-12T02:58:36","guid":{"rendered":"https:\/\/lucacastelli.com\/prodotto\/pistolet-a-silicone-7\/"},"modified":"2025-06-29T07:47:26","modified_gmt":"2025-06-29T05:47:26","slug":"pistolet-a-silicone-7","status":"publish","type":"product","link":"https:\/\/lucacastelli.com\/fr\/produit\/pistolet-a-silicone-7\/","title":{"rendered":"MILWAUKEE Pistolet en silicone"},"content":{"rendered":"<p>Jusqu\u2019\u00e0 4500 N de puissance. 40&nbsp;% de plus que le mod\u00e8le pr\u00e9c\u00e9dent &lt;Br&gt;  REDLINK\u2122 &#8211; technologie de protection contre les surcharges pour l\u2019outil et la batterie pour une durabilit\u00e9 maximale&lt;Br&gt;  Excellentes performances m\u00eame \u00e0 basse temp\u00e9rature&lt;Br&gt;  Fonction anti-goutte pour \u00e9viter les d\u00e9versements de mat\u00e9riau&lt;Br&gt;  S\u00e9lecteur de vitesse \u00e0 6 vitesses pour un contr\u00f4le maximal&lt;Br&gt;  Piston robuste qui assure une pouss\u00e9e constante et une \u00e9jection totale du mat\u00e9riau de la cartouche&lt;Br&gt;  Surveillance des cellules individuelles de la batterie pour assurer une consommation homog\u00e8ne de la batterie et une plus grande autonomie et durabilit\u00e9 dans le temps&lt;Br&gt;  Fourni avec une barre transparente&lt;Br&gt;  LED pour \u00e9clairer la zone de travail&lt;Br&gt;  La batterie REDLITHIUM\u2122 offre une construction de batterie sup\u00e9rieure, une \u00e9lectronique et des performances constantes pour offrir plus d\u2019autonomie et plus de travail pendant la dur\u00e9e de vie de la batterie&lt;Br&gt;  Fonctionne avec toutes les batteries Milwaukee\u00ae M18\u2122&lt;Br&gt;  Indicateur d\u2019\u00e9tat de charge de la batterie<\/p>\n<p>BARCODE : 4002395002368<\/p>\n<p>Caract\u00e9ristiques techniques<br \/>\nSac de transport<\/p>\n<p>1 x pack batterie M18 B2, chargeur M12-18 C, sac, bar transparent 400 ml<\/p>\n","protected":false},"excerpt":{"rendered":"<p>Jusqu\u2019\u00e0 4500 N de puissance. 40&nbsp;% de plus que le mod\u00e8le pr\u00e9c\u00e9dent &lt;Br&gt; REDLINK\u2122 &#8211; technologie de protection contre les<\/p>\n","protected":false},"featured_media":454618,"template":"","meta":{"_seopress_robots_primary_cat":"","_seopress_titles_title":"","_seopress_titles_desc":"","_seopress_robots_index":""},"product_brand":[3658],"product_cat":[1453,167],"product_tag":[3273],"class_list":{"0":"post-462826","1":"product","2":"type-product","3":"status-publish","4":"has-post-thumbnail","6":"product_brand-milwaukee-fr","7":"product_cat-autres-appareils","8":"product_cat-machines","9":"product_tag-import-milwau-fr","10":"sws-gruppo-macchinari-fr","11":"sws-conto-ricavi-merci-rivendita-macchinari-fr","12":"sws-gruppo-iva-iva81-fr","14":"first","15":"onbackorder","16":"sale","17":"purchasable","18":"product-type-simple"},"_links":{"self":[{"href":"https:\/\/lucacastelli.com\/fr\/wp-json\/wp\/v2\/product\/462826","targetHints":{"allow":["GET"]}}],"collection":[{"href":"https:\/\/lucacastelli.com\/fr\/wp-json\/wp\/v2\/product"}],"about":[{"href":"https:\/\/lucacastelli.com\/fr\/wp-json\/wp\/v2\/types\/product"}],"wp:featuredmedia":[{"embeddable":true,"href":"https:\/\/lucacastelli.com\/fr\/wp-json\/wp\/v2\/media\/454618"}],"wp:attachment":[{"href":"https:\/\/lucacastelli.com\/fr\/wp-json\/wp\/v2\/media?parent=462826"}],"wp:term":[{"taxonomy":"product_brand","embeddable":true,"href":"https:\/\/lucacastelli.com\/fr\/wp-json\/wp\/v2\/product_brand?post=462826"},{"taxonomy":"product_cat","embeddable":true,"href":"https:\/\/lucacastelli.com\/fr\/wp-json\/wp\/v2\/product_cat?post=462826"},{"taxonomy":"product_tag","embeddable":true,"href":"https:\/\/lucacastelli.com\/fr\/wp-json\/wp\/v2\/product_tag?post=462826"}],"curies":[{"name":"wp","href":"https:\/\/api.w.org\/{rel}","templated":true}]}}