{"id":462815,"date":"2025-06-12T04:51:32","date_gmt":"2025-06-12T02:51:32","guid":{"rendered":"https:\/\/lucacastelli.com\/prodotto\/machine-a-riveter-3\/"},"modified":"2025-06-29T07:47:25","modified_gmt":"2025-06-29T05:47:25","slug":"machine-a-riveter-3","status":"publish","type":"product","link":"https:\/\/lucacastelli.com\/fr\/produit\/machine-a-riveter-3\/","title":{"rendered":"MILWAUKEE Riveteur"},"content":{"rendered":"<p>Machine \u00e0 riveter M18 FUEL\u2122 ONE-KEY\u2122 pour un rivetage rapide et facile.&lt;Br&gt;  Permet de poser jusqu&#8217;\u00e0 900 rivets (aluminium de 4,8 mm) ou 500 rivets (aluminium de 6,4 mm) avec une seule charge de batterie (2,0 Ah).&lt;Br&gt;  Convient \u00e0 la pose de rivets en aluminium, acier, acier inoxydable et cuivre de 4,8 mm, 6,0 mm, 6,4 mm et 7,0 mm de diam\u00e8tre (4 buses incluses).&lt;Br&gt;  Force de traction 20 000 N, longueur de course 30 mm : puissance maximale m\u00eame avec les plus grands diam\u00e8tres&lt;Br&gt;  3 pinces en alliage pour une performance maximale&lt;Br&gt;  Pinces accessibles sans outils et compartiment \u00e0 buses sur l&#8217;outil&lt;Br&gt;  R\u00e9servoir \u00e0 bouchon transparent : pour un contr\u00f4le maximal et la pr\u00e9vention des bourrages&lt;Br&gt;  Le syst\u00e8me de suivi et de s\u00e9curit\u00e9 ONE-KEY\u2122 offre un service de suivi et de gestion des stocks bas\u00e9 sur le cloud gratuitement, tout en ayant des capacit\u00e9s de blocage \u00e0 distance&lt;Br&gt;  La technologie FUEL\u2122 red\u00e9finit les outils \u00e9lectriques sans fil. Le moteur sans balais, l\u2019\u00e9lectronique REDLINK PLUS\u2122 et la batterie REDLITHIUM\u2122 offrent des performances et une durabilit\u00e9 sup\u00e9rieures&lt;br&gt; Fonctionne avec toutes les batteries MILWAUKEE\u00ae M18\u2122 <\/p>\n<p>BARCODE : 4058546347956<\/p>\n<p>Donn\u00e9es techniques<br \/>\n2.5 (M18 B2)<\/p>\n<p>2 batteries M18 B2, chargeur M12-18 FC, bo\u00eetier HeavyDuty<\/p>\n","protected":false},"excerpt":{"rendered":"<p>Machine \u00e0 riveter M18 FUEL\u2122 ONE-KEY\u2122 pour un rivetage rapide et facile.&lt;Br&gt; Permet de poser jusqu&#8217;\u00e0 900 rivets (aluminium de<\/p>\n","protected":false},"featured_media":454560,"template":"","meta":{"_seopress_robots_primary_cat":"","_seopress_titles_title":"","_seopress_titles_desc":"","_seopress_robots_index":""},"product_brand":[3407],"product_cat":[29,514],"product_tag":[3270],"class_list":{"0":"post-462815","1":"product","2":"type-product","3":"status-publish","4":"has-post-thumbnail","6":"product_brand-milwaukee","7":"product_cat-macchinari","8":"product_cat-altri-dispositivi","9":"product_tag-import-milwau","10":"sws-gruppo-macchinari-fr","11":"sws-conto-ricavi-merci-rivendita-macchinari-fr","12":"sws-gruppo-iva-iva81-fr","14":"first","15":"onbackorder","16":"sale","17":"purchasable","18":"product-type-simple"},"_links":{"self":[{"href":"https:\/\/lucacastelli.com\/fr\/wp-json\/wp\/v2\/product\/462815","targetHints":{"allow":["GET"]}}],"collection":[{"href":"https:\/\/lucacastelli.com\/fr\/wp-json\/wp\/v2\/product"}],"about":[{"href":"https:\/\/lucacastelli.com\/fr\/wp-json\/wp\/v2\/types\/product"}],"wp:featuredmedia":[{"embeddable":true,"href":"https:\/\/lucacastelli.com\/fr\/wp-json\/wp\/v2\/media\/454560"}],"wp:attachment":[{"href":"https:\/\/lucacastelli.com\/fr\/wp-json\/wp\/v2\/media?parent=462815"}],"wp:term":[{"taxonomy":"product_brand","embeddable":true,"href":"https:\/\/lucacastelli.com\/fr\/wp-json\/wp\/v2\/product_brand?post=462815"},{"taxonomy":"product_cat","embeddable":true,"href":"https:\/\/lucacastelli.com\/fr\/wp-json\/wp\/v2\/product_cat?post=462815"},{"taxonomy":"product_tag","embeddable":true,"href":"https:\/\/lucacastelli.com\/fr\/wp-json\/wp\/v2\/product_tag?post=462815"}],"curies":[{"name":"wp","href":"https:\/\/api.w.org\/{rel}","templated":true}]}}