{"id":462812,"date":"2025-06-12T04:43:33","date_gmt":"2025-06-12T02:43:33","guid":{"rendered":"https:\/\/lucacastelli.com\/prodotto\/cle-a-chocs-13\/"},"modified":"2025-06-29T07:48:05","modified_gmt":"2025-06-29T05:48:05","slug":"cle-a-chocs-13","status":"publish","type":"product","link":"https:\/\/lucacastelli.com\/fr\/produit\/cle-a-chocs-13\/","title":{"rendered":"Cl\u00e9 \u00e0 chocs MILWAUKEE"},"content":{"rendered":"<p>Cl\u00e9 \u00e0 chocs 3\/8&#8243; compacte d&#8217;une longueur de 152 mm seulement&lt;Br&gt;  L&#8217;\u00e9lectronique intelligente REDLINK\u2122 permet une protection maximale de la batterie et du moteur contre les surcharges.&lt;Br&gt;  Bo\u00eete de vitesses en m\u00e9tal pour une durabilit\u00e9 et une puissance maximale&lt;Br&gt;  3\/8 square drive pour les douilles universelles&lt;Br&gt;  Contr\u00f4le individuel des cellules de la batterie pour maximiser l&#8217;autonomie et augmenter la dur\u00e9e de vie de la batterie&lt;Br&gt;  Indicateur d&#8217;\u00e9tat de charge de la batterie et lumi\u00e8re LED pour \u00e9clairer la zone de travail&lt;Br&gt;  La batterie REDLITHIUM\u2122 offre une construction de batterie sup\u00e9rieure, une \u00e9lectronique et des performances constantes pour offrir plus d\u2019autonomie et plus de travail pendant la dur\u00e9e de vie de la batterie&lt;Br&gt;  Plate-forme de batterie 18V : Fonctionne avec toutes les batteries MILWAUKEE\u00ae M18\u2122<\/p>\n<p>BARCODE : 4002395003273<\/p>\n<p>Donn\u00e9es techniques<br \/>\n1.9 (M18 B4)<\/p>\n<p>Fourni sans piles, fourni sans chargeur, fourni sans kitbox ou sac, clip ceinture<\/p>\n","protected":false},"excerpt":{"rendered":"<p>Cl\u00e9 \u00e0 chocs 3\/8&#8243; compacte d&#8217;une longueur de 152 mm seulement&lt;Br&gt; L&#8217;\u00e9lectronique intelligente REDLINK\u2122 permet une protection maximale de la<\/p>\n","protected":false},"featured_media":454502,"template":"","meta":{"_seopress_robots_primary_cat":"","_seopress_titles_title":"","_seopress_titles_desc":"","_seopress_robots_index":""},"product_brand":[3658],"product_cat":[1453,167,1552],"product_tag":[3273],"class_list":{"0":"post-462812","1":"product","2":"type-product","3":"status-publish","4":"has-post-thumbnail","6":"product_brand-milwaukee-fr","7":"product_cat-autres-appareils","8":"product_cat-machines","9":"product_cat-perceuses-et-tournevis","10":"product_tag-import-milwau-fr","11":"sws-gruppo-macchinari-fr","12":"sws-conto-ricavi-merci-rivendita-macchinari-fr","13":"sws-gruppo-iva-iva81-fr","15":"first","16":"onbackorder","17":"sale","18":"purchasable","19":"product-type-simple"},"_links":{"self":[{"href":"https:\/\/lucacastelli.com\/fr\/wp-json\/wp\/v2\/product\/462812","targetHints":{"allow":["GET"]}}],"collection":[{"href":"https:\/\/lucacastelli.com\/fr\/wp-json\/wp\/v2\/product"}],"about":[{"href":"https:\/\/lucacastelli.com\/fr\/wp-json\/wp\/v2\/types\/product"}],"wp:featuredmedia":[{"embeddable":true,"href":"https:\/\/lucacastelli.com\/fr\/wp-json\/wp\/v2\/media\/454502"}],"wp:attachment":[{"href":"https:\/\/lucacastelli.com\/fr\/wp-json\/wp\/v2\/media?parent=462812"}],"wp:term":[{"taxonomy":"product_brand","embeddable":true,"href":"https:\/\/lucacastelli.com\/fr\/wp-json\/wp\/v2\/product_brand?post=462812"},{"taxonomy":"product_cat","embeddable":true,"href":"https:\/\/lucacastelli.com\/fr\/wp-json\/wp\/v2\/product_cat?post=462812"},{"taxonomy":"product_tag","embeddable":true,"href":"https:\/\/lucacastelli.com\/fr\/wp-json\/wp\/v2\/product_tag?post=462812"}],"curies":[{"name":"wp","href":"https:\/\/api.w.org\/{rel}","templated":true}]}}