{"id":462784,"date":"2025-06-12T04:23:25","date_gmt":"2025-06-12T02:23:25","guid":{"rendered":"https:\/\/lucacastelli.com\/prodotto\/cle-a-chocs-5\/"},"modified":"2025-06-29T07:48:51","modified_gmt":"2025-06-29T05:48:51","slug":"cle-a-chocs-5","status":"publish","type":"product","link":"https:\/\/lucacastelli.com\/fr\/produit\/cle-a-chocs-5\/","title":{"rendered":"Cl\u00e9 \u00e0 chocs MILWAUKEE"},"content":{"rendered":"<p>Connexion via Bluetooth\u00ae avec l&#8217;application Milwaukee\u00ae ONE-KEY\u2122&lt;Br&gt;  Personnalisation compl\u00e8te de l&#8217;outil via l&#8217;application ONE-KEY\u2122, pour configurer l&#8217;outil en fonction de vos besoins.&lt;Br&gt;  Contr\u00f4le de la vitesse via l&#8217;application&lt;Br&gt;  Configure les param\u00e8tres optimaux pour chaque application, de mani\u00e8re \u00e0 ce qu&#8217;elle puisse \u00eatre r\u00e9p\u00e9t\u00e9e avec pr\u00e9cision.&lt;Br&gt;  Programmez et enregistrez des profils, pour un contr\u00f4le in\u00e9gal\u00e9&lt;Br&gt;  S\u00e9lectionnez un profil d&#8217;application ou cr\u00e9ez votre propre profil pour des r\u00e9sultats parfaits dans chaque application.&lt;Br&gt;  Enregistrez jusqu&#8217;\u00e0 4 r\u00e9glages d&#8217;outils personnalis\u00e9s pour une s\u00e9lection rapide sur site&lt;Br&gt;  L&#8217;appli ONE-KEY\u2122 vous permet \u00e9galement de profiter de la fonctionnalit\u00e9 Inventaire : pour une gestion compl\u00e8te, non seulement de vos outils \u00e9lectriques, mais aussi de tous vos \u00e9quipements de travail&lt;Br&gt;  Fonctionne avec toutes les batteries MILWAUKEE\u00ae M18\u2122<\/p>\n<p>BARCODE : 4002395289936<\/p>\n<p>Donn\u00e9es techniques<br \/>\n1.8 (M18 B5)<\/p>\n<p>Livr\u00e9 sans piles, livr\u00e9 sans chargeur, valise HeavyDuty<\/p>\n","protected":false},"excerpt":{"rendered":"<p>Connexion via Bluetooth\u00ae avec l&#8217;application Milwaukee\u00ae ONE-KEY\u2122&lt;Br&gt; Personnalisation compl\u00e8te de l&#8217;outil via l&#8217;application ONE-KEY\u2122, pour configurer l&#8217;outil en fonction de<\/p>\n","protected":false},"featured_media":454318,"template":"","meta":{"_seopress_robots_primary_cat":"","_seopress_titles_title":"","_seopress_titles_desc":"","_seopress_robots_index":""},"product_brand":[3407],"product_cat":[29,514,549],"product_tag":[3270],"class_list":{"0":"post-462784","1":"product","2":"type-product","3":"status-publish","4":"has-post-thumbnail","6":"product_brand-milwaukee","7":"product_cat-macchinari","8":"product_cat-altri-dispositivi","9":"product_cat-trapani-e-avvitatori","10":"product_tag-import-milwau","11":"sws-gruppo-macchinari-fr","12":"sws-conto-ricavi-merci-rivendita-macchinari-fr","13":"sws-gruppo-iva-iva81-fr","15":"first","16":"onbackorder","17":"sale","18":"purchasable","19":"product-type-simple"},"_links":{"self":[{"href":"https:\/\/lucacastelli.com\/fr\/wp-json\/wp\/v2\/product\/462784","targetHints":{"allow":["GET"]}}],"collection":[{"href":"https:\/\/lucacastelli.com\/fr\/wp-json\/wp\/v2\/product"}],"about":[{"href":"https:\/\/lucacastelli.com\/fr\/wp-json\/wp\/v2\/types\/product"}],"wp:featuredmedia":[{"embeddable":true,"href":"https:\/\/lucacastelli.com\/fr\/wp-json\/wp\/v2\/media\/454318"}],"wp:attachment":[{"href":"https:\/\/lucacastelli.com\/fr\/wp-json\/wp\/v2\/media?parent=462784"}],"wp:term":[{"taxonomy":"product_brand","embeddable":true,"href":"https:\/\/lucacastelli.com\/fr\/wp-json\/wp\/v2\/product_brand?post=462784"},{"taxonomy":"product_cat","embeddable":true,"href":"https:\/\/lucacastelli.com\/fr\/wp-json\/wp\/v2\/product_cat?post=462784"},{"taxonomy":"product_tag","embeddable":true,"href":"https:\/\/lucacastelli.com\/fr\/wp-json\/wp\/v2\/product_tag?post=462784"}],"curies":[{"name":"wp","href":"https:\/\/api.w.org\/{rel}","templated":true}]}}