{"id":462779,"date":"2025-06-12T04:19:38","date_gmt":"2025-06-12T02:19:38","guid":{"rendered":"https:\/\/lucacastelli.com\/prodotto\/cle-a-chocs-3\/"},"modified":"2025-06-29T07:48:54","modified_gmt":"2025-06-29T05:48:54","slug":"cle-a-chocs-3","status":"publish","type":"product","link":"https:\/\/lucacastelli.com\/fr\/produit\/cle-a-chocs-3\/","title":{"rendered":"Cl\u00e9 \u00e0 chocs MILWAUKEE"},"content":{"rendered":"<p>Cl\u00e9 \u00e0 chocs \u00e0 couple moyen capable de fournir jusqu&#8217;\u00e0 745 Nm de couple&lt;Br&gt;  Compact : longueur totale de 152 mm, pour les applications dans les espaces restreints&lt;Br&gt;  Syst\u00e8me avec 4 modes DRIVE CONTROL permettant de choisir entre quatre r\u00e9glages de vitesse et de couple diff\u00e9rents pour une flexibilit\u00e9 maximale dans les diff\u00e9rentes applications.&lt;Br&gt;  Mode d&#8217;extraction du boulon pour un meilleur contr\u00f4le lors du d\u00e9vissage : diminution du nombre de tours une fois le boulon desserr\u00e9 pour \u00e9viter qu&#8217;il ne tombe.&lt;Br&gt;  Mode Auto Shut-Off pour la pr\u00e9diction de surcouple : couple maximum de 47 Nm appliqu\u00e9 pour des applications optimis\u00e9es&lt;Br&gt;  \u00c9clairage tri-LED pour \u00e9clairer la zone de travail&lt;Br&gt;  Bague de frottement 3\/8 carr\u00e9e&lt;Br&gt;  Crochet de ceinture en m\u00e9tal&lt;Br&gt;  La technologie FUEL\u2122 red\u00e9finit les outils \u00e9lectriques sans fil. Le moteur sans balais, l\u2019\u00e9lectronique REDLINK PLUS\u2122 et la batterie REDLITHIUM\u2122 offrent des performances et une durabilit\u00e9 sup\u00e9rieures&lt;br&gt; Fonctionne avec toutes les batteries MILWAUKEE\u00ae M18\u2122 <\/p>\n<p>BARCODE : 4058546369477<\/p>\n<p>Caract\u00e9ristiques techniques<br \/>\n18<\/p>\n<p>Livr\u00e9 sans piles, livr\u00e9 sans chargeur, valise HeavyDuty<\/p>\n","protected":false},"excerpt":{"rendered":"<p>Cl\u00e9 \u00e0 chocs \u00e0 couple moyen capable de fournir jusqu&#8217;\u00e0 745 Nm de couple&lt;Br&gt; Compact : longueur totale de 152<\/p>\n","protected":false},"featured_media":454281,"template":"","meta":{"_seopress_robots_primary_cat":"","_seopress_titles_title":"","_seopress_titles_desc":"","_seopress_robots_index":""},"product_brand":[3407],"product_cat":[29,514,549],"product_tag":[3270],"class_list":{"0":"post-462779","1":"product","2":"type-product","3":"status-publish","4":"has-post-thumbnail","6":"product_brand-milwaukee","7":"product_cat-macchinari","8":"product_cat-altri-dispositivi","9":"product_cat-trapani-e-avvitatori","10":"product_tag-import-milwau","11":"sws-gruppo-macchinari-fr","12":"sws-conto-ricavi-merci-rivendita-macchinari-fr","13":"sws-gruppo-iva-iva81-fr","15":"first","16":"onbackorder","17":"sale","18":"purchasable","19":"product-type-simple"},"_links":{"self":[{"href":"https:\/\/lucacastelli.com\/fr\/wp-json\/wp\/v2\/product\/462779","targetHints":{"allow":["GET"]}}],"collection":[{"href":"https:\/\/lucacastelli.com\/fr\/wp-json\/wp\/v2\/product"}],"about":[{"href":"https:\/\/lucacastelli.com\/fr\/wp-json\/wp\/v2\/types\/product"}],"wp:featuredmedia":[{"embeddable":true,"href":"https:\/\/lucacastelli.com\/fr\/wp-json\/wp\/v2\/media\/454281"}],"wp:attachment":[{"href":"https:\/\/lucacastelli.com\/fr\/wp-json\/wp\/v2\/media?parent=462779"}],"wp:term":[{"taxonomy":"product_brand","embeddable":true,"href":"https:\/\/lucacastelli.com\/fr\/wp-json\/wp\/v2\/product_brand?post=462779"},{"taxonomy":"product_cat","embeddable":true,"href":"https:\/\/lucacastelli.com\/fr\/wp-json\/wp\/v2\/product_cat?post=462779"},{"taxonomy":"product_tag","embeddable":true,"href":"https:\/\/lucacastelli.com\/fr\/wp-json\/wp\/v2\/product_tag?post=462779"}],"curies":[{"name":"wp","href":"https:\/\/api.w.org\/{rel}","templated":true}]}}