{"id":462776,"date":"2025-06-13T04:58:29","date_gmt":"2025-06-13T02:58:29","guid":{"rendered":"https:\/\/lucacastelli.com\/prodotto\/scie-circulaire-a-metaux-2\/"},"modified":"2025-06-29T07:44:55","modified_gmt":"2025-06-29T05:44:55","slug":"scie-circulaire-a-metaux-2","status":"publish","type":"product","link":"https:\/\/lucacastelli.com\/fr\/produit\/scie-circulaire-a-metaux-2\/","title":{"rendered":"MILWAUKEE Scie circulaire \u00e0 m\u00e9tal"},"content":{"rendered":"<p>Le moteur sans balai POWERSTATE\u2122, con\u00e7u et fabriqu\u00e9 par Milwaukee\u00ae, permet des coupes plus rapides, une dur\u00e9e de vie plus longue de l&#8217;outil et une plus grande autonomie&lt;Br&gt;  Le syst\u00e8me intelligent REDLINK PLUS\u2122 offre une protection num\u00e9rique avanc\u00e9e contre les surcharges pour les outils et les batteries, et am\u00e9liore consid\u00e9rablement les performances de l\u2019outil sous charge&lt;Br&gt;  La batterie REDLITHIUM\u2122 offre une construction de batterie sup\u00e9rieure, une \u00e9lectronique et des performances constantes pour offrir plus d\u2019autonomie et plus de travail pendant la dur\u00e9e de vie de la batterie&lt;Br&gt;  La d\u00e9coupe \u00e0 froid r\u00e9duit les \u00e9tincelles et garantit des applications rapides et pr\u00e9cises&lt;Br&gt;  R\u00e9glage rapide et facile de la profondeur de coupe de 0 \u00e0 57 mm, avec une lame de 150 mm&lt;Br&gt;  Conception compacte et l\u00e9g\u00e8re pour un plus grand confort&lt;Br&gt;  Crochet int\u00e9gr\u00e9 pour ranger l&#8217;outil entre deux travaux&lt;Br&gt;  Douille hexagonale int\u00e9gr\u00e9e&lt;Br&gt;  Surveillance des cellules individuelles de la batterie pour assurer une consommation homog\u00e8ne de la batterie et une plus grande autonomie et durabilit\u00e9 dans le temps&lt;Br&gt;  Indicateur d\u2019\u00e9tat de charge de la batterie&lt;Br&gt;  Compatible avec toutes les batteries MILWAUKEE\u00ae M18\u2122<\/p>\n<p>BARCODE : 4002395289288<\/p>\n<p>Donn\u00e9es techniques<br \/>\n2.8 (M18 B5)<\/p>\n<p>2 x batterie M18 B5, chargeur M12-18 FC, mallette HeavyDuty, lame m\u00e9tallique 150 mm 34 dents, cl\u00e9 allen<\/p>\n","protected":false},"excerpt":{"rendered":"<p>Le moteur sans balai POWERSTATE\u2122, con\u00e7u et fabriqu\u00e9 par Milwaukee\u00ae, permet des coupes plus rapides, une dur\u00e9e de vie plus<\/p>\n","protected":false},"featured_media":455397,"template":"","meta":{"_seopress_robots_primary_cat":"","_seopress_titles_title":"","_seopress_titles_desc":"","_seopress_robots_index":""},"product_brand":[3407],"product_cat":[29,514],"product_tag":[3270],"class_list":{"0":"post-462776","1":"product","2":"type-product","3":"status-publish","4":"has-post-thumbnail","6":"product_brand-milwaukee","7":"product_cat-macchinari","8":"product_cat-altri-dispositivi","9":"product_tag-import-milwau","10":"sws-gruppo-macchinari-fr","11":"sws-conto-ricavi-merci-rivendita-macchinari-fr","12":"sws-gruppo-iva-iva81-fr","14":"first","15":"onbackorder","16":"purchasable","17":"product-type-simple"},"_links":{"self":[{"href":"https:\/\/lucacastelli.com\/fr\/wp-json\/wp\/v2\/product\/462776","targetHints":{"allow":["GET"]}}],"collection":[{"href":"https:\/\/lucacastelli.com\/fr\/wp-json\/wp\/v2\/product"}],"about":[{"href":"https:\/\/lucacastelli.com\/fr\/wp-json\/wp\/v2\/types\/product"}],"wp:featuredmedia":[{"embeddable":true,"href":"https:\/\/lucacastelli.com\/fr\/wp-json\/wp\/v2\/media\/455397"}],"wp:attachment":[{"href":"https:\/\/lucacastelli.com\/fr\/wp-json\/wp\/v2\/media?parent=462776"}],"wp:term":[{"taxonomy":"product_brand","embeddable":true,"href":"https:\/\/lucacastelli.com\/fr\/wp-json\/wp\/v2\/product_brand?post=462776"},{"taxonomy":"product_cat","embeddable":true,"href":"https:\/\/lucacastelli.com\/fr\/wp-json\/wp\/v2\/product_cat?post=462776"},{"taxonomy":"product_tag","embeddable":true,"href":"https:\/\/lucacastelli.com\/fr\/wp-json\/wp\/v2\/product_tag?post=462776"}],"curies":[{"name":"wp","href":"https:\/\/api.w.org\/{rel}","templated":true}]}}