{"id":462764,"date":"2025-06-13T04:43:17","date_gmt":"2025-06-13T02:43:17","guid":{"rendered":"https:\/\/lucacastelli.com\/prodotto\/polisseur-5\/"},"modified":"2025-06-29T07:44:38","modified_gmt":"2025-06-29T05:44:38","slug":"polisseur-5","status":"publish","type":"product","link":"https:\/\/lucacastelli.com\/fr\/produit\/polisseur-5\/","title":{"rendered":"MILWAUKEE Polisseuse"},"content":{"rendered":"<p>Moteur sans balai POWERSTATE\u2122 con\u00e7u et fabriqu\u00e9 par Milwaukee\u00ae&lt;Br&gt;  Le syst\u00e8me intelligent REDLINK PLUS\u2122 offre une protection num\u00e9rique avanc\u00e9e contre les surcharges pour les outils et les batteries, et am\u00e9liore consid\u00e9rablement les performances de l\u2019outil sous charge&lt;Br&gt;  La batterie REDLITHIUM\u2122 offre une construction de batterie sup\u00e9rieure, une \u00e9lectronique et des performances constantes pour offrir plus d\u2019autonomie et plus de travail pendant la dur\u00e9e de vie de la batterie&lt;Br&gt;  La premi\u00e8re polisseuse sans fil au monde avec 8 vitesses s\u00e9lectionnables (360 \u00e0 2200 tr\/min)&lt;Br&gt;  Polissage de l&#8217;autonomie d&#8217;une machine enti\u00e8re sur une seule charge*.&lt;Br&gt;  D\u00e9marrage progressif et vitesse constante&lt;Br&gt;  Diam\u00e8tre maximal des accessoires de polissage : 180 mm&lt;Br&gt;  Grille amovible de protection contre la poussi\u00e8re pour emp\u00eacher la p\u00e9n\u00e9tration de d\u00e9bris et prolonger la dur\u00e9e de vie du moteur&lt;Br&gt;  Poign\u00e9e confortable en caoutchouc, \u00e9galement pour une utilisation verticale&lt;Br&gt;  Possibilit\u00e9 de verrouiller l&#8217;interrupteur pour un travail prolong\u00e9&lt;Br&gt;  3 positions diff\u00e9rentes de la poign\u00e9e avant pour un meilleur contr\u00f4le&lt;Br&gt;  Protection contre le red\u00e9marrage accidentel (LLO), en cas de d\u00e9connexion de la batterie&lt;Br&gt;  * dur\u00e9e calcul\u00e9e sur des applications non lourdes  &lt;Br&gt;  Fonctionne avec toutes les batteries MILWAUKEE\u00ae M18\u2122<\/p>\n<p>BARCODE : 4002395144525<\/p>\n<p>Donn\u00e9es techniques<br \/>\n2.2 (M18 B5)<\/p>\n<p>2 x batterie M18 B5, chargeur M12-18 FC, mallette HeavyDuty, coussin de support, \u00e9ponge dure, \u00e9ponge douce, bonnet en laine d&#8217;agneau, poign\u00e9e avant, poign\u00e9e lat\u00e9rale AVS, grille de protection<\/p>\n","protected":false},"excerpt":{"rendered":"<p>Moteur sans balai POWERSTATE\u2122 con\u00e7u et fabriqu\u00e9 par Milwaukee\u00ae&lt;Br&gt; Le syst\u00e8me intelligent REDLINK PLUS\u2122 offre une protection num\u00e9rique avanc\u00e9e contre<\/p>\n","protected":false},"featured_media":455272,"template":"","meta":{"_seopress_robots_primary_cat":"","_seopress_titles_title":"","_seopress_titles_desc":"","_seopress_robots_index":""},"product_brand":[3407],"product_cat":[29,514],"product_tag":[3270],"class_list":{"0":"post-462764","1":"product","2":"type-product","3":"status-publish","4":"has-post-thumbnail","6":"product_brand-milwaukee","7":"product_cat-macchinari","8":"product_cat-altri-dispositivi","9":"product_tag-import-milwau","10":"sws-gruppo-macchinari-fr","11":"sws-conto-ricavi-merci-rivendita-macchinari-fr","12":"sws-gruppo-iva-iva81-fr","14":"first","15":"onbackorder","16":"purchasable","17":"product-type-simple"},"_links":{"self":[{"href":"https:\/\/lucacastelli.com\/fr\/wp-json\/wp\/v2\/product\/462764","targetHints":{"allow":["GET"]}}],"collection":[{"href":"https:\/\/lucacastelli.com\/fr\/wp-json\/wp\/v2\/product"}],"about":[{"href":"https:\/\/lucacastelli.com\/fr\/wp-json\/wp\/v2\/types\/product"}],"wp:featuredmedia":[{"embeddable":true,"href":"https:\/\/lucacastelli.com\/fr\/wp-json\/wp\/v2\/media\/455272"}],"wp:attachment":[{"href":"https:\/\/lucacastelli.com\/fr\/wp-json\/wp\/v2\/media?parent=462764"}],"wp:term":[{"taxonomy":"product_brand","embeddable":true,"href":"https:\/\/lucacastelli.com\/fr\/wp-json\/wp\/v2\/product_brand?post=462764"},{"taxonomy":"product_cat","embeddable":true,"href":"https:\/\/lucacastelli.com\/fr\/wp-json\/wp\/v2\/product_cat?post=462764"},{"taxonomy":"product_tag","embeddable":true,"href":"https:\/\/lucacastelli.com\/fr\/wp-json\/wp\/v2\/product_tag?post=462764"}],"curies":[{"name":"wp","href":"https:\/\/api.w.org\/{rel}","templated":true}]}}