{"id":462759,"date":"2025-06-13T04:47:01","date_gmt":"2025-06-13T02:47:01","guid":{"rendered":"https:\/\/lucacastelli.com\/prodotto\/scie-circulaire-a-metaux\/"},"modified":"2025-06-29T07:44:42","modified_gmt":"2025-06-29T05:44:42","slug":"scie-circulaire-a-metaux","status":"publish","type":"product","link":"https:\/\/lucacastelli.com\/fr\/produit\/scie-circulaire-a-metaux\/","title":{"rendered":"MILWAUKEE Scie circulaire \u00e0 m\u00e9tal"},"content":{"rendered":"<p>La premi\u00e8re scie circulaire m\u00e9tallique sans fil 18V avec une profondeur de coupe de 66 mm capable de fournir une puissance de coupe de 1800 W&lt;Br&gt;  Vitesse de coupe sup\u00e9rieure \u00e0 celle des outils filaires&lt;Br&gt;  Base compatible avec les rails\u00ae MILWAUKEE (vendus s\u00e9par\u00e9ment) pour des coupes rapides et pr\u00e9cises&lt;Br&gt;  Voyant de pression&lt;Br&gt;  Syst\u00e8me \u00e9lectrique capable de freiner la lame en moins d&#8217;1 seconde&lt;Br&gt;  Collecteur de d\u00e9bris m\u00e9talliques pour une visibilit\u00e9 optimale&lt;Br&gt;  La d\u00e9coupe \u00e0 froid r\u00e9duit les \u00e9tincelles et garantit des applications rapides et pr\u00e9cises&lt;Br&gt;  Interrupteur de s\u00e9curit\u00e9 contre le d\u00e9marrage accidentel&lt;Br&gt;  R\u00e9glage de la profondeur de coupe sans outil et levier de coupe plongeante&lt;Br&gt;  Changement rapide de la lame et syst\u00e8me d\u2019\u00e9limination des d\u00e9bris&lt;Br&gt;  La technologie FUEL\u2122 red\u00e9finit les outils \u00e9lectriques sans fil. Le moteur sans balais, l\u2019\u00e9lectronique REDLINK PLUS\u2122 et la batterie REDLITHIUM\u2122 offrent des performances et une durabilit\u00e9 sup\u00e9rieures&lt;br&gt; Fonctionne avec toutes les batteries MILWAUKEE\u00ae M18\u2122 <\/p>\n<p>BARCODE : 4058546325077<\/p>\n<p>Donn\u00e9es techniques<br \/>\n7.5 (M18 HB12)<\/p>\n<p>1 x batterie M18 HB12, chargeur M12-18 FC, mallette de transport, lame de coupe de 203 mm et cl\u00e9 Allen<\/p>\n","protected":false},"excerpt":{"rendered":"<p>La premi\u00e8re scie circulaire m\u00e9tallique sans fil 18V avec une profondeur de coupe de 66 mm capable de fournir une<\/p>\n","protected":false},"featured_media":441279,"template":"","meta":{"_seopress_robots_primary_cat":"","_seopress_titles_title":"","_seopress_titles_desc":"","_seopress_robots_index":""},"product_brand":[3407],"product_cat":[29,514],"product_tag":[3270],"class_list":{"0":"post-462759","1":"product","2":"type-product","3":"status-publish","4":"has-post-thumbnail","6":"product_brand-milwaukee","7":"product_cat-macchinari","8":"product_cat-altri-dispositivi","9":"product_tag-import-milwau","10":"sws-gruppo-macchinari-fr","11":"sws-conto-ricavi-merci-rivendita-macchinari-fr","12":"sws-gruppo-iva-iva81-fr","14":"first","15":"onbackorder","16":"purchasable","17":"product-type-simple"},"_links":{"self":[{"href":"https:\/\/lucacastelli.com\/fr\/wp-json\/wp\/v2\/product\/462759","targetHints":{"allow":["GET"]}}],"collection":[{"href":"https:\/\/lucacastelli.com\/fr\/wp-json\/wp\/v2\/product"}],"about":[{"href":"https:\/\/lucacastelli.com\/fr\/wp-json\/wp\/v2\/types\/product"}],"wp:featuredmedia":[{"embeddable":true,"href":"https:\/\/lucacastelli.com\/fr\/wp-json\/wp\/v2\/media\/441279"}],"wp:attachment":[{"href":"https:\/\/lucacastelli.com\/fr\/wp-json\/wp\/v2\/media?parent=462759"}],"wp:term":[{"taxonomy":"product_brand","embeddable":true,"href":"https:\/\/lucacastelli.com\/fr\/wp-json\/wp\/v2\/product_brand?post=462759"},{"taxonomy":"product_cat","embeddable":true,"href":"https:\/\/lucacastelli.com\/fr\/wp-json\/wp\/v2\/product_cat?post=462759"},{"taxonomy":"product_tag","embeddable":true,"href":"https:\/\/lucacastelli.com\/fr\/wp-json\/wp\/v2\/product_tag?post=462759"}],"curies":[{"name":"wp","href":"https:\/\/api.w.org\/{rel}","templated":true}]}}