{"id":462757,"date":"2025-06-13T04:34:09","date_gmt":"2025-06-13T02:34:09","guid":{"rendered":"https:\/\/lucacastelli.com\/prodotto\/polisseur-3\/"},"modified":"2025-06-29T07:45:15","modified_gmt":"2025-06-29T05:45:15","slug":"polisseur-3","status":"publish","type":"product","link":"https:\/\/lucacastelli.com\/fr\/produit\/polisseur-3\/","title":{"rendered":"MILWAUKEE Polisseuse"},"content":{"rendered":"<p>Offre les m\u00eames performances que les polisseuses orbitales \u00e0 fil&lt;Br&gt;  8 r\u00e9glages de vitesse (2 650 &#8211; 5100 tr\/min) pour un contr\u00f4le maximal et une finition pr\u00e9cise&lt;Br&gt;  orbite de 15 mm pour un polissage rapide et efficace sans hologrammes&lt;Br&gt;  Grande poign\u00e9e caoutchout\u00e9e \u00e0 l\u2019avant, pour un confort maximal surtout en cas d\u2019utilisation verticale&lt;Br&gt;  La fonction d\u2019utilisation continue assure un confort maximal et r\u00e9duit la fatigue lors d\u2019un polissage prolong\u00e9&lt;Br&gt;  Le bo\u00eetier de la batterie tourn\u00e9 \u00e0 90\u00b0 emp\u00eache tout contact possible entre l\u2019outil et le corps et permet de ranger l\u2019outil \u00e0 la fois verticalement et horizontalement&lt;Br&gt;  Fonction de verrouillage pour \u00e9viter le d\u00e9marrage accidentel de l\u2019outil&lt;Br&gt;  Bouclier anti-poussi\u00e8re amovible pour emp\u00eacher les d\u00e9bris de p\u00e9n\u00e9trer, prolongeant ainsi la dur\u00e9e de vie&lt;Br&gt;  Le moteur sans balais, l\u2019\u00e9lectronique REDLINK PLUS\u2122 et la batterie REDLITHIUM\u2122 offrent une performance et une durabilit\u00e9 sup\u00e9rieures&lt;Br&gt;  Fonctionne avec toutes les batteries MILWAUKEE\u00ae M18\u2122<\/p>\n<p>BARCODE : 4058546361167<\/p>\n<p>Donn\u00e9es techniques<br \/>\n3.2 (M18 B5)<\/p>\n<p>Fourni sans piles, fourni sans chargeur, mallette HeavyDuty, support de 125 mm, bouclier anti-poussi\u00e8re<\/p>\n","protected":false},"excerpt":{"rendered":"<p>Offre les m\u00eames performances que les polisseuses orbitales \u00e0 fil&lt;Br&gt; 8 r\u00e9glages de vitesse (2 650 &#8211; 5100 tr\/min) pour<\/p>\n","protected":false},"featured_media":455173,"template":"","meta":{"_seopress_robots_primary_cat":"","_seopress_titles_title":"","_seopress_titles_desc":"","_seopress_robots_index":""},"product_brand":[3407],"product_cat":[29,514],"product_tag":[3270],"class_list":{"0":"post-462757","1":"product","2":"type-product","3":"status-publish","4":"has-post-thumbnail","6":"product_brand-milwaukee","7":"product_cat-macchinari","8":"product_cat-altri-dispositivi","9":"product_tag-import-milwau","10":"sws-gruppo-macchinari-fr","11":"sws-conto-ricavi-merci-rivendita-macchinari-fr","12":"sws-gruppo-iva-iva81-fr","14":"first","15":"onbackorder","16":"purchasable","17":"product-type-simple"},"_links":{"self":[{"href":"https:\/\/lucacastelli.com\/fr\/wp-json\/wp\/v2\/product\/462757","targetHints":{"allow":["GET"]}}],"collection":[{"href":"https:\/\/lucacastelli.com\/fr\/wp-json\/wp\/v2\/product"}],"about":[{"href":"https:\/\/lucacastelli.com\/fr\/wp-json\/wp\/v2\/types\/product"}],"wp:featuredmedia":[{"embeddable":true,"href":"https:\/\/lucacastelli.com\/fr\/wp-json\/wp\/v2\/media\/455173"}],"wp:attachment":[{"href":"https:\/\/lucacastelli.com\/fr\/wp-json\/wp\/v2\/media?parent=462757"}],"wp:term":[{"taxonomy":"product_brand","embeddable":true,"href":"https:\/\/lucacastelli.com\/fr\/wp-json\/wp\/v2\/product_brand?post=462757"},{"taxonomy":"product_cat","embeddable":true,"href":"https:\/\/lucacastelli.com\/fr\/wp-json\/wp\/v2\/product_cat?post=462757"},{"taxonomy":"product_tag","embeddable":true,"href":"https:\/\/lucacastelli.com\/fr\/wp-json\/wp\/v2\/product_tag?post=462757"}],"curies":[{"name":"wp","href":"https:\/\/api.w.org\/{rel}","templated":true}]}}