{"id":462746,"date":"2025-06-12T03:17:36","date_gmt":"2025-06-12T01:17:36","guid":{"rendered":"https:\/\/lucacastelli.com\/prodotto\/tournevis-perceur-6\/"},"modified":"2025-06-29T07:52:25","modified_gmt":"2025-06-29T05:52:25","slug":"tournevis-perceur-6","status":"publish","type":"product","link":"https:\/\/lucacastelli.com\/fr\/produit\/tournevis-perceur-6\/","title":{"rendered":"MILWAUKEE Perceuse-visseuse"},"content":{"rendered":"<p>158 Nm de couple&lt;Br&gt;  Seulement 173 mm de long. Permet d\u2019acc\u00e9der m\u00eame aux espaces les plus restreints&lt;Br&gt;  Connexion Bluetooth\u00ae avec l\u2019application ONE-KEY\u2122&lt;Br&gt;  Enregistrez jusqu\u2019\u00e0 3 param\u00e8tres en m\u00e9moire&lt;Br&gt;  R\u00e9glage de la g\u00e2chette gr\u00e2ce \u00e0 l\u2019application ONE-KEY\u2122&lt;Br&gt;  Modifier et enregistrer les param\u00e8tres pour les applications r\u00e9p\u00e9t\u00e9es&lt;Br&gt;  Contr\u00f4le de la vitesse, contr\u00f4le AUTOSTOP\u2122, indication de la vitesse optimale pour le type de mat\u00e9riau et l\u2019application, contr\u00f4le de la luminosit\u00e9&lt;Br&gt;  Crochet de ceinture en m\u00e9tal<\/p>\n<p>BARCODE : 4058546476731<\/p>\n<p>Caract\u00e9ristiques techniques<br \/>\n18<\/p>\n<p>2 x batterie M18 B5, chargeur M12-18 FC, valise robuste, crochet de ceinture, poign\u00e9e lat\u00e9rale<\/p>\n","protected":false},"excerpt":{"rendered":"<p>158 Nm de couple&lt;Br&gt; Seulement 173 mm de long. Permet d\u2019acc\u00e9der m\u00eame aux espaces les plus restreints&lt;Br&gt; Connexion Bluetooth\u00ae avec<\/p>\n","protected":false},"featured_media":435166,"template":"","meta":{"_seopress_robots_primary_cat":"","_seopress_titles_title":"","_seopress_titles_desc":"","_seopress_robots_index":""},"product_brand":[3658],"product_cat":[1453,167,1552],"product_tag":[3273],"class_list":{"0":"post-462746","1":"product","2":"type-product","3":"status-publish","4":"has-post-thumbnail","6":"product_brand-milwaukee-fr","7":"product_cat-autres-appareils","8":"product_cat-machines","9":"product_cat-perceuses-et-tournevis","10":"product_tag-import-milwau-fr","11":"sws-gruppo-macchinari-fr","12":"sws-conto-ricavi-merci-rivendita-macchinari-fr","13":"sws-gruppo-iva-iva81-fr","15":"first","16":"onbackorder","17":"sale","18":"purchasable","19":"product-type-simple"},"_links":{"self":[{"href":"https:\/\/lucacastelli.com\/fr\/wp-json\/wp\/v2\/product\/462746","targetHints":{"allow":["GET"]}}],"collection":[{"href":"https:\/\/lucacastelli.com\/fr\/wp-json\/wp\/v2\/product"}],"about":[{"href":"https:\/\/lucacastelli.com\/fr\/wp-json\/wp\/v2\/types\/product"}],"wp:featuredmedia":[{"embeddable":true,"href":"https:\/\/lucacastelli.com\/fr\/wp-json\/wp\/v2\/media\/435166"}],"wp:attachment":[{"href":"https:\/\/lucacastelli.com\/fr\/wp-json\/wp\/v2\/media?parent=462746"}],"wp:term":[{"taxonomy":"product_brand","embeddable":true,"href":"https:\/\/lucacastelli.com\/fr\/wp-json\/wp\/v2\/product_brand?post=462746"},{"taxonomy":"product_cat","embeddable":true,"href":"https:\/\/lucacastelli.com\/fr\/wp-json\/wp\/v2\/product_cat?post=462746"},{"taxonomy":"product_tag","embeddable":true,"href":"https:\/\/lucacastelli.com\/fr\/wp-json\/wp\/v2\/product_tag?post=462746"}],"curies":[{"name":"wp","href":"https:\/\/api.w.org\/{rel}","templated":true}]}}