{"id":462745,"date":"2025-06-13T04:29:24","date_gmt":"2025-06-13T02:29:24","guid":{"rendered":"https:\/\/lucacastelli.com\/prodotto\/meuleuse-dangle-3\/"},"modified":"2025-06-29T07:45:43","modified_gmt":"2025-06-29T05:45:43","slug":"meuleuse-dangle-3","status":"publish","type":"product","link":"https:\/\/lucacastelli.com\/fr\/produit\/meuleuse-dangle-3\/","title":{"rendered":"MILWAUKEE Meuleuse d\u2019angle"},"content":{"rendered":"<p>Moteur 4 p\u00f4les avec un excellent rapport poids\/puissance&lt;Br&gt;  L\u2019\u00e9lectronique REDLINK\u2122 offre une protection contre les surcharges de l\u2019outil et de la batterie pour une dur\u00e9e de vie plus longue&lt;Br&gt;  Bo\u00eete de vitesses en m\u00e9tal pour une r\u00e9sistance maximale&lt;Br&gt;  Petite taille et ergonomie optimale&lt;Br&gt;  Interrupteur \u00e0 palette non verrouillable et protection contre le red\u00e9marrage accidentel&lt;Br&gt;  Auvent r\u00e9glable sans outils&lt;Br&gt;  Poign\u00e9e lat\u00e9rale&lt;Br&gt;  Surveillance de chaque cellule de la batterie pour optimiser l&#8217;autonomie de l&#8217;outil et garantir une plus longue dur\u00e9e de vie du bloc-batterie&lt;Br&gt;  Indicateur d&#8217;\u00e9tat de charge de la batterie&lt;Br&gt;  La batterie REDLITHIUM\u2122 offre une construction avanc\u00e9e du bloc-batterie et des performances constantes pour offrir une plus grande autonomie et maximiser la dur\u00e9e de vie de la batterie.&lt;Br&gt;  Compatible avec toutes les batteries MILWAUKEE\u00ae M18\u2122<\/p>\n<p>BARCODE : 4002395001415<\/p>\n<p>Caract\u00e9ristiques techniques<br \/>\n115<\/p>\n<p>2 x batterie M18 B4, chargeur M12-18 C, mallette, capuchon et poign\u00e9e lat\u00e9rale<\/p>\n","protected":false},"excerpt":{"rendered":"<p>Moteur 4 p\u00f4les avec un excellent rapport poids\/puissance&lt;Br&gt; L\u2019\u00e9lectronique REDLINK\u2122 offre une protection contre les surcharges de l\u2019outil et de<\/p>\n","protected":false},"featured_media":455127,"template":"","meta":{"_seopress_robots_primary_cat":"","_seopress_titles_title":"","_seopress_titles_desc":"","_seopress_robots_index":""},"product_brand":[3407],"product_cat":[29,514,555],"product_tag":[3270],"class_list":{"0":"post-462745","1":"product","2":"type-product","3":"status-publish","4":"has-post-thumbnail","6":"product_brand-milwaukee","7":"product_cat-macchinari","8":"product_cat-altri-dispositivi","9":"product_cat-smerigliatrici","10":"product_tag-import-milwau","11":"sws-gruppo-macchinari-fr","12":"sws-conto-ricavi-merci-rivendita-macchinari-fr","13":"sws-gruppo-iva-iva81-fr","15":"first","16":"onbackorder","17":"purchasable","18":"product-type-simple"},"_links":{"self":[{"href":"https:\/\/lucacastelli.com\/fr\/wp-json\/wp\/v2\/product\/462745","targetHints":{"allow":["GET"]}}],"collection":[{"href":"https:\/\/lucacastelli.com\/fr\/wp-json\/wp\/v2\/product"}],"about":[{"href":"https:\/\/lucacastelli.com\/fr\/wp-json\/wp\/v2\/types\/product"}],"wp:featuredmedia":[{"embeddable":true,"href":"https:\/\/lucacastelli.com\/fr\/wp-json\/wp\/v2\/media\/455127"}],"wp:attachment":[{"href":"https:\/\/lucacastelli.com\/fr\/wp-json\/wp\/v2\/media?parent=462745"}],"wp:term":[{"taxonomy":"product_brand","embeddable":true,"href":"https:\/\/lucacastelli.com\/fr\/wp-json\/wp\/v2\/product_brand?post=462745"},{"taxonomy":"product_cat","embeddable":true,"href":"https:\/\/lucacastelli.com\/fr\/wp-json\/wp\/v2\/product_cat?post=462745"},{"taxonomy":"product_tag","embeddable":true,"href":"https:\/\/lucacastelli.com\/fr\/wp-json\/wp\/v2\/product_tag?post=462745"}],"curies":[{"name":"wp","href":"https:\/\/api.w.org\/{rel}","templated":true}]}}