{"id":462739,"date":"2025-06-12T03:16:39","date_gmt":"2025-06-12T01:16:39","guid":{"rendered":"https:\/\/lucacastelli.com\/prodotto\/perceuse-avec-percussion-5\/"},"modified":"2026-04-16T02:31:59","modified_gmt":"2026-04-16T00:31:59","slug":"perceuse-avec-percussion-5","status":"publish","type":"product","link":"https:\/\/lucacastelli.com\/fr\/produit\/perceuse-avec-percussion-5\/","title":{"rendered":"MILWAUKEE Perceuse \u00e0 percussion"},"content":{"rendered":"<p>158 Nm de couple&lt;br&gt; Seulement 175 mm de long. Permet d&#8217;acc\u00e9der m\u00eame aux espaces les plus exigus&lt;br&gt; Connexion Bluetooth\u00ae avec l&#8217;application ONE-KEY\u2122&lt;br&gt; Enregistre jusqu&#8217;\u00e0 3 r\u00e9glages en m\u00e9moire&lt;br&gt; Le syst\u00e8me ONE-KEY\u2122 Tracking &amp; Security offre gratuitement un service de tra\u00e7abilit\u00e9 et de gestion d&#8217;inventaire bas\u00e9 sur le cloud, disposant \u00e9galement de fonctionnalit\u00e9s de verrouillage \u00e0 distance&lt;br&gt; R\u00e9glage de la g\u00e2chette gr\u00e2ce \u00e0 l&#8217;application ONE-KEY\u2122&lt;br&gt; Il est possible de modifier et d&#8217;enregistrer les r\u00e9glages pour des applications r\u00e9p\u00e9t\u00e9es&lt;br&gt; R\u00e9glage de la vitesse, contr\u00f4le AUTOSTOP\u2122, indication de la vitesse optimale par type de mat\u00e9riau et application, r\u00e9glage de l&#8217;intensit\u00e9 de la LED lumineuse&lt;br&gt; Crochet m\u00e9tallique pour ceinture&lt;br&gt; Fonctionne avec toutes les batteries M18\u2122 MILWAUKEE\u00ae<\/p>\n<p>CODE-BARRES : 4058546476724<\/p>\n<p>Donn\u00e9es techniques<br \/>\n158<\/p>\n<p>2 x M18 B5 batteries, chargeur M12-18 FC, mallette HeavyDuty, crochet pour ceinture, poign\u00e9e lat\u00e9rale<\/p>\n","protected":false},"excerpt":{"rendered":"<p>158 Nm de couple&lt;br&gt; Seulement 175 mm de long. Permet d&#8217;acc\u00e9der m\u00eame aux espaces les plus exigus&lt;br&gt; Connexion Bluetooth\u00ae avec<\/p>\n","protected":false},"featured_media":435092,"template":"","meta":{"_seopress_robots_primary_cat":"","_seopress_titles_title":"","_seopress_titles_desc":"","_seopress_robots_index":""},"product_brand":[3658],"product_cat":[1453,167,1552],"product_tag":[3273],"class_list":{"0":"post-462739","1":"product","2":"type-product","3":"status-publish","4":"has-post-thumbnail","6":"product_brand-milwaukee-fr","7":"product_cat-autres-appareils","8":"product_cat-machines","9":"product_cat-perceuses-et-tournevis","10":"product_tag-import-milwau-fr","11":"sws-gruppo-macchinari-fr","12":"sws-conto-ricavi-merci-rivendita-macchinari-fr","13":"sws-gruppo-iva-iva81-fr","15":"first","16":"onbackorder","17":"sale","18":"purchasable","19":"product-type-simple"},"_links":{"self":[{"href":"https:\/\/lucacastelli.com\/fr\/wp-json\/wp\/v2\/product\/462739","targetHints":{"allow":["GET"]}}],"collection":[{"href":"https:\/\/lucacastelli.com\/fr\/wp-json\/wp\/v2\/product"}],"about":[{"href":"https:\/\/lucacastelli.com\/fr\/wp-json\/wp\/v2\/types\/product"}],"wp:featuredmedia":[{"embeddable":true,"href":"https:\/\/lucacastelli.com\/fr\/wp-json\/wp\/v2\/media\/435092"}],"wp:attachment":[{"href":"https:\/\/lucacastelli.com\/fr\/wp-json\/wp\/v2\/media?parent=462739"}],"wp:term":[{"taxonomy":"product_brand","embeddable":true,"href":"https:\/\/lucacastelli.com\/fr\/wp-json\/wp\/v2\/product_brand?post=462739"},{"taxonomy":"product_cat","embeddable":true,"href":"https:\/\/lucacastelli.com\/fr\/wp-json\/wp\/v2\/product_cat?post=462739"},{"taxonomy":"product_tag","embeddable":true,"href":"https:\/\/lucacastelli.com\/fr\/wp-json\/wp\/v2\/product_tag?post=462739"}],"curies":[{"name":"wp","href":"https:\/\/api.w.org\/{rel}","templated":true}]}}