{"id":462738,"date":"2025-06-13T05:24:42","date_gmt":"2025-06-13T03:24:42","guid":{"rendered":"https:\/\/lucacastelli.com\/prodotto\/tronconneuse-radiale-2\/"},"modified":"2025-08-14T12:51:39","modified_gmt":"2025-08-14T10:51:39","slug":"tronconneuse-radiale-2","status":"publish","type":"product","link":"https:\/\/lucacastelli.com\/fr\/produit\/tronconneuse-radiale-2\/","title":{"rendered":"Tron\u00e7onneuses Milwaukee"},"content":{"rendered":"<p>  Le moteur sans balai POWERSTATE\u2122, construit par Milwaukee, offre une dur\u00e9e de vie 2 fois plus longue et jusqu&#8217;\u00e0 25 % de puissance en plus.&lt;br&gt;  Le syst\u00e8me intelligent REDLINK PLUS\u2122 offre une protection num\u00e9rique avanc\u00e9e contre les surcharges pour les outils et les batteries, et am\u00e9liore consid\u00e9rablement les performances de l&#8217;outil sous charge&lt;br&gt;  La batterie REDLITHIUM\u2122 offre une construction de bloc-batterie sup\u00e9rieure, des composants \u00e9lectroniques et des performances constantes pour offrir plus d&#8217;autonomie et plus de travail pendant toute la dur\u00e9e de vie de la batterie&lt;br&gt;  Lame de 254 mm pour des coupes larges et pr\u00e9cises&lt;br&gt;  Blocage rapide pour un r\u00e9glage facile de l&#8217;angle d&#8217;inclinaison \u00e0 gauche et \u00e0 droite, avec des but\u00e9es pr\u00e9r\u00e9gl\u00e9es.&lt;br&gt;  Bases de support en bois coulissantes et lat\u00e9rales \u00e9lev\u00e9es pour la stabilit\u00e9 et la pr\u00e9cision de la coupe.&lt;br&gt;  Possibilit\u00e9 de faire des coupes \u00e0 des profondeurs r\u00e9glables. Compatible avec toutes les tables de d\u00e9coupe Milwaukee (MSL 1000, MSL 2000, MSL 3000). &lt;br&gt;  Jusqu&#8217;\u00e0 307 coupes sur du bois tendre 38 mm x 89 mm avec une batterie de 9,0 Ah, ce qui \u00e9vite de la recharger au cours d&#8217;une journ\u00e9e de travail.&lt;br&gt;  Poign\u00e9e int\u00e9gr\u00e9e pour un transport facile&lt;br&gt;  Plaque d&#8217;acier avec indication d&#8217;angle et angles pr\u00e9d\u00e9finis.&lt;br&gt;  Lumi\u00e8re LED int\u00e9gr\u00e9e pour \u00e9clairer la ligne de coupe dans des conditions de faible luminosit\u00e9.&lt;br&gt;  Fonctionne avec toutes les batteries M18<\/p>\n<p>BARCODE : 4002395279418<\/p>\n<p>Donn\u00e9es techniques<br \/>\n289,3 x 91,2<\/p>\n<p>Fourni sans piles, fourni sans chargeur, fourni sans kitbox ou sac, lame, cl\u00e9, pince.<\/p>\n","protected":false},"excerpt":{"rendered":"<p>Le moteur sans balai POWERSTATE\u2122, construit par Milwaukee, offre une dur\u00e9e de vie 2 fois plus longue et jusqu&#8217;\u00e0 25<\/p>\n","protected":false},"featured_media":455626,"template":"","meta":{"_seopress_robots_primary_cat":"","_seopress_titles_title":"","_seopress_titles_desc":"","_seopress_robots_index":""},"product_brand":[3658],"product_cat":[1453,167],"product_tag":[3273],"class_list":{"0":"post-462738","1":"product","2":"type-product","3":"status-publish","4":"has-post-thumbnail","6":"product_brand-milwaukee-fr","7":"product_cat-autres-appareils","8":"product_cat-machines","9":"product_tag-import-milwau-fr","10":"sws-gruppo-macchinari-fr","11":"sws-conto-ricavi-merci-rivendita-macchinari-fr","12":"sws-gruppo-iva-iva81-fr","14":"first","15":"onbackorder","16":"sale","17":"purchasable","18":"product-type-simple"},"_links":{"self":[{"href":"https:\/\/lucacastelli.com\/fr\/wp-json\/wp\/v2\/product\/462738","targetHints":{"allow":["GET"]}}],"collection":[{"href":"https:\/\/lucacastelli.com\/fr\/wp-json\/wp\/v2\/product"}],"about":[{"href":"https:\/\/lucacastelli.com\/fr\/wp-json\/wp\/v2\/types\/product"}],"wp:featuredmedia":[{"embeddable":true,"href":"https:\/\/lucacastelli.com\/fr\/wp-json\/wp\/v2\/media\/455626"}],"wp:attachment":[{"href":"https:\/\/lucacastelli.com\/fr\/wp-json\/wp\/v2\/media?parent=462738"}],"wp:term":[{"taxonomy":"product_brand","embeddable":true,"href":"https:\/\/lucacastelli.com\/fr\/wp-json\/wp\/v2\/product_brand?post=462738"},{"taxonomy":"product_cat","embeddable":true,"href":"https:\/\/lucacastelli.com\/fr\/wp-json\/wp\/v2\/product_cat?post=462738"},{"taxonomy":"product_tag","embeddable":true,"href":"https:\/\/lucacastelli.com\/fr\/wp-json\/wp\/v2\/product_tag?post=462738"}],"curies":[{"name":"wp","href":"https:\/\/api.w.org\/{rel}","templated":true}]}}