{"id":462735,"date":"2025-06-13T05:16:29","date_gmt":"2025-06-13T03:16:29","guid":{"rendered":"https:\/\/lucacastelli.com\/prodotto\/foret-magnetique\/"},"modified":"2025-06-29T07:43:31","modified_gmt":"2025-06-29T05:43:31","slug":"foret-magnetique","status":"publish","type":"product","link":"https:\/\/lucacastelli.com\/fr\/produit\/foret-magnetique\/","title":{"rendered":"MILWAUKEE Perceuse magn\u00e9tique"},"content":{"rendered":"<p>Moteur sans balais POWERSTATE\u2122 con\u00e7u par\u00ae MILWAUKEE qui offre des performances d\u2019outil filaire avec une forte adh\u00e9rence magn\u00e9tique d\u00e9j\u00e0 sur 6,35 mm d\u2019acier et une capacit\u00e9 de 40 trous de 18 mm sur une seule charge&lt;Br&gt;  Le syst\u00e8me intelligent REDLINK PLUS\u2122 offre une protection num\u00e9rique avanc\u00e9e contre les surcharges pour les outils et les batteries, et am\u00e9liore consid\u00e9rablement les performances de l\u2019outil sous charge&lt;Br&gt;  La batterie REDLITHIUM\u2122 offre une construction de batterie sup\u00e9rieure, une \u00e9lectronique et des performances constantes pour offrir plus d\u2019autonomie et plus de travail pendant la dur\u00e9e de vie de la batterie&lt;Br&gt;  Capteur interne AUTOSTOP\u2122 : d\u00e9tecte le d\u00e9salignement de la base magn\u00e9tique par rapport \u00e0 la position d\u2019origine et arr\u00eate automatiquement le fonctionnement de la perceuse&lt;Br&gt;  Aimant permanent avec une adh\u00e9rence magn\u00e9tique maximale de 8 890 N sur 25,4 mm d\u2019acier. Longueur de course 146 mm, Machine 265&#215;390 mm, Base 218&#215;63 mm &lt;Br&gt;  2 vitesses : 400 et 690 tr\/min, pour une utilisation avec des fraises ou des perceuses&lt;Br&gt;  Capacit\u00e9 de per\u00e7age maximale avec des fraises de 38 mm, avec des forets h\u00e9lico\u00efdaux \u00e0 queue cylindrique de 13 mm&lt;Br&gt;  Attelage Weldon de 19 mm, avec blocage rapide (sans cl\u00e9)&lt;Br&gt;  R\u00e9servoir avec huile de lubrification \u00e9quip\u00e9 d\u2019un aimant, extr\u00eamement pratique \u00e0 placer sur le mat\u00e9riau sur lequel vous travaillez, en particulier lors du per\u00e7age en position verticale&lt;Br&gt;  Longueur de course 146 mm&lt;Br&gt;  Possibilit\u00e9 de positionner la poign\u00e9e \u00e0 droite ou \u00e0 gauche&lt;Br&gt;  \u00c9clairage LED int\u00e9gr\u00e9&lt;Br&gt;  Fonctionne avec toutes les batteries M18\u2122<\/p>\n<p>BARCODE : 4002395136650<\/p>\n<p>Caract\u00e9ristiques techniques<br \/>\n50<\/p>\n<p>2 x batterie M18 B5, chargeur M12-18 FC, mallette de transport, chargeur de batterie, 2 x batteries Redlithium 5,0 Ah, r\u00e9servoir de lubrification, mandrin de 13 mm avec adaptateur et cl\u00e9, embout de centrage, sangle de s\u00e9curit\u00e9 et mallette de transport.<\/p>\n","protected":false},"excerpt":{"rendered":"<p>Moteur sans balais POWERSTATE\u2122 con\u00e7u par\u00ae MILWAUKEE qui offre des performances d\u2019outil filaire avec une forte adh\u00e9rence magn\u00e9tique d\u00e9j\u00e0 sur<\/p>\n","protected":false},"featured_media":441362,"template":"","meta":{"_seopress_robots_primary_cat":"","_seopress_titles_title":"","_seopress_titles_desc":"","_seopress_robots_index":""},"product_brand":[3407],"product_cat":[29,514],"product_tag":[3270],"class_list":{"0":"post-462735","1":"product","2":"type-product","3":"status-publish","4":"has-post-thumbnail","6":"product_brand-milwaukee","7":"product_cat-macchinari","8":"product_cat-altri-dispositivi","9":"product_tag-import-milwau","10":"sws-gruppo-macchinari-fr","11":"sws-conto-ricavi-merci-rivendita-macchinari-fr","12":"sws-gruppo-iva-iva81-fr","14":"first","15":"onbackorder","16":"sale","17":"purchasable","18":"product-type-simple"},"_links":{"self":[{"href":"https:\/\/lucacastelli.com\/fr\/wp-json\/wp\/v2\/product\/462735","targetHints":{"allow":["GET"]}}],"collection":[{"href":"https:\/\/lucacastelli.com\/fr\/wp-json\/wp\/v2\/product"}],"about":[{"href":"https:\/\/lucacastelli.com\/fr\/wp-json\/wp\/v2\/types\/product"}],"wp:featuredmedia":[{"embeddable":true,"href":"https:\/\/lucacastelli.com\/fr\/wp-json\/wp\/v2\/media\/441362"}],"wp:attachment":[{"href":"https:\/\/lucacastelli.com\/fr\/wp-json\/wp\/v2\/media?parent=462735"}],"wp:term":[{"taxonomy":"product_brand","embeddable":true,"href":"https:\/\/lucacastelli.com\/fr\/wp-json\/wp\/v2\/product_brand?post=462735"},{"taxonomy":"product_cat","embeddable":true,"href":"https:\/\/lucacastelli.com\/fr\/wp-json\/wp\/v2\/product_cat?post=462735"},{"taxonomy":"product_tag","embeddable":true,"href":"https:\/\/lucacastelli.com\/fr\/wp-json\/wp\/v2\/product_tag?post=462735"}],"curies":[{"name":"wp","href":"https:\/\/api.w.org\/{rel}","templated":true}]}}