{"id":462731,"date":"2025-06-13T05:12:56","date_gmt":"2025-06-13T03:12:56","guid":{"rendered":"https:\/\/lucacastelli.com\/prodotto\/meuleuse-droite-2\/"},"modified":"2025-06-29T07:43:54","modified_gmt":"2025-06-29T05:43:54","slug":"meuleuse-droite-2","status":"publish","type":"product","link":"https:\/\/lucacastelli.com\/fr\/produit\/meuleuse-droite-2\/","title":{"rendered":"MILWAUKEE Moulin droit"},"content":{"rendered":"<p>Performances comparables \u00e0 celles d&#8217;une meuleuse \u00e0 fil de 1200 W&lt;Br&gt;  Gr\u00e2ce \u00e0 la goupille verrouill\u00e9e, je n\u2019ai pas besoin d\u2019utiliser deux cl\u00e9s&lt;Br&gt;  La fonction RAPIDSTOP\u2122 verrouille tous les accessoires en moins de 2 secondes.&lt;Br&gt;  L&#8217;angle r\u00e9duit de la batterie offre un excellent \u00e9quilibre pour l&#8217;ergonomie et l&#8217;utilisation \u00e0 long terme.&lt;Br&gt;  Des accessoires de 6 et 8 mm peuvent \u00eatre utilis\u00e9s&lt;Br&gt;  Poign\u00e9e fine pour un meilleur confort&lt;Br&gt;  La protection contre la poussi\u00e8re et les d\u00e9bris augmente la dur\u00e9e de vie de l&#8217;outil. Peut \u00eatre enlev\u00e9 &lt;Br&gt;  L&#8217;avant en caoutchouc am\u00e9liore la maniabilit\u00e9 et le confort&lt;Br&gt;  Verrouillage de s\u00e9curit\u00e9 pour \u00e9viter un d\u00e9marrage accidentel&lt;Br&gt;  La technologie FUEL\u2122 red\u00e9finit les outils \u00e9lectriques sans fil. Le moteur sans balais, l\u2019\u00e9lectronique REDLINK PLUS\u2122 et la batterie REDLITHIUM\u2122 offrent des performances et une durabilit\u00e9 sup\u00e9rieures&lt;br&gt; Fonctionne avec toutes les batteries MILWAUKEE\u00ae M18\u2122 <\/p>\n<p>BARCODE : 4058546412388<\/p>\n<p>Donn\u00e9es techniques<br \/>\n2.0 (M18 B5)<\/p>\n<p>Fourni sans piles, fourni sans chargeur, mallette HeavyDuty, collier de 6mm, collier de 8mm, cl\u00e9 \u00e0 molette, pare-poussi\u00e8re<\/p>\n","protected":false},"excerpt":{"rendered":"<p>Performances comparables \u00e0 celles d&#8217;une meuleuse \u00e0 fil de 1200 W&lt;Br&gt; Gr\u00e2ce \u00e0 la goupille verrouill\u00e9e, je n\u2019ai pas besoin<\/p>\n","protected":false},"featured_media":455529,"template":"","meta":{"_seopress_robots_primary_cat":"","_seopress_titles_title":"","_seopress_titles_desc":"","_seopress_robots_index":""},"product_brand":[3407],"product_cat":[29,514,555],"product_tag":[3270],"class_list":{"0":"post-462731","1":"product","2":"type-product","3":"status-publish","4":"has-post-thumbnail","6":"product_brand-milwaukee","7":"product_cat-macchinari","8":"product_cat-altri-dispositivi","9":"product_cat-smerigliatrici","10":"product_tag-import-milwau","11":"sws-gruppo-macchinari-fr","12":"sws-conto-ricavi-merci-rivendita-macchinari-fr","13":"sws-gruppo-iva-iva81-fr","15":"first","16":"onbackorder","17":"purchasable","18":"product-type-simple"},"_links":{"self":[{"href":"https:\/\/lucacastelli.com\/fr\/wp-json\/wp\/v2\/product\/462731","targetHints":{"allow":["GET"]}}],"collection":[{"href":"https:\/\/lucacastelli.com\/fr\/wp-json\/wp\/v2\/product"}],"about":[{"href":"https:\/\/lucacastelli.com\/fr\/wp-json\/wp\/v2\/types\/product"}],"wp:featuredmedia":[{"embeddable":true,"href":"https:\/\/lucacastelli.com\/fr\/wp-json\/wp\/v2\/media\/455529"}],"wp:attachment":[{"href":"https:\/\/lucacastelli.com\/fr\/wp-json\/wp\/v2\/media?parent=462731"}],"wp:term":[{"taxonomy":"product_brand","embeddable":true,"href":"https:\/\/lucacastelli.com\/fr\/wp-json\/wp\/v2\/product_brand?post=462731"},{"taxonomy":"product_cat","embeddable":true,"href":"https:\/\/lucacastelli.com\/fr\/wp-json\/wp\/v2\/product_cat?post=462731"},{"taxonomy":"product_tag","embeddable":true,"href":"https:\/\/lucacastelli.com\/fr\/wp-json\/wp\/v2\/product_tag?post=462731"}],"curies":[{"name":"wp","href":"https:\/\/api.w.org\/{rel}","templated":true}]}}