{"id":462724,"date":"2025-06-12T03:20:22","date_gmt":"2025-06-12T01:20:22","guid":{"rendered":"https:\/\/lucacastelli.com\/prodotto\/perceuse-avec-percussion-4\/"},"modified":"2025-06-29T07:52:39","modified_gmt":"2025-06-29T05:52:39","slug":"perceuse-avec-percussion-4","status":"publish","type":"product","link":"https:\/\/lucacastelli.com\/fr\/produit\/perceuse-avec-percussion-4\/","title":{"rendered":"MILWAUKEE Perceuse \u00e0 percussion"},"content":{"rendered":"<p>165 mm de long pour un acc\u00e8s facile m\u00eame dans les espaces restreints&lt;Br&gt;  Broche m\u00e9tallique robuste de 13 mm pour un changement d&#8217;embout rapide et une meilleure r\u00e9tention de l&#8217;embout.&lt;Br&gt;  L&#8217;\u00e9lectronique REDLINK\u2122 prot\u00e8ge l&#8217;outil et la batterie contre les surcharges, garantissant une dur\u00e9e de vie plus longue.&lt;Br&gt;  La batterie REDLITHIUM\u2122 offre une construction de batterie sup\u00e9rieure, une \u00e9lectronique et des performances constantes pour offrir plus d\u2019autonomie et plus de travail pendant la dur\u00e9e de vie de la batterie&lt;Br&gt;  Couple de 60 Nm &#8211; performance maximale, compacit\u00e9 maximale&lt;Br&gt;  Crochet de ceinture en m\u00e9tal&lt;Br&gt;  Lumi\u00e8re LED pour \u00e9clairer la zone de travail&lt;Br&gt;  Fonctionne avec toutes les batteries Milwaukee M18\u2122  <\/p>\n<p>BARCODE : 4058546222659<\/p>\n<p>Caract\u00e9ristiques techniques<br \/>\n16<\/p>\n<p>2 x batterie M18 B2, chargeur M12-18 C, mallette de transport<\/p>\n","protected":false},"excerpt":{"rendered":"<p>165 mm de long pour un acc\u00e8s facile m\u00eame dans les espaces restreints&lt;Br&gt; Broche m\u00e9tallique robuste de 13 mm pour<\/p>\n","protected":false},"featured_media":435343,"template":"","meta":{"_seopress_robots_primary_cat":"","_seopress_titles_title":"","_seopress_titles_desc":"","_seopress_robots_index":""},"product_brand":[3658],"product_cat":[1453,167,1552],"product_tag":[3273],"class_list":{"0":"post-462724","1":"product","2":"type-product","3":"status-publish","4":"has-post-thumbnail","6":"product_brand-milwaukee-fr","7":"product_cat-autres-appareils","8":"product_cat-machines","9":"product_cat-perceuses-et-tournevis","10":"product_tag-import-milwau-fr","11":"sws-gruppo-macchinari-fr","12":"sws-conto-ricavi-merci-rivendita-macchinari-fr","13":"sws-gruppo-iva-iva81-fr","15":"first","16":"onbackorder","17":"sale","18":"purchasable","19":"product-type-simple"},"_links":{"self":[{"href":"https:\/\/lucacastelli.com\/fr\/wp-json\/wp\/v2\/product\/462724","targetHints":{"allow":["GET"]}}],"collection":[{"href":"https:\/\/lucacastelli.com\/fr\/wp-json\/wp\/v2\/product"}],"about":[{"href":"https:\/\/lucacastelli.com\/fr\/wp-json\/wp\/v2\/types\/product"}],"wp:featuredmedia":[{"embeddable":true,"href":"https:\/\/lucacastelli.com\/fr\/wp-json\/wp\/v2\/media\/435343"}],"wp:attachment":[{"href":"https:\/\/lucacastelli.com\/fr\/wp-json\/wp\/v2\/media?parent=462724"}],"wp:term":[{"taxonomy":"product_brand","embeddable":true,"href":"https:\/\/lucacastelli.com\/fr\/wp-json\/wp\/v2\/product_brand?post=462724"},{"taxonomy":"product_cat","embeddable":true,"href":"https:\/\/lucacastelli.com\/fr\/wp-json\/wp\/v2\/product_cat?post=462724"},{"taxonomy":"product_tag","embeddable":true,"href":"https:\/\/lucacastelli.com\/fr\/wp-json\/wp\/v2\/product_tag?post=462724"}],"curies":[{"name":"wp","href":"https:\/\/api.w.org\/{rel}","templated":true}]}}