{"id":462715,"date":"2025-06-14T01:49:02","date_gmt":"2025-06-13T23:49:02","guid":{"rendered":"https:\/\/lucacastelli.com\/prodotto\/scie-droite-9\/"},"modified":"2025-06-29T07:41:46","modified_gmt":"2025-06-29T05:41:46","slug":"scie-droite-9","status":"publish","type":"product","link":"https:\/\/lucacastelli.com\/fr\/produit\/scie-droite-9\/","title":{"rendered":"MILWAUKEE Scie Droite"},"content":{"rendered":"<p>Moteur POWERSTATE\u2122 sans balais pour une dur\u00e9e de vie 5 fois plus longue et des coupes jusqu&#8217;\u00e0 30 % plus rapides.&lt;Br&gt;  Embrayage de protection brevet\u00e9 &#8211; augmente la dur\u00e9e de vie de l&#8217;engrenage en absorbant tout blocage soudain de la lame.&lt;Br&gt;  La pince \u00e0 lame FIXTEC\u2122 permet un changement de lame rapide et facile.&lt;Br&gt;  Protection de la connexion de la batterie en m\u00e9tal pour une durabilit\u00e9 et une dur\u00e9e de vie accrues&lt;Br&gt;  Lumi\u00e8re LED pour \u00e9clairer la zone de travail&lt;Br&gt;  Patin pivotant pour une utilisation optimale lors de la coupe&lt;Br&gt;  Indicateur d\u2019\u00e9tat de charge de la batterie&lt;Br&gt;  Crochet durable pour ranger ou suspendre l&#8217;outil en cas de probl\u00e8mes d&#8217;espace ou de s\u00e9curit\u00e9&lt;Br&gt;  La technologie FUEL\u2122 red\u00e9finit les outils \u00e9lectriques sans fil. Le moteur sans balais, l\u2019\u00e9lectronique REDLINK PLUS\u2122 et la batterie REDLITHIUM\u2122 offrent des performances et une durabilit\u00e9 sup\u00e9rieures&lt;br&gt; Fonctionne avec toutes les batteries MILWAUKEE\u00ae M18\u2122 <\/p>\n<p>BARCODE : 4058546344689<\/p>\n<p>Caract\u00e9ristiques techniques<br \/>\n300<\/p>\n<p>2 x batterie M18 B5, chargeur M12-18 FC, mallette HeavyDuty<\/p>\n","protected":false},"excerpt":{"rendered":"<p>Moteur POWERSTATE\u2122 sans balais pour une dur\u00e9e de vie 5 fois plus longue et des coupes jusqu&#8217;\u00e0 30 % plus<\/p>\n","protected":false},"featured_media":456264,"template":"","meta":{"_seopress_robots_primary_cat":"","_seopress_titles_title":"","_seopress_titles_desc":"","_seopress_robots_index":""},"product_brand":[3407],"product_cat":[29,514,558],"product_tag":[3270],"class_list":{"0":"post-462715","1":"product","2":"type-product","3":"status-publish","4":"has-post-thumbnail","6":"product_brand-milwaukee","7":"product_cat-macchinari","8":"product_cat-altri-dispositivi","9":"product_cat-seghe-accessori-vari","10":"product_tag-import-milwau","11":"sws-gruppo-macchinari-fr","12":"sws-conto-ricavi-merci-rivendita-macchinari-fr","13":"sws-gruppo-iva-iva81-fr","15":"first","16":"onbackorder","17":"sale","18":"purchasable","19":"product-type-simple"},"_links":{"self":[{"href":"https:\/\/lucacastelli.com\/fr\/wp-json\/wp\/v2\/product\/462715","targetHints":{"allow":["GET"]}}],"collection":[{"href":"https:\/\/lucacastelli.com\/fr\/wp-json\/wp\/v2\/product"}],"about":[{"href":"https:\/\/lucacastelli.com\/fr\/wp-json\/wp\/v2\/types\/product"}],"wp:featuredmedia":[{"embeddable":true,"href":"https:\/\/lucacastelli.com\/fr\/wp-json\/wp\/v2\/media\/456264"}],"wp:attachment":[{"href":"https:\/\/lucacastelli.com\/fr\/wp-json\/wp\/v2\/media?parent=462715"}],"wp:term":[{"taxonomy":"product_brand","embeddable":true,"href":"https:\/\/lucacastelli.com\/fr\/wp-json\/wp\/v2\/product_brand?post=462715"},{"taxonomy":"product_cat","embeddable":true,"href":"https:\/\/lucacastelli.com\/fr\/wp-json\/wp\/v2\/product_cat?post=462715"},{"taxonomy":"product_tag","embeddable":true,"href":"https:\/\/lucacastelli.com\/fr\/wp-json\/wp\/v2\/product_tag?post=462715"}],"curies":[{"name":"wp","href":"https:\/\/api.w.org\/{rel}","templated":true}]}}