{"id":462711,"date":"2025-06-14T01:51:44","date_gmt":"2025-06-13T23:51:44","guid":{"rendered":"https:\/\/lucacastelli.com\/prodotto\/scie-droite-8\/"},"modified":"2025-06-29T07:41:43","modified_gmt":"2025-06-29T05:41:43","slug":"scie-droite-8","status":"publish","type":"product","link":"https:\/\/lucacastelli.com\/fr\/produit\/scie-droite-8\/","title":{"rendered":"MILWAUKEE Scie Droite"},"content":{"rendered":"<p>La super scie droite M18 FUEL\u2122 offre la puissance n\u00e9cessaire pour couper \u00e0 la m\u00eame vitesse qu&#8217;une scie droite filaire \u00e9quivalente, avec une autonomie de 150 coupes de 290 mm x 45 mm sur une charge de batterie de 12,0 Ah&lt;Br&gt;  Syst\u00e8me HIGH OUTPUT\u2122, augmente les performances et l\u2019autonomie de la technologie M18 FUEL\u2122&lt;Br&gt;  L&#8217;action orbitale permet \u00e0 la scie d&#8217;\u00e9liminer les d\u00e9bris et d&#8217;acc\u00e9l\u00e9rer la coupe dans le bois.&lt;Br&gt;  3000 SPM avec une course de 32 mm pour une coupe rapide et sans effort dans une large gamme de mat\u00e9riaux&lt;Br&gt;  5 modes de coupe de 1500 SPM \u00e0 3000 SPM pour permettre d&#8217;utiliser la vitesse appropri\u00e9e en fonction du mat\u00e9riau \u00e0 couper&lt;Br&gt;  FIXTEC\u2122 serrage de lame pour un changement de lame rapide et facile sans cl\u00e9.&lt;Br&gt;  Crochet durable pour le rangement des outils&lt;Br&gt;  Base r\u00e9glable pour une utilisation optimis\u00e9e  &lt;Br&gt;  Lumi\u00e8re LED int\u00e9gr\u00e9e pour \u00e9clairer la zone de travail&lt;Br&gt;  Fonctionne avec toutes les batteries MILWAUKEE\u00ae M18\u2122<\/p>\n<p>BARCODE : 4058546226695<\/p>\n<p>Caract\u00e9ristiques techniques<br \/>\n300<\/p>\n<p>Livr\u00e9 sans piles, livr\u00e9 sans chargeur, mallette de transport<\/p>\n","protected":false},"excerpt":{"rendered":"<p>La super scie droite M18 FUEL\u2122 offre la puissance n\u00e9cessaire pour couper \u00e0 la m\u00eame vitesse qu&#8217;une scie droite filaire<\/p>\n","protected":false},"featured_media":456326,"template":"","meta":{"_seopress_robots_primary_cat":"","_seopress_titles_title":"","_seopress_titles_desc":"","_seopress_robots_index":""},"product_brand":[3407],"product_cat":[29,514,558],"product_tag":[3270],"class_list":{"0":"post-462711","1":"product","2":"type-product","3":"status-publish","4":"has-post-thumbnail","6":"product_brand-milwaukee","7":"product_cat-macchinari","8":"product_cat-altri-dispositivi","9":"product_cat-seghe-accessori-vari","10":"product_tag-import-milwau","11":"sws-gruppo-macchinari-fr","12":"sws-conto-ricavi-merci-rivendita-macchinari-fr","13":"sws-gruppo-iva-iva81-fr","15":"first","16":"onbackorder","17":"sale","18":"purchasable","19":"product-type-simple"},"_links":{"self":[{"href":"https:\/\/lucacastelli.com\/fr\/wp-json\/wp\/v2\/product\/462711","targetHints":{"allow":["GET"]}}],"collection":[{"href":"https:\/\/lucacastelli.com\/fr\/wp-json\/wp\/v2\/product"}],"about":[{"href":"https:\/\/lucacastelli.com\/fr\/wp-json\/wp\/v2\/types\/product"}],"wp:featuredmedia":[{"embeddable":true,"href":"https:\/\/lucacastelli.com\/fr\/wp-json\/wp\/v2\/media\/456326"}],"wp:attachment":[{"href":"https:\/\/lucacastelli.com\/fr\/wp-json\/wp\/v2\/media?parent=462711"}],"wp:term":[{"taxonomy":"product_brand","embeddable":true,"href":"https:\/\/lucacastelli.com\/fr\/wp-json\/wp\/v2\/product_brand?post=462711"},{"taxonomy":"product_cat","embeddable":true,"href":"https:\/\/lucacastelli.com\/fr\/wp-json\/wp\/v2\/product_cat?post=462711"},{"taxonomy":"product_tag","embeddable":true,"href":"https:\/\/lucacastelli.com\/fr\/wp-json\/wp\/v2\/product_tag?post=462711"}],"curies":[{"name":"wp","href":"https:\/\/api.w.org\/{rel}","templated":true}]}}