{"id":462704,"date":"2025-06-14T01:38:17","date_gmt":"2025-06-13T23:38:17","guid":{"rendered":"https:\/\/lucacastelli.com\/prodotto\/scie-droite-6\/"},"modified":"2026-04-16T02:13:33","modified_gmt":"2026-04-16T00:13:33","slug":"scie-droite-6","status":"publish","type":"product","link":"https:\/\/lucacastelli.com\/fr\/produit\/scie-droite-6\/","title":{"rendered":"MILWAUKEE Scie sabre"},"content":{"rendered":"<p>Scie sabre M18 FUEL\u2122 SAWZALL\u2122 \u00e9quip\u00e9e de la technologie ONE-KEY\u2122&lt;br&gt;  Connexion via Bluetooth\u00a9 avec l&#8217;application ONE-KEY\u2122&lt;br&gt;  Personnalisation compl\u00e8te de l&#8217;outil via l&#8217;application ONE-KEY\u2122, pour configurer l&#8217;outil selon vos besoins&lt;br&gt;  Le syst\u00e8me ONE-KEY\u2122 Tracking &amp; Security offre gratuitement un service de tra\u00e7age et de gestion d&#8217;inventaire bas\u00e9 sur le cloud, disposant \u00e9galement de fonctionnalit\u00e9s de verrouillage \u00e0 distance&lt;br&gt;  Le d\u00e9marrage progressif r\u00e9glable garantit des coupes pr\u00e9cises et rapides sur tous les mat\u00e9riaux, minimisant les vibrations de la lame pendant la coupe&lt;br&gt;  L&#8217;optimisation de la coupe permet une dur\u00e9e de vie plus longue de la lame et une coupe plus ais\u00e9e sur diff\u00e9rents mat\u00e9riaux&lt;br&gt;  Possibilit\u00e9 d&#8217;activer le frein de coupe : l&#8217;outil se bloque automatiquement d\u00e8s la fin de la coupe en cours, \u00e9vitant d&#8217;endommager accidentellement les mat\u00e9riaux adjacents&lt;br&gt;  Enregistrez jusqu&#8217;\u00e0 3 personnalisations de la vitesse de coupe et des configurations les plus utilis\u00e9es sur l&#8217;outil&lt;br&gt;  Fonctionne avec toutes les batteries M18\u2122 MILWAUKEE\u00ae<\/p>\n<p>CODE-BARRES : 4058546344719<\/p>\n<p>Donn\u00e9es techniques<br \/>\n300<\/p>\n<p>2 x M18 B5 batteries, M12-18 FC chargeur, mallette HeavyDuty<\/p>\n","protected":false},"excerpt":{"rendered":"<p>Scie sabre M18 FUEL\u2122 SAWZALL\u2122 \u00e9quip\u00e9e de la technologie ONE-KEY\u2122&lt;br&gt; Connexion via Bluetooth\u00a9 avec l&#8217;application ONE-KEY\u2122&lt;br&gt; Personnalisation compl\u00e8te de l&#8217;outil<\/p>\n","protected":false},"featured_media":456222,"template":"","meta":{"_seopress_robots_primary_cat":"","_seopress_titles_title":"","_seopress_titles_desc":"","_seopress_robots_index":""},"product_brand":[3407],"product_cat":[29,514,558],"product_tag":[3270],"class_list":{"0":"post-462704","1":"product","2":"type-product","3":"status-publish","4":"has-post-thumbnail","6":"product_brand-milwaukee","7":"product_cat-macchinari","8":"product_cat-altri-dispositivi","9":"product_cat-seghe-accessori-vari","10":"product_tag-import-milwau","11":"sws-gruppo-macchinari-fr","12":"sws-conto-ricavi-merci-rivendita-macchinari-fr","13":"sws-gruppo-iva-iva81-fr","15":"first","16":"onbackorder","17":"sale","18":"purchasable","19":"product-type-simple"},"_links":{"self":[{"href":"https:\/\/lucacastelli.com\/fr\/wp-json\/wp\/v2\/product\/462704","targetHints":{"allow":["GET"]}}],"collection":[{"href":"https:\/\/lucacastelli.com\/fr\/wp-json\/wp\/v2\/product"}],"about":[{"href":"https:\/\/lucacastelli.com\/fr\/wp-json\/wp\/v2\/types\/product"}],"wp:featuredmedia":[{"embeddable":true,"href":"https:\/\/lucacastelli.com\/fr\/wp-json\/wp\/v2\/media\/456222"}],"wp:attachment":[{"href":"https:\/\/lucacastelli.com\/fr\/wp-json\/wp\/v2\/media?parent=462704"}],"wp:term":[{"taxonomy":"product_brand","embeddable":true,"href":"https:\/\/lucacastelli.com\/fr\/wp-json\/wp\/v2\/product_brand?post=462704"},{"taxonomy":"product_cat","embeddable":true,"href":"https:\/\/lucacastelli.com\/fr\/wp-json\/wp\/v2\/product_cat?post=462704"},{"taxonomy":"product_tag","embeddable":true,"href":"https:\/\/lucacastelli.com\/fr\/wp-json\/wp\/v2\/product_tag?post=462704"}],"curies":[{"name":"wp","href":"https:\/\/api.w.org\/{rel}","templated":true}]}}