{"id":462700,"date":"2025-06-14T01:28:01","date_gmt":"2025-06-13T23:28:01","guid":{"rendered":"https:\/\/lucacastelli.com\/prodotto\/scie-circulaire-3\/"},"modified":"2025-06-29T07:42:26","modified_gmt":"2025-06-29T05:42:26","slug":"scie-circulaire-3","status":"publish","type":"product","link":"https:\/\/lucacastelli.com\/fr\/produit\/scie-circulaire-3\/","title":{"rendered":"Scie circulaire MILWAUKEE"},"content":{"rendered":"<p>Scie circulaire M18\u2122 sans balais avec lame de 190 mm, gr\u00e2ce \u00e0 sa profondeur de coupe de 66 mm, 3 x 19 mm OSB peuvent \u00eatre coup\u00e9s simultan\u00e9ment.&lt;Br&gt;  L&#8217;\u00e9lectronique REDLINK\u2122 prot\u00e8ge l&#8217;outil et la batterie contre les surcharges, garantissant une dur\u00e9e de vie plus longue.&lt;Br&gt;  La batterie REDLITHIUM\u2122 offre une construction de batterie sup\u00e9rieure, une \u00e9lectronique et des performances constantes pour offrir plus d\u2019autonomie et plus de travail pendant la dur\u00e9e de vie de la batterie&lt;Br&gt;  Crochet robuste pour ranger l\u2019outil&lt;Br&gt;  Avec adaptateur pour la fixation de tous les aspirateurs Milwaukee\u00ae.&lt;Br&gt;  Base en aluminium press\u00e9 pour une r\u00e9sistance maximale&lt;Br&gt;  Lumi\u00e8re LED int\u00e9gr\u00e9e pour \u00e9clairer la zone de travail&lt;Br&gt;  Inclinaison maximale de 50\u00b0 avec une capacit\u00e9 de coupe de 46 mm&lt;Br&gt;  Fonctionne avec toutes les batteries Milwaukee M18\u2122  <\/p>\n<p>BARCODE : 4058546225353<\/p>\n<p>Caract\u00e9ristiques techniques<br \/>\n190<\/p>\n<p>2 x batterie M18 B5, chargeur M12-18 FC, mallette HeavyDuty<\/p>\n","protected":false},"excerpt":{"rendered":"<p>Scie circulaire M18\u2122 sans balais avec lame de 190 mm, gr\u00e2ce \u00e0 sa profondeur de coupe de 66 mm, 3<\/p>\n","protected":false},"featured_media":456146,"template":"","meta":{"_seopress_robots_primary_cat":"","_seopress_titles_title":"","_seopress_titles_desc":"","_seopress_robots_index":""},"product_brand":[3658],"product_cat":[167,1453,1534],"product_tag":[3273],"class_list":{"0":"post-462700","1":"product","2":"type-product","3":"status-publish","4":"has-post-thumbnail","6":"product_brand-milwaukee-fr","7":"product_cat-machines","8":"product_cat-autres-appareils","9":"product_cat-scies","10":"product_tag-import-milwau-fr","11":"sws-gruppo-macchinari-fr","12":"sws-conto-ricavi-merci-rivendita-macchinari-fr","13":"sws-gruppo-iva-iva81-fr","15":"first","16":"onbackorder","17":"sale","18":"purchasable","19":"product-type-simple"},"_links":{"self":[{"href":"https:\/\/lucacastelli.com\/fr\/wp-json\/wp\/v2\/product\/462700","targetHints":{"allow":["GET"]}}],"collection":[{"href":"https:\/\/lucacastelli.com\/fr\/wp-json\/wp\/v2\/product"}],"about":[{"href":"https:\/\/lucacastelli.com\/fr\/wp-json\/wp\/v2\/types\/product"}],"wp:featuredmedia":[{"embeddable":true,"href":"https:\/\/lucacastelli.com\/fr\/wp-json\/wp\/v2\/media\/456146"}],"wp:attachment":[{"href":"https:\/\/lucacastelli.com\/fr\/wp-json\/wp\/v2\/media?parent=462700"}],"wp:term":[{"taxonomy":"product_brand","embeddable":true,"href":"https:\/\/lucacastelli.com\/fr\/wp-json\/wp\/v2\/product_brand?post=462700"},{"taxonomy":"product_cat","embeddable":true,"href":"https:\/\/lucacastelli.com\/fr\/wp-json\/wp\/v2\/product_cat?post=462700"},{"taxonomy":"product_tag","embeddable":true,"href":"https:\/\/lucacastelli.com\/fr\/wp-json\/wp\/v2\/product_tag?post=462700"}],"curies":[{"name":"wp","href":"https:\/\/api.w.org\/{rel}","templated":true}]}}